{"id":13610,"date":"2023-02-13T07:35:11","date_gmt":"2023-02-13T05:35:11","guid":{"rendered":"https:\/\/campomatic.net\/politica-de-garantia\/"},"modified":"2023-03-30T11:07:38","modified_gmt":"2023-03-30T08:07:38","slug":"politica-de-garantia","status":"publish","type":"page","link":"https:\/\/campomatic.com\/es\/politica-de-garantia\/","title":{"rendered":"Pol\u00edtica de garant\u00eda"},"content":{"rendered":"\t\t<div data-elementor-type=\"wp-page\" data-elementor-id=\"13610\" class=\"elementor elementor-13610 elementor-9349\">\n\t\t\t\t\t\t<section class=\"elementor-section elementor-top-section elementor-element elementor-element-3c548bca elementor-reverse-tablet elementor-reverse-mobile elementor-section-boxed elementor-section-height-default elementor-section-height-default wd-section-disabled\" data-id=\"3c548bca\" data-element_type=\"section\" data-e-type=\"section\">\n\t\t\t\t\t\t<div class=\"elementor-container elementor-column-gap-default\">\n\t\t\t\t\t<div class=\"elementor-column elementor-col-100 elementor-top-column elementor-element elementor-element-7a9daa7\" data-id=\"7a9daa7\" data-element_type=\"column\" data-e-type=\"column\">\n\t\t\t<div class=\"elementor-widget-wrap elementor-element-populated\">\n\t\t\t\t\t\t<div class=\"elementor-element elementor-element-18566191 elementor-widget elementor-widget-wd_title\" data-id=\"18566191\" data-element_type=\"widget\" data-e-type=\"widget\" data-widget_type=\"wd_title.default\">\n\t\t\t\t<div class=\"elementor-widget-container\">\n\t\t\t\t\t\t\t<div class=\"title-wrapper set-mb-s reset-last-child wd-title-color-primary wd-title-style-default wd-title-size-large text-left\">\n\n\t\t\t\t\t\t\t<div class=\"title-subtitle subtitle-color-primary subtitle-style-default wd-fontsize-xs\">\n\t\t\t\t\tPol\u00edtica de garant\u00eda\t\t\t\t<\/div>\n\t\t\t\n\t\t\t<div class=\"liner-continer\">\n\t\t\t\t<h4 class=\"woodmart-title-container title wd-fontsize-xxl\"><\/h4> \n\t\t\t\t\t\t\t<\/div>\n\n\t\t\t\t\t\t\t<div class=\"title-after_title set-cont-mb-s reset-last-child wd-fontsize-s\">\n\t\t\t\t\t<p>Campomatic le agradece la compra de uno de sus productos. Para su beneficio, le recomendamos que rellene esta tarjeta y la guarde con sus registros personales como prueba de compra. Esta informaci\u00f3n ser\u00e1 necesaria siempre que sea necesaria una reparaci\u00f3n.<\/p><p>Un a\u00f1o de garant\u00eda* en todos los aparatos a partir de la fecha de compra<\/p>\t\t\t\t<\/div>\n\t\t\t\t\t<\/div>\n\t\t\t\t\t\t<\/div>\n\t\t\t\t<\/div>\n\t\t\t\t\t<\/div>\n\t\t<\/div>\n\t\t\t\t\t<\/div>\n\t\t<\/section>\n\t\t\t\t<section class=\"elementor-section elementor-top-section elementor-element elementor-element-b67f4c6 elementor-reverse-tablet elementor-reverse-mobile elementor-section-boxed elementor-section-height-default elementor-section-height-default wd-section-disabled\" data-id=\"b67f4c6\" data-element_type=\"section\" data-e-type=\"section\">\n\t\t\t\t\t\t<div class=\"elementor-container elementor-column-gap-default\">\n\t\t\t\t\t<div class=\"elementor-column elementor-col-100 elementor-top-column elementor-element elementor-element-dc5e5fa\" data-id=\"dc5e5fa\" data-element_type=\"column\" data-e-type=\"column\">\n\t\t\t<div class=\"elementor-widget-wrap elementor-element-populated\">\n\t\t\t\t\t\t<div class=\"elementor-element elementor-element-22310c9 elementor-widget elementor-widget-wd_title\" data-id=\"22310c9\" data-element_type=\"widget\" data-e-type=\"widget\" data-widget_type=\"wd_title.default\">\n\t\t\t\t<div class=\"elementor-widget-container\">\n\t\t\t\t\t\t\t<div class=\"title-wrapper set-mb-s reset-last-child wd-title-color-primary wd-title-style-default wd-title-size-large text-left\">\n\n\t\t\t\t\t\t\t<div class=\"title-subtitle subtitle-color-primary subtitle-style-default wd-fontsize-xs\">\n\t\t\t\t\tT\u00e9rminos y condiciones<br \/>\n\t\t\t\t<\/div>\n\t\t\t\n\t\t\t<div class=\"liner-continer\">\n\t\t\t\t<h4 class=\"woodmart-title-container title wd-fontsize-xxl\"><\/h4> \n\t\t\t\t\t\t\t<\/div>\n\n\t\t\t\t\t\t\t<div class=\"title-after_title set-cont-mb-s reset-last-child wd-fontsize-s\">\n\t\t\t\t\tEsta garant\u00eda s\u00f3lo se har\u00e1 efectiva si est\u00e1 debidamente cumplimentada y se presenta junto con la factura o recibo original.Esta garant\u00eda no cubre ning\u00fan tipo de uso indebido, da\u00f1o o sobrecarga.Esta garant\u00eda no es v\u00e1lida si el da\u00f1o es causado por: accidentes, negligencia, rayos o fluctuaciones el\u00e9ctricas (la tensi\u00f3n-V\/ciclo-Hz debe ser conforme a la placa de caracter\u00edsticas) o cualquier otra causa fuera del control del distribuidor.Cualquier reparaci\u00f3n realizada por talleres no autorizados anular\u00e1 autom\u00e1ticamente la garant\u00eda y no ser\u00e1 reembolsada.Esta garant\u00eda no cubre los gastos de transporte para cualquier servicio de campo*; \u00e9stos deben ser abonados por el cliente. *Aplicable 3 meses desde la fecha de compra.La responsabilidad m\u00e1xima de Campomatic no superar\u00e1 el precio real fijado por Campomatic en relaci\u00f3n con el producto. En ning\u00fan caso Campomatic ser\u00e1 responsable de da\u00f1os especiales, incidentales, consecuentes o indirectos.\t\t\t\t<\/div>\n\t\t\t\t\t<\/div>\n\t\t\t\t\t\t<\/div>\n\t\t\t\t<\/div>\n\t\t\t\t\t<\/div>\n\t\t<\/div>\n\t\t\t\t\t<\/div>\n\t\t<\/section>\n\t\t\t\t<section class=\"elementor-section elementor-top-section elementor-element elementor-element-07022b8 elementor-section-boxed elementor-section-height-default elementor-section-height-default wd-section-disabled\" data-id=\"07022b8\" data-element_type=\"section\" data-e-type=\"section\">\n\t\t\t\t\t\t<div class=\"elementor-container elementor-column-gap-default\">\n\t\t\t\t\t<div class=\"elementor-column elementor-col-100 elementor-top-column elementor-element elementor-element-4b25bd5\" data-id=\"4b25bd5\" data-element_type=\"column\" data-e-type=\"column\">\n\t\t\t<div class=\"elementor-widget-wrap elementor-element-populated\">\n\t\t\t\t\t\t<div class=\"elementor-element elementor-element-c241e09 elementor-widget elementor-widget-wd_text_block\" data-id=\"c241e09\" data-element_type=\"widget\" data-e-type=\"widget\" data-widget_type=\"wd_text_block.default\">\n\t\t\t\t<div class=\"elementor-widget-container\">\n\t\t\t\t\t\t\t<div class=\"wd-text-block reset-last-child text-left color-title\">\n\t\t\t\n\t\t\t<table class=\"warranty-table\" border=\"0\" width=\"100%\" cellspacing=\"0\" cellpadding=\"0\" align=\"left\"><tbody><tr><th width=\"170\">Producto<\/th><th width=\"110\">Per\u00edodo de garant\u00eda<\/th><th>No cubierto por la garant\u00eda<\/th><\/tr><tr><td>Plasma \/ LCD TV\/LED<\/td><td>1 a\u00f1o<\/td><td>RC\/Bater\u00edas\/Efecto quemado\/P\u00edxeles muertos (hasta 7\/color)<\/td><\/tr><tr><td>Cocinas\/hornos empotrados\/campana extractora<\/td><td>1 a\u00f1o<\/td><td>L\u00e1mpara\/Cristal de la puerta\/Tapa de cristal\/Filtros\/Quemador\/Bisagras\/Fundici\u00f3n\/Pomos descoloridos<\/td><\/tr><tr><td>Lavadora\/secadora\/lavavajillas<\/td><td>1 a\u00f1o<\/td><td>Junta\/Mando\/Puerta de cristal\/Bisagra<\/td><\/tr><tr><td>Frigor\u00edfico\/congelador<\/td><td>1 a\u00f1o<\/td><td>L\u00e1mpara\/manilla\/estantes de cristal<\/td><\/tr><tr><td>Aire acondicionado<\/td><td>1 a\u00f1o<\/td><td>RC\/Instalaci\u00f3n incorrecta<\/td><\/tr><tr><td>Peque\u00f1os Electrodom\u00e9sticos<\/td><td>1 a\u00f1o<\/td><td>Engranajes (picadora de carne\/procesador de alimentos)\/manijas<\/td><\/tr><tr><td>Aspiradora<\/td><td>1 a\u00f1o<\/td><td>Cepillo\/Ruedas\/Filtro\/Manguera\/Bolsa<\/td><\/tr><tr><td>Dispensador de agua<\/td><td>1 a\u00f1o<\/td><td>Grifo\/Elemento calefactor debido a agua calc\u00e1rea\/Encendido cuando los dep\u00f3sitos est\u00e1n vac\u00edos<\/td><\/tr><\/tbody><\/table>\n\t\t\t\t\t<\/div>\n\t\t\t\t\t\t<\/div>\n\t\t\t\t<\/div>\n\t\t\t\t\t<\/div>\n\t\t<\/div>\n\t\t\t\t\t<\/div>\n\t\t<\/section>\n\t\t\t\t<\/div>\n\t\t","protected":false},"excerpt":{"rendered":"<p>Pol\u00edtica de garant\u00eda Campomatic le agradece la compra de uno de sus productos. Para su beneficio, le recomendamos que rellene<\/p>\n","protected":false},"author":1,"featured_media":0,"parent":0,"menu_order":0,"comment_status":"closed","ping_status":"closed","template":"","meta":{"_acf_changed":false,"footnotes":""},"class_list":["post-13610","page","type-page","status-publish","hentry"],"acf":[],"yoast_head":"<!-- This site is optimized with the Yoast SEO plugin v27.1.1 - https:\/\/yoast.com\/product\/yoast-seo-wordpress\/ -->\n<title>Pol\u00edtica de garant\u00eda - Campomatic<\/title>\n<meta name=\"description\" content=\"CAMPOMATIC was born in 1970 in Campo Sampiero (Padova) Italy as a washing machine &amp; gas cooker brand and has since then expanded to become a global company.CAMPOMATIC aims to be one of the market leaders for digital electronics, home appliances and energy products, with passion for innovation, quality, elegance, environmental responsibility, comfort, simplicity and safety.\" \/>\n<meta name=\"robots\" content=\"index, follow, max-snippet:-1, max-image-preview:large, max-video-preview:-1\" \/>\n<link rel=\"canonical\" href=\"https:\/\/campomatic.com\/es\/politica-de-garantia\/\" \/>\n<meta property=\"og:locale\" content=\"es_ES\" \/>\n<meta property=\"og:type\" content=\"article\" \/>\n<meta property=\"og:title\" content=\"Pol\u00edtica de garant\u00eda - Campomatic\" \/>\n<meta property=\"og:description\" content=\"CAMPOMATIC was born in 1970 in Campo Sampiero (Padova) Italy as a washing machine &amp; gas cooker brand and has since then expanded to become a global company.CAMPOMATIC aims to be one of the market leaders for digital electronics, home appliances and energy products, with passion for innovation, quality, elegance, environmental responsibility, comfort, simplicity and safety.\" \/>\n<meta property=\"og:url\" content=\"https:\/\/campomatic.com\/es\/politica-de-garantia\/\" \/>\n<meta property=\"og:site_name\" content=\"Campomatic\" \/>\n<meta property=\"article:publisher\" content=\"https:\/\/www.facebook.com\/Campomatic\/\" \/>\n<meta property=\"article:modified_time\" content=\"2023-03-30T08:07:38+00:00\" \/>\n<meta name=\"twitter:card\" content=\"summary_large_image\" \/>\n<meta name=\"twitter:site\" content=\"@campomatic\" \/>\n<meta name=\"twitter:label1\" content=\"Tiempo de lectura\" \/>\n\t<meta name=\"twitter:data1\" content=\"2 minutos\" \/>\n<script type=\"application\/ld+json\" class=\"yoast-schema-graph\">{\"@context\":\"https:\/\/schema.org\",\"@graph\":[{\"@type\":\"WebPage\",\"@id\":\"https:\/\/campomatic.com\/es\/politica-de-garantia\/\",\"url\":\"https:\/\/campomatic.com\/es\/politica-de-garantia\/\",\"name\":\"Pol\u00edtica de garant\u00eda - Campomatic\",\"isPartOf\":{\"@id\":\"https:\/\/campomatic.com\/#website\"},\"datePublished\":\"2023-02-13T05:35:11+00:00\",\"dateModified\":\"2023-03-30T08:07:38+00:00\",\"description\":\"CAMPOMATIC was born in 1970 in Campo Sampiero (Padova) Italy as a washing machine & gas cooker brand and has since then expanded to become a global company.CAMPOMATIC aims to be one of the market leaders for digital electronics, home appliances and energy products, with passion for innovation, quality, elegance, environmental responsibility, comfort, simplicity and safety.\",\"breadcrumb\":{\"@id\":\"https:\/\/campomatic.com\/es\/politica-de-garantia\/#breadcrumb\"},\"inLanguage\":\"es\",\"potentialAction\":[{\"@type\":\"ReadAction\",\"target\":[\"https:\/\/campomatic.com\/es\/politica-de-garantia\/\"]}]},{\"@type\":\"BreadcrumbList\",\"@id\":\"https:\/\/campomatic.com\/es\/politica-de-garantia\/#breadcrumb\",\"itemListElement\":[{\"@type\":\"ListItem\",\"position\":1,\"name\":\"Home\",\"item\":\"https:\/\/campomatic.com\/es\/\"},{\"@type\":\"ListItem\",\"position\":2,\"name\":\"Pol\u00edtica de garant\u00eda\"}]},{\"@type\":\"WebSite\",\"@id\":\"https:\/\/campomatic.com\/#website\",\"url\":\"https:\/\/campomatic.com\/\",\"name\":\"Campomatic\",\"description\":\"One of the market leaders for digital electronics, home appliances and Built-in Appliances products\",\"publisher\":{\"@id\":\"https:\/\/campomatic.com\/#organization\"},\"potentialAction\":[{\"@type\":\"SearchAction\",\"target\":{\"@type\":\"EntryPoint\",\"urlTemplate\":\"https:\/\/campomatic.com\/?s={search_term_string}\"},\"query-input\":{\"@type\":\"PropertyValueSpecification\",\"valueRequired\":true,\"valueName\":\"search_term_string\"}}],\"inLanguage\":\"es\"},{\"@type\":\"Organization\",\"@id\":\"https:\/\/campomatic.com\/#organization\",\"name\":\"Campomatic\",\"url\":\"https:\/\/campomatic.com\/\",\"logo\":{\"@type\":\"ImageObject\",\"inLanguage\":\"es\",\"@id\":\"https:\/\/campomatic.com\/#\/schema\/logo\/image\/\",\"url\":\"https:\/\/campomatic.com\/wp-content\/uploads\/2023\/01\/campomatic-logo.gif\",\"contentUrl\":\"https:\/\/campomatic.com\/wp-content\/uploads\/2023\/01\/campomatic-logo.gif\",\"width\":306,\"height\":26,\"caption\":\"Campomatic\"},\"image\":{\"@id\":\"https:\/\/campomatic.com\/#\/schema\/logo\/image\/\"},\"sameAs\":[\"https:\/\/www.facebook.com\/Campomatic\/\",\"https:\/\/x.com\/campomatic\"]}]}<\/script>\n<!-- \/ Yoast SEO plugin. -->","yoast_head_json":{"title":"Pol\u00edtica de garant\u00eda - Campomatic","description":"CAMPOMATIC was born in 1970 in Campo Sampiero (Padova) Italy as a washing machine & gas cooker brand and has since then expanded to become a global company.CAMPOMATIC aims to be one of the market leaders for digital electronics, home appliances and energy products, with passion for innovation, quality, elegance, environmental responsibility, comfort, simplicity and safety.","robots":{"index":"index","follow":"follow","max-snippet":"max-snippet:-1","max-image-preview":"max-image-preview:large","max-video-preview":"max-video-preview:-1"},"canonical":"https:\/\/campomatic.com\/es\/politica-de-garantia\/","og_locale":"es_ES","og_type":"article","og_title":"Pol\u00edtica de garant\u00eda - Campomatic","og_description":"CAMPOMATIC was born in 1970 in Campo Sampiero (Padova) Italy as a washing machine & gas cooker brand and has since then expanded to become a global company.CAMPOMATIC aims to be one of the market leaders for digital electronics, home appliances and energy products, with passion for innovation, quality, elegance, environmental responsibility, comfort, simplicity and safety.","og_url":"https:\/\/campomatic.com\/es\/politica-de-garantia\/","og_site_name":"Campomatic","article_publisher":"https:\/\/www.facebook.com\/Campomatic\/","article_modified_time":"2023-03-30T08:07:38+00:00","twitter_card":"summary_large_image","twitter_site":"@campomatic","twitter_misc":{"Tiempo de lectura":"2 minutos"},"schema":{"@context":"https:\/\/schema.org","@graph":[{"@type":"WebPage","@id":"https:\/\/campomatic.com\/es\/politica-de-garantia\/","url":"https:\/\/campomatic.com\/es\/politica-de-garantia\/","name":"Pol\u00edtica de garant\u00eda - Campomatic","isPartOf":{"@id":"https:\/\/campomatic.com\/#website"},"datePublished":"2023-02-13T05:35:11+00:00","dateModified":"2023-03-30T08:07:38+00:00","description":"CAMPOMATIC was born in 1970 in Campo Sampiero (Padova) Italy as a washing machine & gas cooker brand and has since then expanded to become a global company.CAMPOMATIC aims to be one of the market leaders for digital electronics, home appliances and energy products, with passion for innovation, quality, elegance, environmental responsibility, comfort, simplicity and safety.","breadcrumb":{"@id":"https:\/\/campomatic.com\/es\/politica-de-garantia\/#breadcrumb"},"inLanguage":"es","potentialAction":[{"@type":"ReadAction","target":["https:\/\/campomatic.com\/es\/politica-de-garantia\/"]}]},{"@type":"BreadcrumbList","@id":"https:\/\/campomatic.com\/es\/politica-de-garantia\/#breadcrumb","itemListElement":[{"@type":"ListItem","position":1,"name":"Home","item":"https:\/\/campomatic.com\/es\/"},{"@type":"ListItem","position":2,"name":"Pol\u00edtica de garant\u00eda"}]},{"@type":"WebSite","@id":"https:\/\/campomatic.com\/#website","url":"https:\/\/campomatic.com\/","name":"Campomatic","description":"One of the market leaders for digital electronics, home appliances and Built-in Appliances products","publisher":{"@id":"https:\/\/campomatic.com\/#organization"},"potentialAction":[{"@type":"SearchAction","target":{"@type":"EntryPoint","urlTemplate":"https:\/\/campomatic.com\/?s={search_term_string}"},"query-input":{"@type":"PropertyValueSpecification","valueRequired":true,"valueName":"search_term_string"}}],"inLanguage":"es"},{"@type":"Organization","@id":"https:\/\/campomatic.com\/#organization","name":"Campomatic","url":"https:\/\/campomatic.com\/","logo":{"@type":"ImageObject","inLanguage":"es","@id":"https:\/\/campomatic.com\/#\/schema\/logo\/image\/","url":"https:\/\/campomatic.com\/wp-content\/uploads\/2023\/01\/campomatic-logo.gif","contentUrl":"https:\/\/campomatic.com\/wp-content\/uploads\/2023\/01\/campomatic-logo.gif","width":306,"height":26,"caption":"Campomatic"},"image":{"@id":"https:\/\/campomatic.com\/#\/schema\/logo\/image\/"},"sameAs":["https:\/\/www.facebook.com\/Campomatic\/","https:\/\/x.com\/campomatic"]}]}},"_links":{"self":[{"href":"https:\/\/campomatic.com\/es\/wp-json\/wp\/v2\/pages\/13610","targetHints":{"allow":["GET"]}}],"collection":[{"href":"https:\/\/campomatic.com\/es\/wp-json\/wp\/v2\/pages"}],"about":[{"href":"https:\/\/campomatic.com\/es\/wp-json\/wp\/v2\/types\/page"}],"author":[{"embeddable":true,"href":"https:\/\/campomatic.com\/es\/wp-json\/wp\/v2\/users\/1"}],"replies":[{"embeddable":true,"href":"https:\/\/campomatic.com\/es\/wp-json\/wp\/v2\/comments?post=13610"}],"version-history":[{"count":0,"href":"https:\/\/campomatic.com\/es\/wp-json\/wp\/v2\/pages\/13610\/revisions"}],"wp:attachment":[{"href":"https:\/\/campomatic.com\/es\/wp-json\/wp\/v2\/media?parent=13610"}],"curies":[{"name":"wp","href":"https:\/\/api.w.org\/{rel}","templated":true}]}}