{"id":16320,"date":"2023-05-28T10:54:52","date_gmt":"2023-05-28T07:54:52","guid":{"rendered":"https:\/\/campomatic.com\/product\/tb45vx\/"},"modified":"2023-11-20T12:50:26","modified_gmt":"2023-11-20T10:50:26","slug":"tb45vx","status":"publish","type":"product","link":"https:\/\/campomatic.com\/es\/producto\/tb45vx\/","title":{"rendered":"TB45VX"},"content":{"rendered":"\t\t<div data-elementor-type=\"wp-post\" data-elementor-id=\"16320\" class=\"elementor elementor-16320 elementor-14526\">\n\t\t\t\t\t\t<section class=\"elementor-section elementor-top-section elementor-element elementor-element-56541163 elementor-section-boxed elementor-section-height-default elementor-section-height-default wd-section-disabled\" data-id=\"56541163\" data-element_type=\"section\" data-e-type=\"section\">\n\t\t\t\t\t\t<div class=\"elementor-container elementor-column-gap-default\">\n\t\t\t\t\t<div class=\"elementor-column elementor-col-100 elementor-top-column elementor-element elementor-element-51afd485\" data-id=\"51afd485\" data-element_type=\"column\" data-e-type=\"column\">\n\t\t\t<div class=\"elementor-widget-wrap elementor-element-populated\">\n\t\t\t\t\t\t<div class=\"elementor-element elementor-element-67746bab elementor-widget elementor-widget-image\" data-id=\"67746bab\" data-element_type=\"widget\" data-e-type=\"widget\" data-widget_type=\"image.default\">\n\t\t\t\t<div class=\"elementor-widget-container\">\n\t\t\t\t\t\t\t\t\t\t\t\t\t\t\t<img fetchpriority=\"high\" decoding=\"async\" width=\"1200\" height=\"672\" src=\"https:\/\/campomatic.com\/wp-content\/uploads\/2023\/02\/Convection-Turbo-Fan.jpg\" class=\"attachment-large size-large wp-image-13410\" alt=\"\" srcset=\"https:\/\/campomatic.com\/wp-content\/uploads\/2023\/02\/Convection-Turbo-Fan.jpg 1200w, https:\/\/campomatic.com\/wp-content\/uploads\/2023\/02\/Convection-Turbo-Fan-900x504.jpg 900w, https:\/\/campomatic.com\/wp-content\/uploads\/2023\/02\/Convection-Turbo-Fan-150x84.jpg 150w, https:\/\/campomatic.com\/wp-content\/uploads\/2023\/02\/Convection-Turbo-Fan-680x381.jpg 680w, https:\/\/campomatic.com\/wp-content\/uploads\/2023\/02\/Convection-Turbo-Fan-64x36.jpg 64w, https:\/\/campomatic.com\/wp-content\/uploads\/2023\/02\/Convection-Turbo-Fan-400x224.jpg 400w, https:\/\/campomatic.com\/wp-content\/uploads\/2023\/02\/Convection-Turbo-Fan-768x430.jpg 768w\" sizes=\"(max-width: 1200px) 100vw, 1200px\" \/>\t\t\t\t\t\t\t\t\t\t\t\t\t\t\t<\/div>\n\t\t\t\t<\/div>\n\t\t\t\t<div class=\"elementor-element elementor-element-446f56da elementor-widget elementor-widget-wd_title\" data-id=\"446f56da\" data-element_type=\"widget\" data-e-type=\"widget\" data-widget_type=\"wd_title.default\">\n\t\t\t\t<div class=\"elementor-widget-container\">\n\t\t\t\t\t\t\t<div class=\"title-wrapper set-mb-s reset-last-child wd-title-color-default wd-title-style-default wd-title-size-default text-center\">\n\n\t\t\t\n\t\t\t<div class=\"liner-continer\">\n\t\t\t\t<h2 class=\"woodmart-title-container title wd-fontsize-l\">Ventilador turbo de convecci\u00f3n<br \/>\n<\/h2> \n\t\t\t\t\t\t\t<\/div>\n\n\t\t\t\t\t\t\t<div class=\"title-after_title set-cont-mb-s reset-last-child wd-fontsize-xs\">\n\t\t\t\t\t<p>La cocci\u00f3n uniforme y la distribuci\u00f3n del calor de un horno de convecci\u00f3n proporcionan el entorno ideal para preparar una gran variedad de platos, incluida la pizza casera. Con el horneado por convecci\u00f3n, el aire caliente se env\u00eda a cada zona de la pizza para conseguir una cocci\u00f3n uniforme en todo el pastel.<\/p><p>En la mayor\u00eda de los hornos convencionales, el calor suele distribuirse por la resistencia o gas inferior, dejando la corteza sin calor dirigido. Con el horneado por convecci\u00f3n, puede conseguir una corteza m\u00e1s crujiente gracias al aire caliente que circula dentro de la cavidad del horno. Experimente con las m\u00faltiples posibilidades de cocci\u00f3n del horneado por convecci\u00f3n para otras recetas caseras como postres horneados o panes de masa madre dorados y esponjosos.<\/p>\t\t\t\t<\/div>\n\t\t\t\t\t<\/div>\n\t\t\t\t\t\t<\/div>\n\t\t\t\t<\/div>\n\t\t\t\t\t<\/div>\n\t\t<\/div>\n\t\t\t\t\t<\/div>\n\t\t<\/section>\n\t\t\t\t<\/div>\n\t\t","protected":false},"excerpt":{"rendered":"<p>Ventilador turbo de convecci\u00f3n La cocci\u00f3n uniforme y la distribuci\u00f3n del calor de un horno de convecci\u00f3n proporcionan el entorno<\/p>\n","protected":false},"featured_media":17389,"template":"","meta":{"_acf_changed":false},"product_brand":[],"product_cat":[1073,1086],"product_tag":[],"class_list":{"0":"post-16320","1":"product","2":"type-product","3":"status-publish","4":"has-post-thumbnail","6":"product_cat-cottura-cibi-es","7":"product_cat-hornos-electricos","9":"first","10":"instock","11":"taxable","12":"shipping-taxable","13":"product-type-simple"},"acf":[],"yoast_head":"<!-- This site is optimized with the Yoast SEO plugin v27.1.1 - https:\/\/yoast.com\/product\/yoast-seo-wordpress\/ -->\n<title>TB45VX - Campomatic<\/title>\n<meta name=\"robots\" content=\"index, follow, max-snippet:-1, max-image-preview:large, max-video-preview:-1\" \/>\n<link rel=\"canonical\" href=\"https:\/\/campomatic.com\/es\/producto\/tb45vx\/\" \/>\n<meta property=\"og:locale\" content=\"es_ES\" \/>\n<meta property=\"og:type\" content=\"article\" \/>\n<meta property=\"og:title\" content=\"TB45VX - Campomatic\" \/>\n<meta property=\"og:description\" content=\"Ventilador turbo de convecci\u00f3n La cocci\u00f3n uniforme y la distribuci\u00f3n del calor de un horno de convecci\u00f3n proporcionan el entorno\" \/>\n<meta property=\"og:url\" content=\"https:\/\/campomatic.com\/es\/producto\/tb45vx\/\" \/>\n<meta property=\"og:site_name\" content=\"Campomatic\" \/>\n<meta property=\"article:publisher\" content=\"https:\/\/www.facebook.com\/Campomatic\/\" \/>\n<meta property=\"article:modified_time\" content=\"2023-11-20T10:50:26+00:00\" \/>\n<meta property=\"og:image\" content=\"https:\/\/campomatic.com\/wp-content\/uploads\/2023\/05\/TB-Series.jpg\" \/>\n\t<meta property=\"og:image:width\" content=\"680\" \/>\n\t<meta property=\"og:image:height\" content=\"900\" \/>\n\t<meta property=\"og:image:type\" content=\"image\/jpeg\" \/>\n<meta name=\"twitter:card\" content=\"summary_large_image\" \/>\n<meta name=\"twitter:site\" content=\"@campomatic\" \/>\n<meta name=\"twitter:label1\" content=\"Tiempo de lectura\" \/>\n\t<meta name=\"twitter:data1\" content=\"1 minuto\" \/>\n<script type=\"application\/ld+json\" class=\"yoast-schema-graph\">{\"@context\":\"https:\/\/schema.org\",\"@graph\":[{\"@type\":\"WebPage\",\"@id\":\"https:\/\/campomatic.com\/es\/producto\/tb45vx\/\",\"url\":\"https:\/\/campomatic.com\/es\/producto\/tb45vx\/\",\"name\":\"TB45VX - Campomatic\",\"isPartOf\":{\"@id\":\"https:\/\/campomatic.com\/#website\"},\"primaryImageOfPage\":{\"@id\":\"https:\/\/campomatic.com\/es\/producto\/tb45vx\/#primaryimage\"},\"image\":{\"@id\":\"https:\/\/campomatic.com\/es\/producto\/tb45vx\/#primaryimage\"},\"thumbnailUrl\":\"https:\/\/campomatic.com\/wp-content\/uploads\/2023\/05\/TB-Series.jpg\",\"datePublished\":\"2023-05-28T07:54:52+00:00\",\"dateModified\":\"2023-11-20T10:50:26+00:00\",\"breadcrumb\":{\"@id\":\"https:\/\/campomatic.com\/es\/producto\/tb45vx\/#breadcrumb\"},\"inLanguage\":\"es\",\"potentialAction\":[{\"@type\":\"ReadAction\",\"target\":[\"https:\/\/campomatic.com\/es\/producto\/tb45vx\/\"]}]},{\"@type\":\"ImageObject\",\"inLanguage\":\"es\",\"@id\":\"https:\/\/campomatic.com\/es\/producto\/tb45vx\/#primaryimage\",\"url\":\"https:\/\/campomatic.com\/wp-content\/uploads\/2023\/05\/TB-Series.jpg\",\"contentUrl\":\"https:\/\/campomatic.com\/wp-content\/uploads\/2023\/05\/TB-Series.jpg\",\"width\":680,\"height\":900},{\"@type\":\"BreadcrumbList\",\"@id\":\"https:\/\/campomatic.com\/es\/producto\/tb45vx\/#breadcrumb\",\"itemListElement\":[{\"@type\":\"ListItem\",\"position\":1,\"name\":\"Home\",\"item\":\"https:\/\/campomatic.com\/es\/\"},{\"@type\":\"ListItem\",\"position\":2,\"name\":\"All Products\",\"item\":\"https:\/\/campomatic.com\/shop\/\"},{\"@type\":\"ListItem\",\"position\":3,\"name\":\"TB45VX\"}]},{\"@type\":\"WebSite\",\"@id\":\"https:\/\/campomatic.com\/#website\",\"url\":\"https:\/\/campomatic.com\/\",\"name\":\"Campomatic\",\"description\":\"One of the market leaders for digital electronics, home appliances and Built-in Appliances products\",\"publisher\":{\"@id\":\"https:\/\/campomatic.com\/#organization\"},\"potentialAction\":[{\"@type\":\"SearchAction\",\"target\":{\"@type\":\"EntryPoint\",\"urlTemplate\":\"https:\/\/campomatic.com\/?s={search_term_string}\"},\"query-input\":{\"@type\":\"PropertyValueSpecification\",\"valueRequired\":true,\"valueName\":\"search_term_string\"}}],\"inLanguage\":\"es\"},{\"@type\":\"Organization\",\"@id\":\"https:\/\/campomatic.com\/#organization\",\"name\":\"Campomatic\",\"url\":\"https:\/\/campomatic.com\/\",\"logo\":{\"@type\":\"ImageObject\",\"inLanguage\":\"es\",\"@id\":\"https:\/\/campomatic.com\/#\/schema\/logo\/image\/\",\"url\":\"https:\/\/campomatic.com\/wp-content\/uploads\/2023\/01\/campomatic-logo.gif\",\"contentUrl\":\"https:\/\/campomatic.com\/wp-content\/uploads\/2023\/01\/campomatic-logo.gif\",\"width\":306,\"height\":26,\"caption\":\"Campomatic\"},\"image\":{\"@id\":\"https:\/\/campomatic.com\/#\/schema\/logo\/image\/\"},\"sameAs\":[\"https:\/\/www.facebook.com\/Campomatic\/\",\"https:\/\/x.com\/campomatic\"]}]}<\/script>\n<!-- \/ Yoast SEO plugin. -->","yoast_head_json":{"title":"TB45VX - Campomatic","robots":{"index":"index","follow":"follow","max-snippet":"max-snippet:-1","max-image-preview":"max-image-preview:large","max-video-preview":"max-video-preview:-1"},"canonical":"https:\/\/campomatic.com\/es\/producto\/tb45vx\/","og_locale":"es_ES","og_type":"article","og_title":"TB45VX - Campomatic","og_description":"Ventilador turbo de convecci\u00f3n La cocci\u00f3n uniforme y la distribuci\u00f3n del calor de un horno de convecci\u00f3n proporcionan el entorno","og_url":"https:\/\/campomatic.com\/es\/producto\/tb45vx\/","og_site_name":"Campomatic","article_publisher":"https:\/\/www.facebook.com\/Campomatic\/","article_modified_time":"2023-11-20T10:50:26+00:00","og_image":[{"width":680,"height":900,"url":"https:\/\/campomatic.com\/wp-content\/uploads\/2023\/05\/TB-Series.jpg","type":"image\/jpeg"}],"twitter_card":"summary_large_image","twitter_site":"@campomatic","twitter_misc":{"Tiempo de lectura":"1 minuto"},"schema":{"@context":"https:\/\/schema.org","@graph":[{"@type":"WebPage","@id":"https:\/\/campomatic.com\/es\/producto\/tb45vx\/","url":"https:\/\/campomatic.com\/es\/producto\/tb45vx\/","name":"TB45VX - Campomatic","isPartOf":{"@id":"https:\/\/campomatic.com\/#website"},"primaryImageOfPage":{"@id":"https:\/\/campomatic.com\/es\/producto\/tb45vx\/#primaryimage"},"image":{"@id":"https:\/\/campomatic.com\/es\/producto\/tb45vx\/#primaryimage"},"thumbnailUrl":"https:\/\/campomatic.com\/wp-content\/uploads\/2023\/05\/TB-Series.jpg","datePublished":"2023-05-28T07:54:52+00:00","dateModified":"2023-11-20T10:50:26+00:00","breadcrumb":{"@id":"https:\/\/campomatic.com\/es\/producto\/tb45vx\/#breadcrumb"},"inLanguage":"es","potentialAction":[{"@type":"ReadAction","target":["https:\/\/campomatic.com\/es\/producto\/tb45vx\/"]}]},{"@type":"ImageObject","inLanguage":"es","@id":"https:\/\/campomatic.com\/es\/producto\/tb45vx\/#primaryimage","url":"https:\/\/campomatic.com\/wp-content\/uploads\/2023\/05\/TB-Series.jpg","contentUrl":"https:\/\/campomatic.com\/wp-content\/uploads\/2023\/05\/TB-Series.jpg","width":680,"height":900},{"@type":"BreadcrumbList","@id":"https:\/\/campomatic.com\/es\/producto\/tb45vx\/#breadcrumb","itemListElement":[{"@type":"ListItem","position":1,"name":"Home","item":"https:\/\/campomatic.com\/es\/"},{"@type":"ListItem","position":2,"name":"All Products","item":"https:\/\/campomatic.com\/shop\/"},{"@type":"ListItem","position":3,"name":"TB45VX"}]},{"@type":"WebSite","@id":"https:\/\/campomatic.com\/#website","url":"https:\/\/campomatic.com\/","name":"Campomatic","description":"One of the market leaders for digital electronics, home appliances and Built-in Appliances products","publisher":{"@id":"https:\/\/campomatic.com\/#organization"},"potentialAction":[{"@type":"SearchAction","target":{"@type":"EntryPoint","urlTemplate":"https:\/\/campomatic.com\/?s={search_term_string}"},"query-input":{"@type":"PropertyValueSpecification","valueRequired":true,"valueName":"search_term_string"}}],"inLanguage":"es"},{"@type":"Organization","@id":"https:\/\/campomatic.com\/#organization","name":"Campomatic","url":"https:\/\/campomatic.com\/","logo":{"@type":"ImageObject","inLanguage":"es","@id":"https:\/\/campomatic.com\/#\/schema\/logo\/image\/","url":"https:\/\/campomatic.com\/wp-content\/uploads\/2023\/01\/campomatic-logo.gif","contentUrl":"https:\/\/campomatic.com\/wp-content\/uploads\/2023\/01\/campomatic-logo.gif","width":306,"height":26,"caption":"Campomatic"},"image":{"@id":"https:\/\/campomatic.com\/#\/schema\/logo\/image\/"},"sameAs":["https:\/\/www.facebook.com\/Campomatic\/","https:\/\/x.com\/campomatic"]}]}},"_links":{"self":[{"href":"https:\/\/campomatic.com\/es\/wp-json\/wp\/v2\/product\/16320","targetHints":{"allow":["GET"]}}],"collection":[{"href":"https:\/\/campomatic.com\/es\/wp-json\/wp\/v2\/product"}],"about":[{"href":"https:\/\/campomatic.com\/es\/wp-json\/wp\/v2\/types\/product"}],"version-history":[{"count":0,"href":"https:\/\/campomatic.com\/es\/wp-json\/wp\/v2\/product\/16320\/revisions"}],"wp:featuredmedia":[{"embeddable":true,"href":"https:\/\/campomatic.com\/es\/wp-json\/wp\/v2\/media\/17389"}],"wp:attachment":[{"href":"https:\/\/campomatic.com\/es\/wp-json\/wp\/v2\/media?parent=16320"}],"wp:term":[{"taxonomy":"product_brand","embeddable":true,"href":"https:\/\/campomatic.com\/es\/wp-json\/wp\/v2\/product_brand?post=16320"},{"taxonomy":"product_cat","embeddable":true,"href":"https:\/\/campomatic.com\/es\/wp-json\/wp\/v2\/product_cat?post=16320"},{"taxonomy":"product_tag","embeddable":true,"href":"https:\/\/campomatic.com\/es\/wp-json\/wp\/v2\/product_tag?post=16320"}],"curies":[{"name":"wp","href":"https:\/\/api.w.org\/{rel}","templated":true}]}}