{"id":16403,"date":"2023-05-23T12:41:26","date_gmt":"2023-05-23T09:41:26","guid":{"rendered":"https:\/\/campomatic.com\/product\/c95fgcs\/"},"modified":"2023-11-10T09:04:34","modified_gmt":"2023-11-10T07:04:34","slug":"c95fgcs","status":"publish","type":"product","link":"https:\/\/campomatic.com\/es\/producto\/c95fgcs\/","title":{"rendered":"C95FGCS"},"content":{"rendered":"\t\t<div data-elementor-type=\"wp-post\" data-elementor-id=\"16403\" class=\"elementor elementor-16403 elementor-14440\">\n\t\t\t\t\t\t<section class=\"elementor-section elementor-top-section elementor-element elementor-element-45d3832 elementor-section-boxed elementor-section-height-default elementor-section-height-default wd-section-disabled\" data-id=\"45d3832\" data-element_type=\"section\" data-e-type=\"section\">\n\t\t\t\t\t\t<div class=\"elementor-container elementor-column-gap-default\">\n\t\t\t\t\t<div class=\"elementor-column elementor-col-100 elementor-top-column elementor-element elementor-element-819f263\" data-id=\"819f263\" data-element_type=\"column\" data-e-type=\"column\">\n\t\t\t<div class=\"elementor-widget-wrap elementor-element-populated\">\n\t\t\t\t\t\t<div class=\"elementor-element elementor-element-54e50ea4 elementor-widget elementor-widget-image\" data-id=\"54e50ea4\" data-element_type=\"widget\" data-e-type=\"widget\" data-widget_type=\"image.default\">\n\t\t\t\t<div class=\"elementor-widget-container\">\n\t\t\t\t\t\t\t\t\t\t\t\t\t\t\t<img fetchpriority=\"high\" decoding=\"async\" width=\"1179\" height=\"800\" src=\"https:\/\/campomatic.com\/wp-content\/uploads\/2023\/02\/Brass-Burners-1179x800.jpg\" class=\"attachment-large size-large wp-image-13414\" alt=\"\" srcset=\"https:\/\/campomatic.com\/wp-content\/uploads\/2023\/02\/Brass-Burners-1179x800.jpg 1179w, https:\/\/campomatic.com\/wp-content\/uploads\/2023\/02\/Brass-Burners-scaled-900x611.jpg 900w, https:\/\/campomatic.com\/wp-content\/uploads\/2023\/02\/Brass-Burners-scaled-150x102.jpg 150w, https:\/\/campomatic.com\/wp-content\/uploads\/2023\/02\/Brass-Burners-scaled-680x461.jpg 680w, https:\/\/campomatic.com\/wp-content\/uploads\/2023\/02\/Brass-Burners-scaled-64x43.jpg 64w, https:\/\/campomatic.com\/wp-content\/uploads\/2023\/02\/Brass-Burners-400x271.jpg 400w, https:\/\/campomatic.com\/wp-content\/uploads\/2023\/02\/Brass-Burners-768x521.jpg 768w, https:\/\/campomatic.com\/wp-content\/uploads\/2023\/02\/Brass-Burners-1536x1042.jpg 1536w, https:\/\/campomatic.com\/wp-content\/uploads\/2023\/02\/Brass-Burners-2048x1390.jpg 2048w, https:\/\/campomatic.com\/wp-content\/uploads\/2023\/02\/Brass-Burners-1800x1222.jpg 1800w\" sizes=\"(max-width: 1179px) 100vw, 1179px\" \/>\t\t\t\t\t\t\t\t\t\t\t\t\t\t\t<\/div>\n\t\t\t\t<\/div>\n\t\t\t\t<div class=\"elementor-element elementor-element-74b28ec8 elementor-widget elementor-widget-wd_title\" data-id=\"74b28ec8\" data-element_type=\"widget\" data-e-type=\"widget\" data-widget_type=\"wd_title.default\">\n\t\t\t\t<div class=\"elementor-widget-container\">\n\t\t\t\t\t\t\t<div class=\"title-wrapper set-mb-s reset-last-child wd-title-color-default wd-title-style-default wd-title-size-default text-center\">\n\n\t\t\t\n\t\t\t<div class=\"liner-continer\">\n\t\t\t\t<h2 class=\"woodmart-title-container title wd-fontsize-l\">Quemadores de lat\u00f3n<br \/>\n<\/h2> \n\t\t\t\t\t\t\t<\/div>\n\n\t\t\t\t\t\t\t<div class=\"title-after_title set-cont-mb-s reset-last-child wd-fontsize-xs\">\n\t\t\t\t\t<p>Aunque son m\u00e1s resistentes que los quemadores de aluminio, los de lat\u00f3n retienen el calor con mayor eficacia y ofrecen m\u00e1s prestaciones. Los quemadores de lat\u00f3n suelen conservar mejor el calor, ya que lo distribuyen de forma m\u00e1s uniforme. Tambi\u00e9n son m\u00e1s resistentes a las manchas o la suciedad que los quemadores de aluminio<\/p>\t\t\t\t<\/div>\n\t\t\t\t\t<\/div>\n\t\t\t\t\t\t<\/div>\n\t\t\t\t<\/div>\n\t\t\t\t\t<\/div>\n\t\t<\/div>\n\t\t\t\t\t<\/div>\n\t\t<\/section>\n\t\t\t\t<section class=\"elementor-section elementor-top-section elementor-element elementor-element-1933db5c elementor-section-boxed elementor-section-height-default elementor-section-height-default wd-section-disabled\" data-id=\"1933db5c\" data-element_type=\"section\" data-e-type=\"section\">\n\t\t\t\t\t\t<div class=\"elementor-container elementor-column-gap-default\">\n\t\t\t\t\t<div class=\"elementor-column elementor-col-100 elementor-top-column elementor-element elementor-element-73608e93\" data-id=\"73608e93\" data-element_type=\"column\" data-e-type=\"column\">\n\t\t\t<div class=\"elementor-widget-wrap elementor-element-populated\">\n\t\t\t\t\t\t<div class=\"elementor-element elementor-element-392296ff elementor-widget elementor-widget-image\" data-id=\"392296ff\" data-element_type=\"widget\" data-e-type=\"widget\" data-widget_type=\"image.default\">\n\t\t\t\t<div class=\"elementor-widget-container\">\n\t\t\t\t\t\t\t\t\t\t\t\t\t\t\t<img decoding=\"async\" width=\"632\" height=\"481\" src=\"https:\/\/campomatic.com\/wp-content\/uploads\/2023\/02\/Full-Safety-FFD.jpg\" class=\"attachment-large size-large wp-image-13406\" alt=\"\" srcset=\"https:\/\/campomatic.com\/wp-content\/uploads\/2023\/02\/Full-Safety-FFD.jpg 632w, https:\/\/campomatic.com\/wp-content\/uploads\/2023\/02\/Full-Safety-FFD-150x114.jpg 150w, https:\/\/campomatic.com\/wp-content\/uploads\/2023\/02\/Full-Safety-FFD-64x49.jpg 64w, https:\/\/campomatic.com\/wp-content\/uploads\/2023\/02\/Full-Safety-FFD-394x300.jpg 394w\" sizes=\"(max-width: 632px) 100vw, 632px\" \/>\t\t\t\t\t\t\t\t\t\t\t\t\t\t\t<\/div>\n\t\t\t\t<\/div>\n\t\t\t\t<div class=\"elementor-element elementor-element-7f7f8ce3 elementor-widget elementor-widget-wd_title\" data-id=\"7f7f8ce3\" data-element_type=\"widget\" data-e-type=\"widget\" data-widget_type=\"wd_title.default\">\n\t\t\t\t<div class=\"elementor-widget-container\">\n\t\t\t\t\t\t\t<div class=\"title-wrapper set-mb-s reset-last-child wd-title-color-default wd-title-style-default wd-title-size-default text-left\">\n\n\t\t\t\n\t\t\t<div class=\"liner-continer\">\n\t\t\t\t<h2 class=\"woodmart-title-container title wd-fontsize-l\">Seguridad total FFD<br \/>\n<\/h2> \n\t\t\t\t\t\t\t<\/div>\n\n\t\t\t\t\t\t\t<div class=\"title-after_title set-cont-mb-s reset-last-child wd-fontsize-xs\">\n\t\t\t\t\tMantenga su cocina, su hogar y su familia seguros con nuestro dispositivo de seguridad o FFD de fallo de llama que garantiza que el suministro de combustible de gas se corte autom\u00e1tica e inmediatamente si por cualquier motivo la llama se apaga o se vuelve inestable o si hay alguna fuga de gas. Esto garantiza la protecci\u00f3n contra:<br \/>\n<br \/>\n \tDerrame de l\u00edquido en los quemadores<br \/>\n \tUmbral pesado de aire del ventilador o enfriadores<br \/>\n \tInterrupci\u00f3n temporal del suministro de gas<br \/>\n \tGas a presi\u00f3n<br \/>\n<br \/>\nEl FFD evita la fuga de gases nocivos que pueden causar una acumulaci\u00f3n de gas que puede provocar lesiones o enfermedades y, en casos graves, puede ser mortal si no se detecta durante demasiado tiempo. De todo ello se encarga autom\u00e1ticamente el dispositivo de fallo de la llama. As\u00ed que la FFD es una caracter\u00edstica de seguridad muy importante.\t\t\t\t<\/div>\n\t\t\t\t\t<\/div>\n\t\t\t\t\t\t<\/div>\n\t\t\t\t<\/div>\n\t\t\t\t\t<\/div>\n\t\t<\/div>\n\t\t\t\t\t<\/div>\n\t\t<\/section>\n\t\t\t\t<\/div>\n\t\t","protected":false},"excerpt":{"rendered":"<p>Quemadores de lat\u00f3n Aunque son m\u00e1s resistentes que los quemadores de aluminio, los de lat\u00f3n retienen el calor con mayor<\/p>\n","protected":false},"featured_media":15313,"template":"","meta":{"_acf_changed":false},"product_brand":[],"product_cat":[859,869,888],"product_tag":[],"class_list":{"0":"post-16403","1":"product","2":"type-product","3":"status-publish","4":"has-post-thumbnail","6":"product_cat-encastre","7":"product_cat-encimeras","8":"product_cat-encimeras-90cm","10":"first","11":"instock","12":"sale","13":"taxable","14":"shipping-taxable","15":"purchasable","16":"product-type-simple"},"acf":[],"yoast_head":"<!-- This site is optimized with the Yoast SEO plugin v27.1.1 - https:\/\/yoast.com\/product\/yoast-seo-wordpress\/ -->\n<title>C95FGCS - Campomatic<\/title>\n<meta name=\"robots\" content=\"index, follow, max-snippet:-1, max-image-preview:large, max-video-preview:-1\" \/>\n<link rel=\"canonical\" href=\"https:\/\/campomatic.com\/es\/producto\/c95fgcs\/\" \/>\n<meta property=\"og:locale\" content=\"es_ES\" \/>\n<meta property=\"og:type\" content=\"article\" \/>\n<meta property=\"og:title\" content=\"C95FGCS - Campomatic\" \/>\n<meta property=\"og:description\" content=\"Quemadores de lat\u00f3n Aunque son m\u00e1s resistentes que los quemadores de aluminio, los de lat\u00f3n retienen el calor con mayor\" \/>\n<meta property=\"og:url\" content=\"https:\/\/campomatic.com\/es\/producto\/c95fgcs\/\" \/>\n<meta property=\"og:site_name\" content=\"Campomatic\" \/>\n<meta property=\"article:publisher\" content=\"https:\/\/www.facebook.com\/Campomatic\/\" \/>\n<meta property=\"article:modified_time\" content=\"2023-11-10T07:04:34+00:00\" \/>\n<meta property=\"og:image\" content=\"https:\/\/campomatic.com\/wp-content\/uploads\/2023\/05\/C95FGCS.jpg\" \/>\n\t<meta property=\"og:image:width\" content=\"680\" \/>\n\t<meta property=\"og:image:height\" content=\"900\" \/>\n\t<meta property=\"og:image:type\" content=\"image\/jpeg\" \/>\n<meta name=\"twitter:card\" content=\"summary_large_image\" \/>\n<meta name=\"twitter:site\" content=\"@campomatic\" \/>\n<meta name=\"twitter:label1\" content=\"Tiempo de lectura\" \/>\n\t<meta name=\"twitter:data1\" content=\"1 minuto\" \/>\n<script type=\"application\/ld+json\" class=\"yoast-schema-graph\">{\"@context\":\"https:\/\/schema.org\",\"@graph\":[{\"@type\":\"WebPage\",\"@id\":\"https:\/\/campomatic.com\/es\/producto\/c95fgcs\/\",\"url\":\"https:\/\/campomatic.com\/es\/producto\/c95fgcs\/\",\"name\":\"C95FGCS - Campomatic\",\"isPartOf\":{\"@id\":\"https:\/\/campomatic.com\/#website\"},\"primaryImageOfPage\":{\"@id\":\"https:\/\/campomatic.com\/es\/producto\/c95fgcs\/#primaryimage\"},\"image\":{\"@id\":\"https:\/\/campomatic.com\/es\/producto\/c95fgcs\/#primaryimage\"},\"thumbnailUrl\":\"https:\/\/campomatic.com\/wp-content\/uploads\/2023\/05\/C95FGCS.jpg\",\"datePublished\":\"2023-05-23T09:41:26+00:00\",\"dateModified\":\"2023-11-10T07:04:34+00:00\",\"breadcrumb\":{\"@id\":\"https:\/\/campomatic.com\/es\/producto\/c95fgcs\/#breadcrumb\"},\"inLanguage\":\"es\",\"potentialAction\":[{\"@type\":\"ReadAction\",\"target\":[\"https:\/\/campomatic.com\/es\/producto\/c95fgcs\/\"]}]},{\"@type\":\"ImageObject\",\"inLanguage\":\"es\",\"@id\":\"https:\/\/campomatic.com\/es\/producto\/c95fgcs\/#primaryimage\",\"url\":\"https:\/\/campomatic.com\/wp-content\/uploads\/2023\/05\/C95FGCS.jpg\",\"contentUrl\":\"https:\/\/campomatic.com\/wp-content\/uploads\/2023\/05\/C95FGCS.jpg\",\"width\":680,\"height\":900},{\"@type\":\"BreadcrumbList\",\"@id\":\"https:\/\/campomatic.com\/es\/producto\/c95fgcs\/#breadcrumb\",\"itemListElement\":[{\"@type\":\"ListItem\",\"position\":1,\"name\":\"Home\",\"item\":\"https:\/\/campomatic.com\/es\/\"},{\"@type\":\"ListItem\",\"position\":2,\"name\":\"All Products\",\"item\":\"https:\/\/campomatic.com\/shop\/\"},{\"@type\":\"ListItem\",\"position\":3,\"name\":\"C95FGCS\"}]},{\"@type\":\"WebSite\",\"@id\":\"https:\/\/campomatic.com\/#website\",\"url\":\"https:\/\/campomatic.com\/\",\"name\":\"Campomatic\",\"description\":\"One of the market leaders for digital electronics, home appliances and Built-in Appliances products\",\"publisher\":{\"@id\":\"https:\/\/campomatic.com\/#organization\"},\"potentialAction\":[{\"@type\":\"SearchAction\",\"target\":{\"@type\":\"EntryPoint\",\"urlTemplate\":\"https:\/\/campomatic.com\/?s={search_term_string}\"},\"query-input\":{\"@type\":\"PropertyValueSpecification\",\"valueRequired\":true,\"valueName\":\"search_term_string\"}}],\"inLanguage\":\"es\"},{\"@type\":\"Organization\",\"@id\":\"https:\/\/campomatic.com\/#organization\",\"name\":\"Campomatic\",\"url\":\"https:\/\/campomatic.com\/\",\"logo\":{\"@type\":\"ImageObject\",\"inLanguage\":\"es\",\"@id\":\"https:\/\/campomatic.com\/#\/schema\/logo\/image\/\",\"url\":\"https:\/\/campomatic.com\/wp-content\/uploads\/2023\/01\/campomatic-logo.gif\",\"contentUrl\":\"https:\/\/campomatic.com\/wp-content\/uploads\/2023\/01\/campomatic-logo.gif\",\"width\":306,\"height\":26,\"caption\":\"Campomatic\"},\"image\":{\"@id\":\"https:\/\/campomatic.com\/#\/schema\/logo\/image\/\"},\"sameAs\":[\"https:\/\/www.facebook.com\/Campomatic\/\",\"https:\/\/x.com\/campomatic\"]}]}<\/script>\n<!-- \/ Yoast SEO plugin. -->","yoast_head_json":{"title":"C95FGCS - Campomatic","robots":{"index":"index","follow":"follow","max-snippet":"max-snippet:-1","max-image-preview":"max-image-preview:large","max-video-preview":"max-video-preview:-1"},"canonical":"https:\/\/campomatic.com\/es\/producto\/c95fgcs\/","og_locale":"es_ES","og_type":"article","og_title":"C95FGCS - Campomatic","og_description":"Quemadores de lat\u00f3n Aunque son m\u00e1s resistentes que los quemadores de aluminio, los de lat\u00f3n retienen el calor con mayor","og_url":"https:\/\/campomatic.com\/es\/producto\/c95fgcs\/","og_site_name":"Campomatic","article_publisher":"https:\/\/www.facebook.com\/Campomatic\/","article_modified_time":"2023-11-10T07:04:34+00:00","og_image":[{"width":680,"height":900,"url":"https:\/\/campomatic.com\/wp-content\/uploads\/2023\/05\/C95FGCS.jpg","type":"image\/jpeg"}],"twitter_card":"summary_large_image","twitter_site":"@campomatic","twitter_misc":{"Tiempo de lectura":"1 minuto"},"schema":{"@context":"https:\/\/schema.org","@graph":[{"@type":"WebPage","@id":"https:\/\/campomatic.com\/es\/producto\/c95fgcs\/","url":"https:\/\/campomatic.com\/es\/producto\/c95fgcs\/","name":"C95FGCS - Campomatic","isPartOf":{"@id":"https:\/\/campomatic.com\/#website"},"primaryImageOfPage":{"@id":"https:\/\/campomatic.com\/es\/producto\/c95fgcs\/#primaryimage"},"image":{"@id":"https:\/\/campomatic.com\/es\/producto\/c95fgcs\/#primaryimage"},"thumbnailUrl":"https:\/\/campomatic.com\/wp-content\/uploads\/2023\/05\/C95FGCS.jpg","datePublished":"2023-05-23T09:41:26+00:00","dateModified":"2023-11-10T07:04:34+00:00","breadcrumb":{"@id":"https:\/\/campomatic.com\/es\/producto\/c95fgcs\/#breadcrumb"},"inLanguage":"es","potentialAction":[{"@type":"ReadAction","target":["https:\/\/campomatic.com\/es\/producto\/c95fgcs\/"]}]},{"@type":"ImageObject","inLanguage":"es","@id":"https:\/\/campomatic.com\/es\/producto\/c95fgcs\/#primaryimage","url":"https:\/\/campomatic.com\/wp-content\/uploads\/2023\/05\/C95FGCS.jpg","contentUrl":"https:\/\/campomatic.com\/wp-content\/uploads\/2023\/05\/C95FGCS.jpg","width":680,"height":900},{"@type":"BreadcrumbList","@id":"https:\/\/campomatic.com\/es\/producto\/c95fgcs\/#breadcrumb","itemListElement":[{"@type":"ListItem","position":1,"name":"Home","item":"https:\/\/campomatic.com\/es\/"},{"@type":"ListItem","position":2,"name":"All Products","item":"https:\/\/campomatic.com\/shop\/"},{"@type":"ListItem","position":3,"name":"C95FGCS"}]},{"@type":"WebSite","@id":"https:\/\/campomatic.com\/#website","url":"https:\/\/campomatic.com\/","name":"Campomatic","description":"One of the market leaders for digital electronics, home appliances and Built-in Appliances products","publisher":{"@id":"https:\/\/campomatic.com\/#organization"},"potentialAction":[{"@type":"SearchAction","target":{"@type":"EntryPoint","urlTemplate":"https:\/\/campomatic.com\/?s={search_term_string}"},"query-input":{"@type":"PropertyValueSpecification","valueRequired":true,"valueName":"search_term_string"}}],"inLanguage":"es"},{"@type":"Organization","@id":"https:\/\/campomatic.com\/#organization","name":"Campomatic","url":"https:\/\/campomatic.com\/","logo":{"@type":"ImageObject","inLanguage":"es","@id":"https:\/\/campomatic.com\/#\/schema\/logo\/image\/","url":"https:\/\/campomatic.com\/wp-content\/uploads\/2023\/01\/campomatic-logo.gif","contentUrl":"https:\/\/campomatic.com\/wp-content\/uploads\/2023\/01\/campomatic-logo.gif","width":306,"height":26,"caption":"Campomatic"},"image":{"@id":"https:\/\/campomatic.com\/#\/schema\/logo\/image\/"},"sameAs":["https:\/\/www.facebook.com\/Campomatic\/","https:\/\/x.com\/campomatic"]}]}},"_links":{"self":[{"href":"https:\/\/campomatic.com\/es\/wp-json\/wp\/v2\/product\/16403","targetHints":{"allow":["GET"]}}],"collection":[{"href":"https:\/\/campomatic.com\/es\/wp-json\/wp\/v2\/product"}],"about":[{"href":"https:\/\/campomatic.com\/es\/wp-json\/wp\/v2\/types\/product"}],"version-history":[{"count":0,"href":"https:\/\/campomatic.com\/es\/wp-json\/wp\/v2\/product\/16403\/revisions"}],"wp:featuredmedia":[{"embeddable":true,"href":"https:\/\/campomatic.com\/es\/wp-json\/wp\/v2\/media\/15313"}],"wp:attachment":[{"href":"https:\/\/campomatic.com\/es\/wp-json\/wp\/v2\/media?parent=16403"}],"wp:term":[{"taxonomy":"product_brand","embeddable":true,"href":"https:\/\/campomatic.com\/es\/wp-json\/wp\/v2\/product_brand?post=16403"},{"taxonomy":"product_cat","embeddable":true,"href":"https:\/\/campomatic.com\/es\/wp-json\/wp\/v2\/product_cat?post=16403"},{"taxonomy":"product_tag","embeddable":true,"href":"https:\/\/campomatic.com\/es\/wp-json\/wp\/v2\/product_tag?post=16403"}],"curies":[{"name":"wp","href":"https:\/\/api.w.org\/{rel}","templated":true}]}}