{"id":16511,"date":"2023-05-13T12:28:05","date_gmt":"2023-05-13T09:28:05","guid":{"rendered":"https:\/\/campomatic.com\/product\/cp95xb\/"},"modified":"2023-11-10T10:02:33","modified_gmt":"2023-11-10T08:02:33","slug":"cp95xb","status":"publish","type":"product","link":"https:\/\/campomatic.com\/es\/producto\/cp95xb\/","title":{"rendered":"CP95XB"},"content":{"rendered":"\t\t<div data-elementor-type=\"wp-post\" data-elementor-id=\"16511\" class=\"elementor elementor-16511 elementor-14348\">\n\t\t\t\t\t\t<section class=\"elementor-section elementor-top-section elementor-element elementor-element-1f43cf29 elementor-section-boxed elementor-section-height-default elementor-section-height-default wd-section-disabled\" data-id=\"1f43cf29\" data-element_type=\"section\" data-e-type=\"section\">\n\t\t\t\t\t\t<div class=\"elementor-container elementor-column-gap-default\">\n\t\t\t\t\t<div class=\"elementor-column elementor-col-100 elementor-top-column elementor-element elementor-element-2fb1e48\" data-id=\"2fb1e48\" data-element_type=\"column\" data-e-type=\"column\">\n\t\t\t<div class=\"elementor-widget-wrap elementor-element-populated\">\n\t\t\t\t\t\t<div class=\"elementor-element elementor-element-47bb0e16 elementor-widget elementor-widget-image\" data-id=\"47bb0e16\" data-element_type=\"widget\" data-e-type=\"widget\" data-widget_type=\"image.default\">\n\t\t\t\t<div class=\"elementor-widget-container\">\n\t\t\t\t\t\t\t\t\t\t\t\t\t\t\t<img fetchpriority=\"high\" decoding=\"async\" width=\"1179\" height=\"800\" src=\"https:\/\/campomatic.com\/wp-content\/uploads\/2023\/02\/Brass-Burners-1179x800.jpg\" class=\"attachment-large size-large wp-image-13414\" alt=\"\" srcset=\"https:\/\/campomatic.com\/wp-content\/uploads\/2023\/02\/Brass-Burners-1179x800.jpg 1179w, https:\/\/campomatic.com\/wp-content\/uploads\/2023\/02\/Brass-Burners-scaled-900x611.jpg 900w, https:\/\/campomatic.com\/wp-content\/uploads\/2023\/02\/Brass-Burners-scaled-150x102.jpg 150w, https:\/\/campomatic.com\/wp-content\/uploads\/2023\/02\/Brass-Burners-scaled-680x461.jpg 680w, https:\/\/campomatic.com\/wp-content\/uploads\/2023\/02\/Brass-Burners-scaled-64x43.jpg 64w, https:\/\/campomatic.com\/wp-content\/uploads\/2023\/02\/Brass-Burners-400x271.jpg 400w, https:\/\/campomatic.com\/wp-content\/uploads\/2023\/02\/Brass-Burners-768x521.jpg 768w, https:\/\/campomatic.com\/wp-content\/uploads\/2023\/02\/Brass-Burners-1536x1042.jpg 1536w, https:\/\/campomatic.com\/wp-content\/uploads\/2023\/02\/Brass-Burners-2048x1390.jpg 2048w, https:\/\/campomatic.com\/wp-content\/uploads\/2023\/02\/Brass-Burners-1800x1222.jpg 1800w\" sizes=\"(max-width: 1179px) 100vw, 1179px\" \/>\t\t\t\t\t\t\t\t\t\t\t\t\t\t\t<\/div>\n\t\t\t\t<\/div>\n\t\t\t\t<div class=\"elementor-element elementor-element-48b77788 elementor-widget elementor-widget-wd_title\" data-id=\"48b77788\" data-element_type=\"widget\" data-e-type=\"widget\" data-widget_type=\"wd_title.default\">\n\t\t\t\t<div class=\"elementor-widget-container\">\n\t\t\t\t\t\t\t<div class=\"title-wrapper set-mb-s reset-last-child wd-title-color-default wd-title-style-default wd-title-size-default text-center\">\n\n\t\t\t\n\t\t\t<div class=\"liner-continer\">\n\t\t\t\t<h2 class=\"woodmart-title-container title wd-fontsize-l\">Quemadores de lat\u00f3n<br \/>\n<\/h2> \n\t\t\t\t\t\t\t<\/div>\n\n\t\t\t\t\t\t\t<div class=\"title-after_title set-cont-mb-s reset-last-child wd-fontsize-xs\">\n\t\t\t\t\t<br \/>\n          <p>Aunque son m\u00e1s resistentes que los quemadores de aluminio, los de lat\u00f3n retienen el calor con mayor eficacia y ofrecen m\u00e1s prestaciones. Los quemadores de lat\u00f3n suelen conservar mejor el calor, ya que lo distribuyen de forma m\u00e1s uniforme. Tambi\u00e9n son m\u00e1s resistentes a las manchas o la suciedad que los quemadores de aluminio<\/p><br \/>\n        \t\t\t\t<\/div>\n\t\t\t\t\t<\/div>\n\t\t\t\t\t\t<\/div>\n\t\t\t\t<\/div>\n\t\t\t\t\t<\/div>\n\t\t<\/div>\n\t\t\t\t\t<\/div>\n\t\t<\/section>\n\t\t\t\t<section class=\"elementor-section elementor-top-section elementor-element elementor-element-f8e99e6 elementor-section-boxed elementor-section-height-default elementor-section-height-default wd-section-disabled\" data-id=\"f8e99e6\" data-element_type=\"section\" data-e-type=\"section\">\n\t\t\t\t\t\t<div class=\"elementor-container elementor-column-gap-default\">\n\t\t\t\t\t<div class=\"elementor-column elementor-col-100 elementor-top-column elementor-element elementor-element-294ca330\" data-id=\"294ca330\" data-element_type=\"column\" data-e-type=\"column\">\n\t\t\t<div class=\"elementor-widget-wrap elementor-element-populated\">\n\t\t\t\t\t\t<div class=\"elementor-element elementor-element-1e69dc6f elementor-widget elementor-widget-image\" data-id=\"1e69dc6f\" data-element_type=\"widget\" data-e-type=\"widget\" data-widget_type=\"image.default\">\n\t\t\t\t<div class=\"elementor-widget-container\">\n\t\t\t\t\t\t\t\t\t\t\t\t\t\t\t<img decoding=\"async\" width=\"1200\" height=\"672\" src=\"https:\/\/campomatic.com\/wp-content\/uploads\/2023\/02\/Convection-Turbo-Fan.jpg\" class=\"attachment-large size-large wp-image-13410\" alt=\"\" srcset=\"https:\/\/campomatic.com\/wp-content\/uploads\/2023\/02\/Convection-Turbo-Fan.jpg 1200w, https:\/\/campomatic.com\/wp-content\/uploads\/2023\/02\/Convection-Turbo-Fan-900x504.jpg 900w, https:\/\/campomatic.com\/wp-content\/uploads\/2023\/02\/Convection-Turbo-Fan-150x84.jpg 150w, https:\/\/campomatic.com\/wp-content\/uploads\/2023\/02\/Convection-Turbo-Fan-680x381.jpg 680w, https:\/\/campomatic.com\/wp-content\/uploads\/2023\/02\/Convection-Turbo-Fan-64x36.jpg 64w, https:\/\/campomatic.com\/wp-content\/uploads\/2023\/02\/Convection-Turbo-Fan-400x224.jpg 400w, https:\/\/campomatic.com\/wp-content\/uploads\/2023\/02\/Convection-Turbo-Fan-768x430.jpg 768w\" sizes=\"(max-width: 1200px) 100vw, 1200px\" \/>\t\t\t\t\t\t\t\t\t\t\t\t\t\t\t<\/div>\n\t\t\t\t<\/div>\n\t\t\t\t<div class=\"elementor-element elementor-element-2055b76 elementor-widget elementor-widget-wd_title\" data-id=\"2055b76\" data-element_type=\"widget\" data-e-type=\"widget\" data-widget_type=\"wd_title.default\">\n\t\t\t\t<div class=\"elementor-widget-container\">\n\t\t\t\t\t\t\t<div class=\"title-wrapper set-mb-s reset-last-child wd-title-color-default wd-title-style-default wd-title-size-default text-center\">\n\n\t\t\t\n\t\t\t<div class=\"liner-continer\">\n\t\t\t\t<h2 class=\"woodmart-title-container title wd-fontsize-l\">Ventilador turbo de convecci\u00f3n<br \/>\n<\/h2> \n\t\t\t\t\t\t\t<\/div>\n\n\t\t\t\t\t\t\t<div class=\"title-after_title set-cont-mb-s reset-last-child wd-fontsize-xs\">\n\t\t\t\t\t<br \/>\n          <p>La cocci\u00f3n uniforme y la distribuci\u00f3n del calor de un horno de convecci\u00f3n proporcionan el entorno ideal para preparar una gran variedad de platos, incluida la pizza casera. Con el horneado por convecci\u00f3n, el aire caliente se env\u00eda a cada zona de la pizza para conseguir una cocci\u00f3n uniforme en todo el pastel.<\/p><br \/>\n          <p>En la mayor\u00eda de los hornos convencionales, el calor suele distribuirse por la resistencia o gas inferior, dejando la corteza sin calor dirigido. Con el horneado por convecci\u00f3n, puede conseguir una corteza m\u00e1s crujiente gracias al aire caliente que circula dentro de la cavidad del horno. Experimente con las m\u00faltiples posibilidades de cocci\u00f3n del horneado por convecci\u00f3n para otras recetas caseras como postres horneados o panes de masa madre dorados y esponjosos.<\/p><br \/>\n        \t\t\t\t<\/div>\n\t\t\t\t\t<\/div>\n\t\t\t\t\t\t<\/div>\n\t\t\t\t<\/div>\n\t\t\t\t\t<\/div>\n\t\t<\/div>\n\t\t\t\t\t<\/div>\n\t\t<\/section>\n\t\t\t\t<section class=\"elementor-section elementor-top-section elementor-element elementor-element-76631040 elementor-section-boxed elementor-section-height-default elementor-section-height-default wd-section-disabled\" data-id=\"76631040\" data-element_type=\"section\" data-e-type=\"section\">\n\t\t\t\t\t\t<div class=\"elementor-container elementor-column-gap-default\">\n\t\t\t\t\t<div class=\"elementor-column elementor-col-100 elementor-top-column elementor-element elementor-element-6bd96c57\" data-id=\"6bd96c57\" data-element_type=\"column\" data-e-type=\"column\">\n\t\t\t<div class=\"elementor-widget-wrap elementor-element-populated\">\n\t\t\t\t\t\t<div class=\"elementor-element elementor-element-313d96b6 elementor-widget elementor-widget-image\" data-id=\"313d96b6\" data-element_type=\"widget\" data-e-type=\"widget\" data-widget_type=\"image.default\">\n\t\t\t\t<div class=\"elementor-widget-container\">\n\t\t\t\t\t\t\t\t\t\t\t\t\t\t\t<img decoding=\"async\" width=\"632\" height=\"481\" src=\"https:\/\/campomatic.com\/wp-content\/uploads\/2023\/02\/Full-Safety-FFD.jpg\" class=\"attachment-large size-large wp-image-13406\" alt=\"\" srcset=\"https:\/\/campomatic.com\/wp-content\/uploads\/2023\/02\/Full-Safety-FFD.jpg 632w, https:\/\/campomatic.com\/wp-content\/uploads\/2023\/02\/Full-Safety-FFD-150x114.jpg 150w, https:\/\/campomatic.com\/wp-content\/uploads\/2023\/02\/Full-Safety-FFD-64x49.jpg 64w, https:\/\/campomatic.com\/wp-content\/uploads\/2023\/02\/Full-Safety-FFD-394x300.jpg 394w\" sizes=\"(max-width: 632px) 100vw, 632px\" \/>\t\t\t\t\t\t\t\t\t\t\t\t\t\t\t<\/div>\n\t\t\t\t<\/div>\n\t\t\t\t<div class=\"elementor-element elementor-element-109078a8 elementor-widget elementor-widget-wd_title\" data-id=\"109078a8\" data-element_type=\"widget\" data-e-type=\"widget\" data-widget_type=\"wd_title.default\">\n\t\t\t\t<div class=\"elementor-widget-container\">\n\t\t\t\t\t\t\t<div class=\"title-wrapper set-mb-s reset-last-child wd-title-color-default wd-title-style-default wd-title-size-default text-left\">\n\n\t\t\t\n\t\t\t<div class=\"liner-continer\">\n\t\t\t\t<h2 class=\"woodmart-title-container title wd-fontsize-l\">Seguridad total FFD<br \/>\n<\/h2> \n\t\t\t\t\t\t\t<\/div>\n\n\t\t\t\t\t\t\t<div class=\"title-after_title set-cont-mb-s reset-last-child wd-fontsize-xs\">\n\t\t\t\t\tMantenga su cocina, su hogar y su familia seguros con nuestro dispositivo de seguridad o FFD de fallo de llama que garantiza que el suministro de combustible de gas se corte autom\u00e1tica e inmediatamente si por cualquier motivo la llama se apaga o se vuelve inestable o si hay alguna fuga de gas. Esto garantiza la protecci\u00f3n contra:<br \/>\n<br \/>\n \tDerrame de l\u00edquido en los quemadores<br \/>\n \tUmbral pesado de aire del ventilador o enfriadores<br \/>\n \tInterrupci\u00f3n temporal del suministro de gas<br \/>\n \tGas a presi\u00f3n<br \/>\n<br \/>\nEl FFD evita la fuga de gases nocivos que pueden causar una acumulaci\u00f3n de gas que puede provocar lesiones o enfermedades y, en casos graves, puede ser mortal si no se detecta durante demasiado tiempo. De todo ello se encarga autom\u00e1ticamente el dispositivo de fallo de la llama. As\u00ed que la FFD es una caracter\u00edstica de seguridad muy importante.\t\t\t\t<\/div>\n\t\t\t\t\t<\/div>\n\t\t\t\t\t\t<\/div>\n\t\t\t\t<\/div>\n\t\t\t\t\t<\/div>\n\t\t<\/div>\n\t\t\t\t\t<\/div>\n\t\t<\/section>\n\t\t\t\t<\/div>\n\t\t","protected":false},"excerpt":{"rendered":"<p>Quemadores de lat\u00f3n Aunque son m\u00e1s resistentes que los quemadores de aluminio, los de lat\u00f3n retienen el calor con mayor<\/p>\n","protected":false},"featured_media":15070,"template":"","meta":{"_acf_changed":false},"product_brand":[],"product_cat":[952,939],"product_tag":[],"class_list":{"0":"post-16511","1":"product","2":"type-product","3":"status-publish","4":"has-post-thumbnail","6":"product_cat-cocina-de-lujo","7":"product_cat-cocinas","9":"first","10":"instock","11":"sale","12":"taxable","13":"shipping-taxable","14":"purchasable","15":"product-type-simple"},"acf":[],"yoast_head":"<!-- This site is optimized with the Yoast SEO plugin v27.1.1 - https:\/\/yoast.com\/product\/yoast-seo-wordpress\/ -->\n<title>CP95XB - Campomatic<\/title>\n<meta name=\"robots\" content=\"index, follow, max-snippet:-1, max-image-preview:large, max-video-preview:-1\" \/>\n<link rel=\"canonical\" href=\"https:\/\/campomatic.com\/es\/producto\/cp95xb\/\" \/>\n<meta property=\"og:locale\" content=\"es_ES\" \/>\n<meta property=\"og:type\" content=\"article\" \/>\n<meta property=\"og:title\" content=\"CP95XB - Campomatic\" \/>\n<meta property=\"og:description\" content=\"Quemadores de lat\u00f3n Aunque son m\u00e1s resistentes que los quemadores de aluminio, los de lat\u00f3n retienen el calor con mayor\" \/>\n<meta property=\"og:url\" content=\"https:\/\/campomatic.com\/es\/producto\/cp95xb\/\" \/>\n<meta property=\"og:site_name\" content=\"Campomatic\" \/>\n<meta property=\"article:publisher\" content=\"https:\/\/www.facebook.com\/Campomatic\/\" \/>\n<meta property=\"article:modified_time\" content=\"2023-11-10T08:02:33+00:00\" \/>\n<meta property=\"og:image\" content=\"https:\/\/campomatic.com\/wp-content\/uploads\/2023\/05\/CP95XB-pIC.1.jpg\" \/>\n\t<meta property=\"og:image:width\" content=\"680\" \/>\n\t<meta property=\"og:image:height\" content=\"900\" \/>\n\t<meta property=\"og:image:type\" content=\"image\/jpeg\" \/>\n<meta name=\"twitter:card\" content=\"summary_large_image\" \/>\n<meta name=\"twitter:site\" content=\"@campomatic\" \/>\n<meta name=\"twitter:label1\" content=\"Tiempo de lectura\" \/>\n\t<meta name=\"twitter:data1\" content=\"2 minutos\" \/>\n<script type=\"application\/ld+json\" class=\"yoast-schema-graph\">{\"@context\":\"https:\/\/schema.org\",\"@graph\":[{\"@type\":\"WebPage\",\"@id\":\"https:\/\/campomatic.com\/es\/producto\/cp95xb\/\",\"url\":\"https:\/\/campomatic.com\/es\/producto\/cp95xb\/\",\"name\":\"CP95XB - Campomatic\",\"isPartOf\":{\"@id\":\"https:\/\/campomatic.com\/#website\"},\"primaryImageOfPage\":{\"@id\":\"https:\/\/campomatic.com\/es\/producto\/cp95xb\/#primaryimage\"},\"image\":{\"@id\":\"https:\/\/campomatic.com\/es\/producto\/cp95xb\/#primaryimage\"},\"thumbnailUrl\":\"https:\/\/campomatic.com\/wp-content\/uploads\/2023\/05\/CP95XB-pIC.1.jpg\",\"datePublished\":\"2023-05-13T09:28:05+00:00\",\"dateModified\":\"2023-11-10T08:02:33+00:00\",\"breadcrumb\":{\"@id\":\"https:\/\/campomatic.com\/es\/producto\/cp95xb\/#breadcrumb\"},\"inLanguage\":\"es\",\"potentialAction\":[{\"@type\":\"ReadAction\",\"target\":[\"https:\/\/campomatic.com\/es\/producto\/cp95xb\/\"]}]},{\"@type\":\"ImageObject\",\"inLanguage\":\"es\",\"@id\":\"https:\/\/campomatic.com\/es\/producto\/cp95xb\/#primaryimage\",\"url\":\"https:\/\/campomatic.com\/wp-content\/uploads\/2023\/05\/CP95XB-pIC.1.jpg\",\"contentUrl\":\"https:\/\/campomatic.com\/wp-content\/uploads\/2023\/05\/CP95XB-pIC.1.jpg\",\"width\":680,\"height\":900},{\"@type\":\"BreadcrumbList\",\"@id\":\"https:\/\/campomatic.com\/es\/producto\/cp95xb\/#breadcrumb\",\"itemListElement\":[{\"@type\":\"ListItem\",\"position\":1,\"name\":\"Home\",\"item\":\"https:\/\/campomatic.com\/es\/\"},{\"@type\":\"ListItem\",\"position\":2,\"name\":\"All Products\",\"item\":\"https:\/\/campomatic.com\/shop\/\"},{\"@type\":\"ListItem\",\"position\":3,\"name\":\"CP95XB\"}]},{\"@type\":\"WebSite\",\"@id\":\"https:\/\/campomatic.com\/#website\",\"url\":\"https:\/\/campomatic.com\/\",\"name\":\"Campomatic\",\"description\":\"One of the market leaders for digital electronics, home appliances and Built-in Appliances products\",\"publisher\":{\"@id\":\"https:\/\/campomatic.com\/#organization\"},\"potentialAction\":[{\"@type\":\"SearchAction\",\"target\":{\"@type\":\"EntryPoint\",\"urlTemplate\":\"https:\/\/campomatic.com\/?s={search_term_string}\"},\"query-input\":{\"@type\":\"PropertyValueSpecification\",\"valueRequired\":true,\"valueName\":\"search_term_string\"}}],\"inLanguage\":\"es\"},{\"@type\":\"Organization\",\"@id\":\"https:\/\/campomatic.com\/#organization\",\"name\":\"Campomatic\",\"url\":\"https:\/\/campomatic.com\/\",\"logo\":{\"@type\":\"ImageObject\",\"inLanguage\":\"es\",\"@id\":\"https:\/\/campomatic.com\/#\/schema\/logo\/image\/\",\"url\":\"https:\/\/campomatic.com\/wp-content\/uploads\/2023\/01\/campomatic-logo.gif\",\"contentUrl\":\"https:\/\/campomatic.com\/wp-content\/uploads\/2023\/01\/campomatic-logo.gif\",\"width\":306,\"height\":26,\"caption\":\"Campomatic\"},\"image\":{\"@id\":\"https:\/\/campomatic.com\/#\/schema\/logo\/image\/\"},\"sameAs\":[\"https:\/\/www.facebook.com\/Campomatic\/\",\"https:\/\/x.com\/campomatic\"]}]}<\/script>\n<!-- \/ Yoast SEO plugin. -->","yoast_head_json":{"title":"CP95XB - Campomatic","robots":{"index":"index","follow":"follow","max-snippet":"max-snippet:-1","max-image-preview":"max-image-preview:large","max-video-preview":"max-video-preview:-1"},"canonical":"https:\/\/campomatic.com\/es\/producto\/cp95xb\/","og_locale":"es_ES","og_type":"article","og_title":"CP95XB - Campomatic","og_description":"Quemadores de lat\u00f3n Aunque son m\u00e1s resistentes que los quemadores de aluminio, los de lat\u00f3n retienen el calor con mayor","og_url":"https:\/\/campomatic.com\/es\/producto\/cp95xb\/","og_site_name":"Campomatic","article_publisher":"https:\/\/www.facebook.com\/Campomatic\/","article_modified_time":"2023-11-10T08:02:33+00:00","og_image":[{"width":680,"height":900,"url":"https:\/\/campomatic.com\/wp-content\/uploads\/2023\/05\/CP95XB-pIC.1.jpg","type":"image\/jpeg"}],"twitter_card":"summary_large_image","twitter_site":"@campomatic","twitter_misc":{"Tiempo de lectura":"2 minutos"},"schema":{"@context":"https:\/\/schema.org","@graph":[{"@type":"WebPage","@id":"https:\/\/campomatic.com\/es\/producto\/cp95xb\/","url":"https:\/\/campomatic.com\/es\/producto\/cp95xb\/","name":"CP95XB - Campomatic","isPartOf":{"@id":"https:\/\/campomatic.com\/#website"},"primaryImageOfPage":{"@id":"https:\/\/campomatic.com\/es\/producto\/cp95xb\/#primaryimage"},"image":{"@id":"https:\/\/campomatic.com\/es\/producto\/cp95xb\/#primaryimage"},"thumbnailUrl":"https:\/\/campomatic.com\/wp-content\/uploads\/2023\/05\/CP95XB-pIC.1.jpg","datePublished":"2023-05-13T09:28:05+00:00","dateModified":"2023-11-10T08:02:33+00:00","breadcrumb":{"@id":"https:\/\/campomatic.com\/es\/producto\/cp95xb\/#breadcrumb"},"inLanguage":"es","potentialAction":[{"@type":"ReadAction","target":["https:\/\/campomatic.com\/es\/producto\/cp95xb\/"]}]},{"@type":"ImageObject","inLanguage":"es","@id":"https:\/\/campomatic.com\/es\/producto\/cp95xb\/#primaryimage","url":"https:\/\/campomatic.com\/wp-content\/uploads\/2023\/05\/CP95XB-pIC.1.jpg","contentUrl":"https:\/\/campomatic.com\/wp-content\/uploads\/2023\/05\/CP95XB-pIC.1.jpg","width":680,"height":900},{"@type":"BreadcrumbList","@id":"https:\/\/campomatic.com\/es\/producto\/cp95xb\/#breadcrumb","itemListElement":[{"@type":"ListItem","position":1,"name":"Home","item":"https:\/\/campomatic.com\/es\/"},{"@type":"ListItem","position":2,"name":"All Products","item":"https:\/\/campomatic.com\/shop\/"},{"@type":"ListItem","position":3,"name":"CP95XB"}]},{"@type":"WebSite","@id":"https:\/\/campomatic.com\/#website","url":"https:\/\/campomatic.com\/","name":"Campomatic","description":"One of the market leaders for digital electronics, home appliances and Built-in Appliances products","publisher":{"@id":"https:\/\/campomatic.com\/#organization"},"potentialAction":[{"@type":"SearchAction","target":{"@type":"EntryPoint","urlTemplate":"https:\/\/campomatic.com\/?s={search_term_string}"},"query-input":{"@type":"PropertyValueSpecification","valueRequired":true,"valueName":"search_term_string"}}],"inLanguage":"es"},{"@type":"Organization","@id":"https:\/\/campomatic.com\/#organization","name":"Campomatic","url":"https:\/\/campomatic.com\/","logo":{"@type":"ImageObject","inLanguage":"es","@id":"https:\/\/campomatic.com\/#\/schema\/logo\/image\/","url":"https:\/\/campomatic.com\/wp-content\/uploads\/2023\/01\/campomatic-logo.gif","contentUrl":"https:\/\/campomatic.com\/wp-content\/uploads\/2023\/01\/campomatic-logo.gif","width":306,"height":26,"caption":"Campomatic"},"image":{"@id":"https:\/\/campomatic.com\/#\/schema\/logo\/image\/"},"sameAs":["https:\/\/www.facebook.com\/Campomatic\/","https:\/\/x.com\/campomatic"]}]}},"_links":{"self":[{"href":"https:\/\/campomatic.com\/es\/wp-json\/wp\/v2\/product\/16511","targetHints":{"allow":["GET"]}}],"collection":[{"href":"https:\/\/campomatic.com\/es\/wp-json\/wp\/v2\/product"}],"about":[{"href":"https:\/\/campomatic.com\/es\/wp-json\/wp\/v2\/types\/product"}],"version-history":[{"count":0,"href":"https:\/\/campomatic.com\/es\/wp-json\/wp\/v2\/product\/16511\/revisions"}],"wp:featuredmedia":[{"embeddable":true,"href":"https:\/\/campomatic.com\/es\/wp-json\/wp\/v2\/media\/15070"}],"wp:attachment":[{"href":"https:\/\/campomatic.com\/es\/wp-json\/wp\/v2\/media?parent=16511"}],"wp:term":[{"taxonomy":"product_brand","embeddable":true,"href":"https:\/\/campomatic.com\/es\/wp-json\/wp\/v2\/product_brand?post=16511"},{"taxonomy":"product_cat","embeddable":true,"href":"https:\/\/campomatic.com\/es\/wp-json\/wp\/v2\/product_cat?post=16511"},{"taxonomy":"product_tag","embeddable":true,"href":"https:\/\/campomatic.com\/es\/wp-json\/wp\/v2\/product_tag?post=16511"}],"curies":[{"name":"wp","href":"https:\/\/api.w.org\/{rel}","templated":true}]}}