{"id":16636,"date":"2023-02-15T12:07:44","date_gmt":"2023-02-15T10:07:44","guid":{"rendered":"https:\/\/campomatic.com\/product\/led75hul\/"},"modified":"2024-02-29T11:04:07","modified_gmt":"2024-02-29T09:04:07","slug":"led75hul","status":"publish","type":"product","link":"https:\/\/campomatic.com\/es\/producto\/led75hul\/","title":{"rendered":"LED75HUL"},"content":{"rendered":"\t\t<div data-elementor-type=\"wp-post\" data-elementor-id=\"16636\" class=\"elementor elementor-16636 elementor-9593\">\n\t\t\t\t\t\t<section class=\"elementor-section elementor-top-section elementor-element elementor-element-746a74c9 elementor-section-boxed elementor-section-height-default elementor-section-height-default wd-section-disabled\" data-id=\"746a74c9\" data-element_type=\"section\" data-e-type=\"section\">\n\t\t\t\t\t\t<div class=\"elementor-container elementor-column-gap-default\">\n\t\t\t\t\t<div class=\"elementor-column elementor-col-100 elementor-top-column elementor-element elementor-element-530435fb\" data-id=\"530435fb\" data-element_type=\"column\" data-e-type=\"column\">\n\t\t\t<div class=\"elementor-widget-wrap\">\n\t\t\t\t\t\t\t<\/div>\n\t\t<\/div>\n\t\t\t\t\t<\/div>\n\t\t<\/section>\n\t\t\t\t<section class=\"elementor-section elementor-top-section elementor-element elementor-element-65d16ca8 elementor-section-boxed elementor-section-height-default elementor-section-height-default wd-section-disabled\" data-id=\"65d16ca8\" data-element_type=\"section\" data-e-type=\"section\">\n\t\t\t\t\t\t<div class=\"elementor-container elementor-column-gap-default\">\n\t\t\t\t\t<div class=\"elementor-column elementor-col-100 elementor-top-column elementor-element elementor-element-58f5c4ec\" data-id=\"58f5c4ec\" data-element_type=\"column\" data-e-type=\"column\">\n\t\t\t<div class=\"elementor-widget-wrap elementor-element-populated\">\n\t\t\t\t\t\t<div class=\"elementor-element elementor-element-de1deae elementor-widget elementor-widget-image\" data-id=\"de1deae\" data-element_type=\"widget\" data-e-type=\"widget\" data-widget_type=\"image.default\">\n\t\t\t\t<div class=\"elementor-widget-container\">\n\t\t\t\t\t\t\t\t\t\t\t\t\t\t\t<img fetchpriority=\"high\" decoding=\"async\" width=\"1200\" height=\"672\" src=\"https:\/\/campomatic.com\/wp-content\/uploads\/2023\/02\/PC-TO-TV.jpg\" class=\"attachment-large size-large wp-image-13338\" alt=\"\" srcset=\"https:\/\/campomatic.com\/wp-content\/uploads\/2023\/02\/PC-TO-TV.jpg 1200w, https:\/\/campomatic.com\/wp-content\/uploads\/2023\/02\/PC-TO-TV-900x504.jpg 900w, https:\/\/campomatic.com\/wp-content\/uploads\/2023\/02\/PC-TO-TV-150x84.jpg 150w, https:\/\/campomatic.com\/wp-content\/uploads\/2023\/02\/PC-TO-TV-680x381.jpg 680w, https:\/\/campomatic.com\/wp-content\/uploads\/2023\/02\/PC-TO-TV-64x36.jpg 64w, https:\/\/campomatic.com\/wp-content\/uploads\/2023\/02\/PC-TO-TV-400x224.jpg 400w, https:\/\/campomatic.com\/wp-content\/uploads\/2023\/02\/PC-TO-TV-768x430.jpg 768w\" sizes=\"(max-width: 1200px) 100vw, 1200px\" \/>\t\t\t\t\t\t\t\t\t\t\t\t\t\t\t<\/div>\n\t\t\t\t<\/div>\n\t\t\t\t<div class=\"elementor-element elementor-element-7fc32837 elementor-widget elementor-widget-wd_title\" data-id=\"7fc32837\" data-element_type=\"widget\" data-e-type=\"widget\" data-widget_type=\"wd_title.default\">\n\t\t\t\t<div class=\"elementor-widget-container\">\n\t\t\t\t\t\t\t<div class=\"title-wrapper set-mb-s reset-last-child wd-title-color-default wd-title-style-default wd-title-size-default text-center\">\n\n\t\t\t\n\t\t\t<div class=\"liner-continer\">\n\t\t\t\t<h2 class=\"woodmart-title-container title wd-fontsize-l\">De PC a TV<\/h2> \n\t\t\t\t\t\t\t<\/div>\n\n\t\t\t\t\t\t\t<div class=\"title-after_title set-cont-mb-s reset-last-child wd-fontsize-xs\">\n\t\t\t\t\tCon\u00e9ctalo mediante un cable VGA o HDMI dependiendo de la salida de tu PC para ver la pantalla de tu ordenador en tu televisor LED. Esta funci\u00f3n tambi\u00e9n es ideal para presentaciones para grupos grandes.\t\t\t\t<\/div>\n\t\t\t\t\t<\/div>\n\t\t\t\t\t\t<\/div>\n\t\t\t\t<\/div>\n\t\t\t\t<div class=\"elementor-element elementor-element-66e20c52 elementor-widget elementor-widget-image\" data-id=\"66e20c52\" data-element_type=\"widget\" data-e-type=\"widget\" data-widget_type=\"image.default\">\n\t\t\t\t<div class=\"elementor-widget-container\">\n\t\t\t\t\t\t\t\t\t\t\t\t\t\t\t<img decoding=\"async\" width=\"1031\" height=\"672\" src=\"https:\/\/campomatic.com\/wp-content\/uploads\/2023\/02\/Screen-Mirroring.jpg\" class=\"attachment-large size-large wp-image-13382\" alt=\"\" srcset=\"https:\/\/campomatic.com\/wp-content\/uploads\/2023\/02\/Screen-Mirroring.jpg 1031w, https:\/\/campomatic.com\/wp-content\/uploads\/2023\/02\/Screen-Mirroring-900x587.jpg 900w, https:\/\/campomatic.com\/wp-content\/uploads\/2023\/02\/Screen-Mirroring-150x98.jpg 150w, https:\/\/campomatic.com\/wp-content\/uploads\/2023\/02\/Screen-Mirroring-680x443.jpg 680w, https:\/\/campomatic.com\/wp-content\/uploads\/2023\/02\/Screen-Mirroring-64x42.jpg 64w, https:\/\/campomatic.com\/wp-content\/uploads\/2023\/02\/Screen-Mirroring-400x261.jpg 400w, https:\/\/campomatic.com\/wp-content\/uploads\/2023\/02\/Screen-Mirroring-768x501.jpg 768w\" sizes=\"(max-width: 1031px) 100vw, 1031px\" \/>\t\t\t\t\t\t\t\t\t\t\t\t\t\t\t<\/div>\n\t\t\t\t<\/div>\n\t\t\t\t<div class=\"elementor-element elementor-element-5ba79f8f elementor-widget elementor-widget-wd_title\" data-id=\"5ba79f8f\" data-element_type=\"widget\" data-e-type=\"widget\" data-widget_type=\"wd_title.default\">\n\t\t\t\t<div class=\"elementor-widget-container\">\n\t\t\t\t\t\t\t<div class=\"title-wrapper set-mb-s reset-last-child wd-title-color-default wd-title-style-default wd-title-size-default text-center\">\n\n\t\t\t\n\t\t\t<div class=\"liner-continer\">\n\t\t\t\t<h2 class=\"woodmart-title-container title wd-fontsize-l\">Reflejo de pantalla<\/h2> \n\t\t\t\t\t\t\t<\/div>\n\n\t\t\t\t\t\t\t<div class=\"title-after_title set-cont-mb-s reset-last-child wd-fontsize-xs\">\n\t\t\t\t\tEsta funci\u00f3n le permite reflejar su smartphone en la pantalla del televisor con alta calidad. Podr\u00e1s reproducir v\u00eddeos, m\u00fasica, fotos, etc. en tu gran pantalla de TV. Para ello, env\u00eda continuamente una copia de su pantalla completa o de una sola ventana para que se muestre en el dispositivo de destino en tiempo real.\t\t\t\t<\/div>\n\t\t\t\t\t<\/div>\n\t\t\t\t\t\t<\/div>\n\t\t\t\t<\/div>\n\t\t\t\t<div class=\"elementor-element elementor-element-312672c8 elementor-widget elementor-widget-image\" data-id=\"312672c8\" data-element_type=\"widget\" data-e-type=\"widget\" data-widget_type=\"image.default\">\n\t\t\t\t<div class=\"elementor-widget-container\">\n\t\t\t\t\t\t\t\t\t\t\t\t\t\t\t<img decoding=\"async\" width=\"1300\" height=\"800\" src=\"https:\/\/campomatic.com\/wp-content\/uploads\/2023\/02\/webOS-by-LG-1300x800.jpg\" class=\"attachment-large size-large wp-image-13386\" alt=\"\" srcset=\"https:\/\/campomatic.com\/wp-content\/uploads\/2023\/02\/webOS-by-LG-1300x800.jpg 1300w, https:\/\/campomatic.com\/wp-content\/uploads\/2023\/02\/webOS-by-LG-900x554.jpg 900w, https:\/\/campomatic.com\/wp-content\/uploads\/2023\/02\/webOS-by-LG-150x92.jpg 150w, https:\/\/campomatic.com\/wp-content\/uploads\/2023\/02\/webOS-by-LG-680x418.jpg 680w, https:\/\/campomatic.com\/wp-content\/uploads\/2023\/02\/webOS-by-LG-64x39.jpg 64w, https:\/\/campomatic.com\/wp-content\/uploads\/2023\/02\/webOS-by-LG-400x246.jpg 400w, https:\/\/campomatic.com\/wp-content\/uploads\/2023\/02\/webOS-by-LG-768x473.jpg 768w, https:\/\/campomatic.com\/wp-content\/uploads\/2023\/02\/webOS-by-LG-1536x945.jpg 1536w, https:\/\/campomatic.com\/wp-content\/uploads\/2023\/02\/webOS-by-LG-2048x1260.jpg 2048w, https:\/\/campomatic.com\/wp-content\/uploads\/2023\/02\/webOS-by-LG-1800x1108.jpg 1800w\" sizes=\"(max-width: 1300px) 100vw, 1300px\" \/>\t\t\t\t\t\t\t\t\t\t\t\t\t\t\t<\/div>\n\t\t\t\t<\/div>\n\t\t\t\t<div class=\"elementor-element elementor-element-6a8d7458 elementor-widget elementor-widget-wd_title\" data-id=\"6a8d7458\" data-element_type=\"widget\" data-e-type=\"widget\" data-widget_type=\"wd_title.default\">\n\t\t\t\t<div class=\"elementor-widget-container\">\n\t\t\t\t\t\t\t<div class=\"title-wrapper set-mb-s reset-last-child wd-title-color-default wd-title-style-default wd-title-size-default text-center\">\n\n\t\t\t\n\t\t\t<div class=\"liner-continer\">\n\t\t\t\t<h2 class=\"woodmart-title-container title wd-fontsize-l\">WebOS<br \/>\n<\/h2> \n\t\t\t\t\t\t\t<\/div>\n\n\t\t\t\t\t\t\t<div class=\"title-after_title set-cont-mb-s reset-last-child wd-fontsize-xs\">\n\t\t\t\t\tWebOS es un sistema operativo para televisores inteligentes, propiedad de LG y basado en Linux, que est\u00e1 configurado para permitir el control y el acceso a las funciones m\u00e1s avanzadas de los televisores inteligentes y los dispositivos conectados a trav\u00e9s de una interfaz gr\u00e1fica de usuario (GUI).<br \/>\n<br \/>\nCon webOS TV, crea la mejor experiencia adaptada a la televisi\u00f3n inteligente, al tiempo que aprovechas la ventaja de trabajar con uno de los mejores y m\u00e1s solidarios socios que te dan acceso a todo un nuevo mundo de entretenimiento con aplicaciones webOS y contenidos de Netflix, Amazon Video, Hulu, YouTube y mucho m\u00e1s.\t\t\t\t<\/div>\n\t\t\t\t\t<\/div>\n\t\t\t\t\t\t<\/div>\n\t\t\t\t<\/div>\n\t\t\t\t<div class=\"elementor-element elementor-element-68ca9995 elementor-widget elementor-widget-image\" data-id=\"68ca9995\" data-element_type=\"widget\" data-e-type=\"widget\" data-widget_type=\"image.default\">\n\t\t\t\t<div class=\"elementor-widget-container\">\n\t\t\t\t\t\t\t\t\t\t\t\t\t\t\t<img loading=\"lazy\" decoding=\"async\" width=\"632\" height=\"481\" src=\"https:\/\/campomatic.com\/wp-content\/uploads\/2023\/02\/Magic-Remote-by-LG.jpg\" class=\"attachment-large size-large wp-image-13390\" alt=\"\" srcset=\"https:\/\/campomatic.com\/wp-content\/uploads\/2023\/02\/Magic-Remote-by-LG.jpg 632w, https:\/\/campomatic.com\/wp-content\/uploads\/2023\/02\/Magic-Remote-by-LG-150x114.jpg 150w, https:\/\/campomatic.com\/wp-content\/uploads\/2023\/02\/Magic-Remote-by-LG-64x49.jpg 64w, https:\/\/campomatic.com\/wp-content\/uploads\/2023\/02\/Magic-Remote-by-LG-394x300.jpg 394w\" sizes=\"(max-width: 632px) 100vw, 632px\" \/>\t\t\t\t\t\t\t\t\t\t\t\t\t\t\t<\/div>\n\t\t\t\t<\/div>\n\t\t\t\t<div class=\"elementor-element elementor-element-20e1c554 elementor-widget elementor-widget-wd_title\" data-id=\"20e1c554\" data-element_type=\"widget\" data-e-type=\"widget\" data-widget_type=\"wd_title.default\">\n\t\t\t\t<div class=\"elementor-widget-container\">\n\t\t\t\t\t\t\t<div class=\"title-wrapper set-mb-s reset-last-child wd-title-color-default wd-title-style-default wd-title-size-default text-center\">\n\n\t\t\t\n\t\t\t<div class=\"liner-continer\">\n\t\t\t\t<h2 class=\"woodmart-title-container title wd-fontsize-l\">Mando a distancia m\u00e1gico<br \/>\n<\/h2> \n\t\t\t\t\t\t\t<\/div>\n\n\t\t\t\t\t\t\t<div class=\"title-after_title set-cont-mb-s reset-last-child wd-fontsize-xs\">\n\t\t\t\t\tEl mando a distancia Magic de LG es el \u00fanico mando a distancia que necesitas gracias a su c\u00f3modo dise\u00f1o ergon\u00f3mico con la capacidad de utilizarlo como mando a distancia, puntero y comandante por voz con su control similar al de un rat\u00f3n de PC y su rueda de clic para gestionar tu entretenimiento y tu hogar inteligente.\t\t\t\t<\/div>\n\t\t\t\t\t<\/div>\n\t\t\t\t\t\t<\/div>\n\t\t\t\t<\/div>\n\t\t\t\t<div class=\"elementor-element elementor-element-4ff164ab elementor-widget elementor-widget-image\" data-id=\"4ff164ab\" data-element_type=\"widget\" data-e-type=\"widget\" data-widget_type=\"image.default\">\n\t\t\t\t<div class=\"elementor-widget-container\">\n\t\t\t\t\t\t\t\t\t\t\t\t\t\t\t<img loading=\"lazy\" decoding=\"async\" width=\"1200\" height=\"672\" src=\"https:\/\/campomatic.com\/wp-content\/uploads\/2023\/02\/4K-TV-UHD.jpg\" class=\"attachment-large size-large wp-image-13394\" alt=\"\" srcset=\"https:\/\/campomatic.com\/wp-content\/uploads\/2023\/02\/4K-TV-UHD.jpg 1200w, https:\/\/campomatic.com\/wp-content\/uploads\/2023\/02\/4K-TV-UHD-900x504.jpg 900w, https:\/\/campomatic.com\/wp-content\/uploads\/2023\/02\/4K-TV-UHD-150x84.jpg 150w, https:\/\/campomatic.com\/wp-content\/uploads\/2023\/02\/4K-TV-UHD-680x381.jpg 680w, https:\/\/campomatic.com\/wp-content\/uploads\/2023\/02\/4K-TV-UHD-64x36.jpg 64w, https:\/\/campomatic.com\/wp-content\/uploads\/2023\/02\/4K-TV-UHD-400x224.jpg 400w, https:\/\/campomatic.com\/wp-content\/uploads\/2023\/02\/4K-TV-UHD-768x430.jpg 768w\" sizes=\"(max-width: 1200px) 100vw, 1200px\" \/>\t\t\t\t\t\t\t\t\t\t\t\t\t\t\t<\/div>\n\t\t\t\t<\/div>\n\t\t\t\t<div class=\"elementor-element elementor-element-569dd4ad elementor-widget elementor-widget-wd_title\" data-id=\"569dd4ad\" data-element_type=\"widget\" data-e-type=\"widget\" data-widget_type=\"wd_title.default\">\n\t\t\t\t<div class=\"elementor-widget-container\">\n\t\t\t\t\t\t\t<div class=\"title-wrapper set-mb-s reset-last-child wd-title-color-default wd-title-style-default wd-title-size-default text-center\">\n\n\t\t\t\n\t\t\t<div class=\"liner-continer\">\n\t\t\t\t<h2 class=\"woodmart-title-container title wd-fontsize-l\">4K UHD<br \/>\n<\/h2> \n\t\t\t\t\t\t\t<\/div>\n\n\t\t\t\t\t\t\t<div class=\"title-after_title set-cont-mb-s reset-last-child wd-fontsize-xs\">\n\t\t\t\t\tCon 4K UHD, puedes disfrutar de bellas im\u00e1genes de 3840x2160, que es cuatro veces la resoluci\u00f3n de Full HD, con 8 millones frente a los 2 millones de p\u00edxeles de Full HD. Las im\u00e1genes 4K son claras y realistas, sin pixelaci\u00f3n. Por otro lado, los contenidos en l\u00ednea est\u00e1n cada vez m\u00e1s disponibles en 4K.\t\t\t\t<\/div>\n\t\t\t\t\t<\/div>\n\t\t\t\t\t\t<\/div>\n\t\t\t\t<\/div>\n\t\t\t\t\t<\/div>\n\t\t<\/div>\n\t\t\t\t\t<\/div>\n\t\t<\/section>\n\t\t\t\t<\/div>\n\t\t","protected":false},"excerpt":{"rendered":"<p>De PC a TV Con\u00e9ctalo mediante un cable VGA o HDMI dependiendo de la salida de tu PC para ver<\/p>\n","protected":false},"featured_media":13274,"template":"","meta":{"_acf_changed":false},"product_brand":[],"product_cat":[1119],"product_tag":[],"class_list":{"0":"post-16636","1":"product","2":"type-product","3":"status-publish","4":"has-post-thumbnail","6":"product_cat-televisores-led","8":"first","9":"onbackorder","10":"sale","11":"taxable","12":"shipping-taxable","13":"purchasable","14":"product-type-simple"},"acf":[],"yoast_head":"<!-- This site is optimized with the Yoast SEO plugin v27.1.1 - https:\/\/yoast.com\/product\/yoast-seo-wordpress\/ -->\n<title>LED75HUL - Campomatic<\/title>\n<meta name=\"robots\" content=\"index, follow, max-snippet:-1, max-image-preview:large, max-video-preview:-1\" \/>\n<link rel=\"canonical\" href=\"https:\/\/campomatic.com\/es\/producto\/led75hul\/\" \/>\n<meta property=\"og:locale\" content=\"es_ES\" \/>\n<meta property=\"og:type\" content=\"article\" \/>\n<meta property=\"og:title\" content=\"LED75HUL - Campomatic\" \/>\n<meta property=\"og:description\" content=\"De PC a TV Con\u00e9ctalo mediante un cable VGA o HDMI dependiendo de la salida de tu PC para ver\" \/>\n<meta property=\"og:url\" content=\"https:\/\/campomatic.com\/es\/producto\/led75hul\/\" \/>\n<meta property=\"og:site_name\" content=\"Campomatic\" \/>\n<meta property=\"article:publisher\" content=\"https:\/\/www.facebook.com\/Campomatic\/\" \/>\n<meta property=\"article:modified_time\" content=\"2024-02-29T09:04:07+00:00\" \/>\n<meta property=\"og:image\" content=\"https:\/\/campomatic.com\/wp-content\/uploads\/2023\/01\/WEBOS-TV.jpg\" \/>\n\t<meta property=\"og:image:width\" content=\"680\" \/>\n\t<meta property=\"og:image:height\" content=\"900\" \/>\n\t<meta property=\"og:image:type\" content=\"image\/jpeg\" \/>\n<meta name=\"twitter:card\" content=\"summary_large_image\" \/>\n<meta name=\"twitter:site\" content=\"@campomatic\" \/>\n<meta name=\"twitter:label1\" content=\"Tiempo de lectura\" \/>\n\t<meta name=\"twitter:data1\" content=\"2 minutos\" \/>\n<script type=\"application\/ld+json\" class=\"yoast-schema-graph\">{\"@context\":\"https:\/\/schema.org\",\"@graph\":[{\"@type\":\"WebPage\",\"@id\":\"https:\/\/campomatic.com\/es\/producto\/led75hul\/\",\"url\":\"https:\/\/campomatic.com\/es\/producto\/led75hul\/\",\"name\":\"LED75HUL - Campomatic\",\"isPartOf\":{\"@id\":\"https:\/\/campomatic.com\/#website\"},\"primaryImageOfPage\":{\"@id\":\"https:\/\/campomatic.com\/es\/producto\/led75hul\/#primaryimage\"},\"image\":{\"@id\":\"https:\/\/campomatic.com\/es\/producto\/led75hul\/#primaryimage\"},\"thumbnailUrl\":\"https:\/\/campomatic.com\/wp-content\/uploads\/2023\/01\/WEBOS-TV.jpg\",\"datePublished\":\"2023-02-15T10:07:44+00:00\",\"dateModified\":\"2024-02-29T09:04:07+00:00\",\"breadcrumb\":{\"@id\":\"https:\/\/campomatic.com\/es\/producto\/led75hul\/#breadcrumb\"},\"inLanguage\":\"es\",\"potentialAction\":[{\"@type\":\"ReadAction\",\"target\":[\"https:\/\/campomatic.com\/es\/producto\/led75hul\/\"]}]},{\"@type\":\"ImageObject\",\"inLanguage\":\"es\",\"@id\":\"https:\/\/campomatic.com\/es\/producto\/led75hul\/#primaryimage\",\"url\":\"https:\/\/campomatic.com\/wp-content\/uploads\/2023\/01\/WEBOS-TV.jpg\",\"contentUrl\":\"https:\/\/campomatic.com\/wp-content\/uploads\/2023\/01\/WEBOS-TV.jpg\",\"width\":680,\"height\":900},{\"@type\":\"BreadcrumbList\",\"@id\":\"https:\/\/campomatic.com\/es\/producto\/led75hul\/#breadcrumb\",\"itemListElement\":[{\"@type\":\"ListItem\",\"position\":1,\"name\":\"Home\",\"item\":\"https:\/\/campomatic.com\/es\/\"},{\"@type\":\"ListItem\",\"position\":2,\"name\":\"All Products\",\"item\":\"https:\/\/campomatic.com\/shop\/\"},{\"@type\":\"ListItem\",\"position\":3,\"name\":\"LED75HUL\"}]},{\"@type\":\"WebSite\",\"@id\":\"https:\/\/campomatic.com\/#website\",\"url\":\"https:\/\/campomatic.com\/\",\"name\":\"Campomatic\",\"description\":\"One of the market leaders for digital electronics, home appliances and Built-in Appliances products\",\"publisher\":{\"@id\":\"https:\/\/campomatic.com\/#organization\"},\"potentialAction\":[{\"@type\":\"SearchAction\",\"target\":{\"@type\":\"EntryPoint\",\"urlTemplate\":\"https:\/\/campomatic.com\/?s={search_term_string}\"},\"query-input\":{\"@type\":\"PropertyValueSpecification\",\"valueRequired\":true,\"valueName\":\"search_term_string\"}}],\"inLanguage\":\"es\"},{\"@type\":\"Organization\",\"@id\":\"https:\/\/campomatic.com\/#organization\",\"name\":\"Campomatic\",\"url\":\"https:\/\/campomatic.com\/\",\"logo\":{\"@type\":\"ImageObject\",\"inLanguage\":\"es\",\"@id\":\"https:\/\/campomatic.com\/#\/schema\/logo\/image\/\",\"url\":\"https:\/\/campomatic.com\/wp-content\/uploads\/2023\/01\/campomatic-logo.gif\",\"contentUrl\":\"https:\/\/campomatic.com\/wp-content\/uploads\/2023\/01\/campomatic-logo.gif\",\"width\":306,\"height\":26,\"caption\":\"Campomatic\"},\"image\":{\"@id\":\"https:\/\/campomatic.com\/#\/schema\/logo\/image\/\"},\"sameAs\":[\"https:\/\/www.facebook.com\/Campomatic\/\",\"https:\/\/x.com\/campomatic\"]}]}<\/script>\n<!-- \/ Yoast SEO plugin. -->","yoast_head_json":{"title":"LED75HUL - Campomatic","robots":{"index":"index","follow":"follow","max-snippet":"max-snippet:-1","max-image-preview":"max-image-preview:large","max-video-preview":"max-video-preview:-1"},"canonical":"https:\/\/campomatic.com\/es\/producto\/led75hul\/","og_locale":"es_ES","og_type":"article","og_title":"LED75HUL - Campomatic","og_description":"De PC a TV Con\u00e9ctalo mediante un cable VGA o HDMI dependiendo de la salida de tu PC para ver","og_url":"https:\/\/campomatic.com\/es\/producto\/led75hul\/","og_site_name":"Campomatic","article_publisher":"https:\/\/www.facebook.com\/Campomatic\/","article_modified_time":"2024-02-29T09:04:07+00:00","og_image":[{"width":680,"height":900,"url":"https:\/\/campomatic.com\/wp-content\/uploads\/2023\/01\/WEBOS-TV.jpg","type":"image\/jpeg"}],"twitter_card":"summary_large_image","twitter_site":"@campomatic","twitter_misc":{"Tiempo de lectura":"2 minutos"},"schema":{"@context":"https:\/\/schema.org","@graph":[{"@type":"WebPage","@id":"https:\/\/campomatic.com\/es\/producto\/led75hul\/","url":"https:\/\/campomatic.com\/es\/producto\/led75hul\/","name":"LED75HUL - Campomatic","isPartOf":{"@id":"https:\/\/campomatic.com\/#website"},"primaryImageOfPage":{"@id":"https:\/\/campomatic.com\/es\/producto\/led75hul\/#primaryimage"},"image":{"@id":"https:\/\/campomatic.com\/es\/producto\/led75hul\/#primaryimage"},"thumbnailUrl":"https:\/\/campomatic.com\/wp-content\/uploads\/2023\/01\/WEBOS-TV.jpg","datePublished":"2023-02-15T10:07:44+00:00","dateModified":"2024-02-29T09:04:07+00:00","breadcrumb":{"@id":"https:\/\/campomatic.com\/es\/producto\/led75hul\/#breadcrumb"},"inLanguage":"es","potentialAction":[{"@type":"ReadAction","target":["https:\/\/campomatic.com\/es\/producto\/led75hul\/"]}]},{"@type":"ImageObject","inLanguage":"es","@id":"https:\/\/campomatic.com\/es\/producto\/led75hul\/#primaryimage","url":"https:\/\/campomatic.com\/wp-content\/uploads\/2023\/01\/WEBOS-TV.jpg","contentUrl":"https:\/\/campomatic.com\/wp-content\/uploads\/2023\/01\/WEBOS-TV.jpg","width":680,"height":900},{"@type":"BreadcrumbList","@id":"https:\/\/campomatic.com\/es\/producto\/led75hul\/#breadcrumb","itemListElement":[{"@type":"ListItem","position":1,"name":"Home","item":"https:\/\/campomatic.com\/es\/"},{"@type":"ListItem","position":2,"name":"All Products","item":"https:\/\/campomatic.com\/shop\/"},{"@type":"ListItem","position":3,"name":"LED75HUL"}]},{"@type":"WebSite","@id":"https:\/\/campomatic.com\/#website","url":"https:\/\/campomatic.com\/","name":"Campomatic","description":"One of the market leaders for digital electronics, home appliances and Built-in Appliances products","publisher":{"@id":"https:\/\/campomatic.com\/#organization"},"potentialAction":[{"@type":"SearchAction","target":{"@type":"EntryPoint","urlTemplate":"https:\/\/campomatic.com\/?s={search_term_string}"},"query-input":{"@type":"PropertyValueSpecification","valueRequired":true,"valueName":"search_term_string"}}],"inLanguage":"es"},{"@type":"Organization","@id":"https:\/\/campomatic.com\/#organization","name":"Campomatic","url":"https:\/\/campomatic.com\/","logo":{"@type":"ImageObject","inLanguage":"es","@id":"https:\/\/campomatic.com\/#\/schema\/logo\/image\/","url":"https:\/\/campomatic.com\/wp-content\/uploads\/2023\/01\/campomatic-logo.gif","contentUrl":"https:\/\/campomatic.com\/wp-content\/uploads\/2023\/01\/campomatic-logo.gif","width":306,"height":26,"caption":"Campomatic"},"image":{"@id":"https:\/\/campomatic.com\/#\/schema\/logo\/image\/"},"sameAs":["https:\/\/www.facebook.com\/Campomatic\/","https:\/\/x.com\/campomatic"]}]}},"_links":{"self":[{"href":"https:\/\/campomatic.com\/es\/wp-json\/wp\/v2\/product\/16636","targetHints":{"allow":["GET"]}}],"collection":[{"href":"https:\/\/campomatic.com\/es\/wp-json\/wp\/v2\/product"}],"about":[{"href":"https:\/\/campomatic.com\/es\/wp-json\/wp\/v2\/types\/product"}],"version-history":[{"count":0,"href":"https:\/\/campomatic.com\/es\/wp-json\/wp\/v2\/product\/16636\/revisions"}],"wp:featuredmedia":[{"embeddable":true,"href":"https:\/\/campomatic.com\/es\/wp-json\/wp\/v2\/media\/13274"}],"wp:attachment":[{"href":"https:\/\/campomatic.com\/es\/wp-json\/wp\/v2\/media?parent=16636"}],"wp:term":[{"taxonomy":"product_brand","embeddable":true,"href":"https:\/\/campomatic.com\/es\/wp-json\/wp\/v2\/product_brand?post=16636"},{"taxonomy":"product_cat","embeddable":true,"href":"https:\/\/campomatic.com\/es\/wp-json\/wp\/v2\/product_cat?post=16636"},{"taxonomy":"product_tag","embeddable":true,"href":"https:\/\/campomatic.com\/es\/wp-json\/wp\/v2\/product_tag?post=16636"}],"curies":[{"name":"wp","href":"https:\/\/api.w.org\/{rel}","templated":true}]}}