{"id":13627,"date":"2021-10-12T15:51:09","date_gmt":"2021-10-12T12:51:09","guid":{"rendered":"https:\/\/campomatic.net\/?page_id=13627"},"modified":"2023-03-21T11:27:03","modified_gmt":"2023-03-21T09:27:03","slug":"a-propos-de-nous","status":"publish","type":"page","link":"https:\/\/campomatic.com\/fr\/a-propos-de-nous\/","title":{"rendered":"\u00c0 propos de nous"},"content":{"rendered":"\t\t<div data-elementor-type=\"wp-page\" data-elementor-id=\"13627\" class=\"elementor elementor-13627 elementor-4400\">\n\t\t\t\t\t\t<section class=\"elementor-section elementor-top-section elementor-element elementor-element-3c548bca elementor-reverse-tablet elementor-reverse-mobile elementor-section-boxed elementor-section-height-default elementor-section-height-default wd-section-disabled\" data-id=\"3c548bca\" data-element_type=\"section\" data-e-type=\"section\">\n\t\t\t\t\t\t<div class=\"elementor-container elementor-column-gap-default\">\n\t\t\t\t\t<div class=\"elementor-column elementor-col-50 elementor-top-column elementor-element elementor-element-7a9daa7\" data-id=\"7a9daa7\" data-element_type=\"column\" data-e-type=\"column\">\n\t\t\t<div class=\"elementor-widget-wrap elementor-element-populated\">\n\t\t\t\t\t\t<div class=\"elementor-element elementor-element-18566191 elementor-widget elementor-widget-wd_title\" data-id=\"18566191\" data-element_type=\"widget\" data-e-type=\"widget\" data-widget_type=\"wd_title.default\">\n\t\t\t\t<div class=\"elementor-widget-container\">\n\t\t\t\t\t\t\t<div class=\"title-wrapper set-mb-s reset-last-child wd-title-color-primary wd-title-style-default wd-title-size-large text-left\">\n\n\t\t\t\t\t\t\t<div class=\"title-subtitle subtitle-color-primary subtitle-style-default wd-fontsize-xs\">\n\t\t\t\t\tProfil de la Soci\u00e9t\u00e9\t\t\t\t<\/div>\n\t\t\t\n\t\t\t<div class=\"liner-continer\">\n\t\t\t\t<h4 class=\"woodmart-title-container title wd-fontsize-xxl\"><\/h4> \n\t\t\t\t\t\t\t<\/div>\n\n\t\t\t\t\t<\/div>\n\t\t\t\t\t\t<\/div>\n\t\t\t\t<\/div>\n\t\t\t\t<div class=\"elementor-element elementor-element-cf34ae6 elementor-widget elementor-widget-wd_text_block\" data-id=\"cf34ae6\" data-element_type=\"widget\" data-e-type=\"widget\" data-widget_type=\"wd_text_block.default\">\n\t\t\t\t<div class=\"elementor-widget-container\">\n\t\t\t\t\t\t\t<div class=\"wd-text-block reset-last-child text-left\">\n\t\t\t\n\t\t\t<p>CAMPOMATIC est n\u00e9e en 1970 \u00e0 Campo Sampiero (Padova) en Italie en tant que marque de lave-linge et de cuisini\u00e8res \u00e0 gaz et s'est depuis d\u00e9velopp\u00e9e pour devenir une entreprise mondiale.<\/p><p>CAMPOMATIC vise \u00e0 \u00eatre l'un des leaders du march\u00e9 de l'\u00e9lectronique num\u00e9rique, des appareils \u00e9lectrom\u00e9nagers et des produits \u00e9nerg\u00e9tiques, avec une passion pour l'innovation, la qualit\u00e9, l'\u00e9l\u00e9gance, la responsabilit\u00e9 environnementale, le confort, la simplicit\u00e9 et la s\u00e9curit\u00e9.<\/p><p>CAMPOMATIC offre un monde de nouvelles possibilit\u00e9s pour un style de vie num\u00e9rique aujourd'hui et \u00e0 l'avenir. Sa large gamme de produits offre un m\u00e9lange exaltant de design et de technologie italiens, dans lequel le style impressionnant est au premier plan et la fonctionnalit\u00e9 enrichit l'exp\u00e9rience utilisateur.<\/p><p>CAMPOMATIC propose l'une des plus vastes gammes de produits du march\u00e9, notamment des t\u00e9l\u00e9viseurs, des appareils audio et vid\u00e9o, des t\u00e9l\u00e9phones, des appareils \u00e9lectrom\u00e9nagers, des cuisini\u00e8res, des appareils encastr\u00e9s, des petits appareils de cuisine, des soins personnels, des piles, des lampes, des lampes de poche et bien d'autres.<\/p>\n\t\t\t\t\t<\/div>\n\t\t\t\t\t\t<\/div>\n\t\t\t\t<\/div>\n\t\t\t\t\t<\/div>\n\t\t<\/div>\n\t\t\t\t<div class=\"elementor-column elementor-col-50 elementor-top-column elementor-element elementor-element-8863def\" data-id=\"8863def\" data-element_type=\"column\" data-e-type=\"column\">\n\t\t\t<div class=\"elementor-widget-wrap elementor-element-populated\">\n\t\t\t\t\t\t<div class=\"elementor-element elementor-element-199a9c3 elementor-widget elementor-widget-image\" data-id=\"199a9c3\" data-element_type=\"widget\" data-e-type=\"widget\" data-widget_type=\"image.default\">\n\t\t\t\t<div class=\"elementor-widget-container\">\n\t\t\t\t\t\t\t\t\t\t\t\t\t\t\t<img fetchpriority=\"high\" decoding=\"async\" width=\"800\" height=\"600\" src=\"https:\/\/campomatic.com\/wp-content\/uploads\/2023\/02\/About.jpg\" class=\"attachment-full size-full wp-image-11752\" alt=\"\" srcset=\"https:\/\/campomatic.com\/wp-content\/uploads\/2023\/02\/About.jpg 800w, https:\/\/campomatic.com\/wp-content\/uploads\/2023\/02\/About-150x113.jpg 150w, https:\/\/campomatic.com\/wp-content\/uploads\/2023\/02\/About-680x510.jpg 680w, https:\/\/campomatic.com\/wp-content\/uploads\/2023\/02\/About-64x48.jpg 64w, https:\/\/campomatic.com\/wp-content\/uploads\/2023\/02\/About-400x300.jpg 400w, https:\/\/campomatic.com\/wp-content\/uploads\/2023\/02\/About-768x576.jpg 768w\" sizes=\"(max-width: 800px) 100vw, 800px\" \/>\t\t\t\t\t\t\t\t\t\t\t\t\t\t\t<\/div>\n\t\t\t\t<\/div>\n\t\t\t\t\t<\/div>\n\t\t<\/div>\n\t\t\t\t\t<\/div>\n\t\t<\/section>\n\t\t\t\t<section class=\"elementor-section elementor-top-section elementor-element elementor-element-964ece2 elementor-reverse-tablet elementor-reverse-mobile elementor-section-boxed elementor-section-height-default elementor-section-height-default wd-section-disabled\" data-id=\"964ece2\" data-element_type=\"section\" data-e-type=\"section\">\n\t\t\t\t\t\t<div class=\"elementor-container elementor-column-gap-default\">\n\t\t\t\t\t<div class=\"elementor-column elementor-col-100 elementor-top-column elementor-element elementor-element-87e947d\" data-id=\"87e947d\" data-element_type=\"column\" data-e-type=\"column\">\n\t\t\t<div class=\"elementor-widget-wrap elementor-element-populated\">\n\t\t\t\t\t\t<div class=\"elementor-element elementor-element-93e3858 elementor-widget elementor-widget-wd_text_block\" data-id=\"93e3858\" data-element_type=\"widget\" data-e-type=\"widget\" data-widget_type=\"wd_text_block.default\">\n\t\t\t\t<div class=\"elementor-widget-container\">\n\t\t\t\t\t\t\t<div class=\"wd-text-block reset-last-child text-left\">\n\t\t\t\n\t\t\t<p>CAMPOMATIC maintient son engagement envers l'innovation gr\u00e2ce \u00e0 ses vastes installations mondiales de recherche et d\u00e9veloppement.<\/p><p><br \/>CAMPOMATIC a adopt\u00e9 une strat\u00e9gie de production globale avec 60 usines implant\u00e9es en Italie, en Grande-Bretagne, en Cor\u00e9e du Sud, en Turquie, en Chine et au Vietnam.<\/p><p>Alors que le monde continue de converger politiquement et \u00e9conomiquement, CAMPOMATIC a consolid\u00e9 ses activit\u00e9s et dispose d\u00e9sormais de quatre si\u00e8ges sociaux mondiaux \u00e9tablis pour r\u00e9pondre aux nouveaux objectifs strat\u00e9giques de l'entreprise. - Bureau r\u00e9gional Moyen-Orient, Afrique et Asie-Pacifique : CAMPOMATIC OFFSHORE S.A.L \u00e0 Beyrouth, Liban<\/p><ul><li>Bureau R\u00e9gional Europe &amp; CEI : CAMPOMATIC S.R.L \u00e0 Padoue, Italie.<\/li><li>Bureau r\u00e9gional Moyen-Orient, Afrique et Asie-Pacifique : CAMPOMATIC OFFSHORE S.A.L \u00e0 Beyrouth, Liban.<\/li><\/ul>\n\t\t\t\t\t<\/div>\n\t\t\t\t\t\t<\/div>\n\t\t\t\t<\/div>\n\t\t\t\t\t<\/div>\n\t\t<\/div>\n\t\t\t\t\t<\/div>\n\t\t<\/section>\n\t\t\t\t<\/div>\n\t\t","protected":false},"excerpt":{"rendered":"<p>Profil de la Soci\u00e9t\u00e9 CAMPOMATIC est n\u00e9e en 1970 \u00e0 Campo Sampiero (Padova) en Italie en tant que marque de<\/p>\n","protected":false},"author":1,"featured_media":0,"parent":0,"menu_order":0,"comment_status":"closed","ping_status":"closed","template":"","meta":{"_acf_changed":false,"footnotes":""},"class_list":["post-13627","page","type-page","status-publish","hentry"],"acf":[],"yoast_head":"<!-- This site is optimized with the Yoast SEO plugin v27.1.1 - https:\/\/yoast.com\/product\/yoast-seo-wordpress\/ -->\n<title>\u00c0 propos de nous - Campomatic<\/title>\n<meta name=\"description\" content=\"CAMPOMATIC was born in 1970 in Campo Sampiero (Padova) Italy as a washing machine &amp; gas cooker brand and has since then expanded to become a global company.CAMPOMATIC aims to be one of the market leaders for digital electronics, home appliances and energy products, with passion for innovation, quality, elegance, environmental responsibility, comfort, simplicity and safety.\" \/>\n<meta name=\"robots\" content=\"index, follow, max-snippet:-1, max-image-preview:large, max-video-preview:-1\" \/>\n<link rel=\"canonical\" href=\"https:\/\/campomatic.com\/fr\/a-propos-de-nous\/\" \/>\n<meta property=\"og:locale\" content=\"fr_FR\" \/>\n<meta property=\"og:type\" content=\"article\" \/>\n<meta property=\"og:title\" content=\"\u00c0 propos de nous - Campomatic\" \/>\n<meta property=\"og:description\" content=\"CAMPOMATIC was born in 1970 in Campo Sampiero (Padova) Italy as a washing machine &amp; gas cooker brand and has since then expanded to become a global company.CAMPOMATIC aims to be one of the market leaders for digital electronics, home appliances and energy products, with passion for innovation, quality, elegance, environmental responsibility, comfort, simplicity and safety.\" \/>\n<meta property=\"og:url\" content=\"https:\/\/campomatic.com\/fr\/a-propos-de-nous\/\" \/>\n<meta property=\"og:site_name\" content=\"Campomatic\" \/>\n<meta property=\"article:publisher\" content=\"https:\/\/www.facebook.com\/Campomatic\/\" \/>\n<meta property=\"article:modified_time\" content=\"2023-03-21T09:27:03+00:00\" \/>\n<meta property=\"og:image\" content=\"https:\/\/campomatic.com\/wp-content\/uploads\/2023\/02\/About.jpg\" \/>\n<meta name=\"twitter:card\" content=\"summary_large_image\" \/>\n<meta name=\"twitter:site\" content=\"@campomatic\" \/>\n<meta name=\"twitter:label1\" content=\"Dur\u00e9e de lecture estim\u00e9e\" \/>\n\t<meta name=\"twitter:data1\" content=\"2 minutes\" \/>\n<script type=\"application\/ld+json\" class=\"yoast-schema-graph\">{\"@context\":\"https:\/\/schema.org\",\"@graph\":[{\"@type\":\"WebPage\",\"@id\":\"https:\/\/campomatic.com\/fr\/a-propos-de-nous\/\",\"url\":\"https:\/\/campomatic.com\/fr\/a-propos-de-nous\/\",\"name\":\"\u00c0 propos de nous - Campomatic\",\"isPartOf\":{\"@id\":\"https:\/\/campomatic.com\/#website\"},\"primaryImageOfPage\":{\"@id\":\"https:\/\/campomatic.com\/fr\/a-propos-de-nous\/#primaryimage\"},\"image\":{\"@id\":\"https:\/\/campomatic.com\/fr\/a-propos-de-nous\/#primaryimage\"},\"thumbnailUrl\":\"https:\/\/campomatic.com\/wp-content\/uploads\/2023\/02\/About.jpg\",\"datePublished\":\"2021-10-12T12:51:09+00:00\",\"dateModified\":\"2023-03-21T09:27:03+00:00\",\"description\":\"CAMPOMATIC was born in 1970 in Campo Sampiero (Padova) Italy as a washing machine & gas cooker brand and has since then expanded to become a global company.CAMPOMATIC aims to be one of the market leaders for digital electronics, home appliances and energy products, with passion for innovation, quality, elegance, environmental responsibility, comfort, simplicity and safety.\",\"breadcrumb\":{\"@id\":\"https:\/\/campomatic.com\/fr\/a-propos-de-nous\/#breadcrumb\"},\"inLanguage\":\"fr-FR\",\"potentialAction\":[{\"@type\":\"ReadAction\",\"target\":[\"https:\/\/campomatic.com\/fr\/a-propos-de-nous\/\"]}]},{\"@type\":\"ImageObject\",\"inLanguage\":\"fr-FR\",\"@id\":\"https:\/\/campomatic.com\/fr\/a-propos-de-nous\/#primaryimage\",\"url\":\"https:\/\/campomatic.com\/wp-content\/uploads\/2023\/02\/About.jpg\",\"contentUrl\":\"https:\/\/campomatic.com\/wp-content\/uploads\/2023\/02\/About.jpg\"},{\"@type\":\"BreadcrumbList\",\"@id\":\"https:\/\/campomatic.com\/fr\/a-propos-de-nous\/#breadcrumb\",\"itemListElement\":[{\"@type\":\"ListItem\",\"position\":1,\"name\":\"Home\",\"item\":\"https:\/\/campomatic.com\/fr\/\"},{\"@type\":\"ListItem\",\"position\":2,\"name\":\"\u00c0 propos de nous\"}]},{\"@type\":\"WebSite\",\"@id\":\"https:\/\/campomatic.com\/#website\",\"url\":\"https:\/\/campomatic.com\/\",\"name\":\"Campomatic\",\"description\":\"One of the market leaders for digital electronics, home appliances and Built-in Appliances products\",\"publisher\":{\"@id\":\"https:\/\/campomatic.com\/#organization\"},\"potentialAction\":[{\"@type\":\"SearchAction\",\"target\":{\"@type\":\"EntryPoint\",\"urlTemplate\":\"https:\/\/campomatic.com\/?s={search_term_string}\"},\"query-input\":{\"@type\":\"PropertyValueSpecification\",\"valueRequired\":true,\"valueName\":\"search_term_string\"}}],\"inLanguage\":\"fr-FR\"},{\"@type\":\"Organization\",\"@id\":\"https:\/\/campomatic.com\/#organization\",\"name\":\"Campomatic\",\"url\":\"https:\/\/campomatic.com\/\",\"logo\":{\"@type\":\"ImageObject\",\"inLanguage\":\"fr-FR\",\"@id\":\"https:\/\/campomatic.com\/#\/schema\/logo\/image\/\",\"url\":\"https:\/\/campomatic.com\/wp-content\/uploads\/2023\/01\/campomatic-logo.gif\",\"contentUrl\":\"https:\/\/campomatic.com\/wp-content\/uploads\/2023\/01\/campomatic-logo.gif\",\"width\":306,\"height\":26,\"caption\":\"Campomatic\"},\"image\":{\"@id\":\"https:\/\/campomatic.com\/#\/schema\/logo\/image\/\"},\"sameAs\":[\"https:\/\/www.facebook.com\/Campomatic\/\",\"https:\/\/x.com\/campomatic\"]}]}<\/script>\n<!-- \/ Yoast SEO plugin. -->","yoast_head_json":{"title":"\u00c0 propos de nous - Campomatic","description":"CAMPOMATIC was born in 1970 in Campo Sampiero (Padova) Italy as a washing machine & gas cooker brand and has since then expanded to become a global company.CAMPOMATIC aims to be one of the market leaders for digital electronics, home appliances and energy products, with passion for innovation, quality, elegance, environmental responsibility, comfort, simplicity and safety.","robots":{"index":"index","follow":"follow","max-snippet":"max-snippet:-1","max-image-preview":"max-image-preview:large","max-video-preview":"max-video-preview:-1"},"canonical":"https:\/\/campomatic.com\/fr\/a-propos-de-nous\/","og_locale":"fr_FR","og_type":"article","og_title":"\u00c0 propos de nous - Campomatic","og_description":"CAMPOMATIC was born in 1970 in Campo Sampiero (Padova) Italy as a washing machine & gas cooker brand and has since then expanded to become a global company.CAMPOMATIC aims to be one of the market leaders for digital electronics, home appliances and energy products, with passion for innovation, quality, elegance, environmental responsibility, comfort, simplicity and safety.","og_url":"https:\/\/campomatic.com\/fr\/a-propos-de-nous\/","og_site_name":"Campomatic","article_publisher":"https:\/\/www.facebook.com\/Campomatic\/","article_modified_time":"2023-03-21T09:27:03+00:00","og_image":[{"url":"https:\/\/campomatic.com\/wp-content\/uploads\/2023\/02\/About.jpg","type":"","width":"","height":""}],"twitter_card":"summary_large_image","twitter_site":"@campomatic","twitter_misc":{"Dur\u00e9e de lecture estim\u00e9e":"2 minutes"},"schema":{"@context":"https:\/\/schema.org","@graph":[{"@type":"WebPage","@id":"https:\/\/campomatic.com\/fr\/a-propos-de-nous\/","url":"https:\/\/campomatic.com\/fr\/a-propos-de-nous\/","name":"\u00c0 propos de nous - Campomatic","isPartOf":{"@id":"https:\/\/campomatic.com\/#website"},"primaryImageOfPage":{"@id":"https:\/\/campomatic.com\/fr\/a-propos-de-nous\/#primaryimage"},"image":{"@id":"https:\/\/campomatic.com\/fr\/a-propos-de-nous\/#primaryimage"},"thumbnailUrl":"https:\/\/campomatic.com\/wp-content\/uploads\/2023\/02\/About.jpg","datePublished":"2021-10-12T12:51:09+00:00","dateModified":"2023-03-21T09:27:03+00:00","description":"CAMPOMATIC was born in 1970 in Campo Sampiero (Padova) Italy as a washing machine & gas cooker brand and has since then expanded to become a global company.CAMPOMATIC aims to be one of the market leaders for digital electronics, home appliances and energy products, with passion for innovation, quality, elegance, environmental responsibility, comfort, simplicity and safety.","breadcrumb":{"@id":"https:\/\/campomatic.com\/fr\/a-propos-de-nous\/#breadcrumb"},"inLanguage":"fr-FR","potentialAction":[{"@type":"ReadAction","target":["https:\/\/campomatic.com\/fr\/a-propos-de-nous\/"]}]},{"@type":"ImageObject","inLanguage":"fr-FR","@id":"https:\/\/campomatic.com\/fr\/a-propos-de-nous\/#primaryimage","url":"https:\/\/campomatic.com\/wp-content\/uploads\/2023\/02\/About.jpg","contentUrl":"https:\/\/campomatic.com\/wp-content\/uploads\/2023\/02\/About.jpg"},{"@type":"BreadcrumbList","@id":"https:\/\/campomatic.com\/fr\/a-propos-de-nous\/#breadcrumb","itemListElement":[{"@type":"ListItem","position":1,"name":"Home","item":"https:\/\/campomatic.com\/fr\/"},{"@type":"ListItem","position":2,"name":"\u00c0 propos de nous"}]},{"@type":"WebSite","@id":"https:\/\/campomatic.com\/#website","url":"https:\/\/campomatic.com\/","name":"Campomatic","description":"One of the market leaders for digital electronics, home appliances and Built-in Appliances products","publisher":{"@id":"https:\/\/campomatic.com\/#organization"},"potentialAction":[{"@type":"SearchAction","target":{"@type":"EntryPoint","urlTemplate":"https:\/\/campomatic.com\/?s={search_term_string}"},"query-input":{"@type":"PropertyValueSpecification","valueRequired":true,"valueName":"search_term_string"}}],"inLanguage":"fr-FR"},{"@type":"Organization","@id":"https:\/\/campomatic.com\/#organization","name":"Campomatic","url":"https:\/\/campomatic.com\/","logo":{"@type":"ImageObject","inLanguage":"fr-FR","@id":"https:\/\/campomatic.com\/#\/schema\/logo\/image\/","url":"https:\/\/campomatic.com\/wp-content\/uploads\/2023\/01\/campomatic-logo.gif","contentUrl":"https:\/\/campomatic.com\/wp-content\/uploads\/2023\/01\/campomatic-logo.gif","width":306,"height":26,"caption":"Campomatic"},"image":{"@id":"https:\/\/campomatic.com\/#\/schema\/logo\/image\/"},"sameAs":["https:\/\/www.facebook.com\/Campomatic\/","https:\/\/x.com\/campomatic"]}]}},"_links":{"self":[{"href":"https:\/\/campomatic.com\/fr\/wp-json\/wp\/v2\/pages\/13627","targetHints":{"allow":["GET"]}}],"collection":[{"href":"https:\/\/campomatic.com\/fr\/wp-json\/wp\/v2\/pages"}],"about":[{"href":"https:\/\/campomatic.com\/fr\/wp-json\/wp\/v2\/types\/page"}],"author":[{"embeddable":true,"href":"https:\/\/campomatic.com\/fr\/wp-json\/wp\/v2\/users\/1"}],"replies":[{"embeddable":true,"href":"https:\/\/campomatic.com\/fr\/wp-json\/wp\/v2\/comments?post=13627"}],"version-history":[{"count":0,"href":"https:\/\/campomatic.com\/fr\/wp-json\/wp\/v2\/pages\/13627\/revisions"}],"wp:attachment":[{"href":"https:\/\/campomatic.com\/fr\/wp-json\/wp\/v2\/media?parent=13627"}],"curies":[{"name":"wp","href":"https:\/\/api.w.org\/{rel}","templated":true}]}}