{"id":16151,"date":"2023-10-30T14:55:10","date_gmt":"2023-10-30T12:55:10","guid":{"rendered":"https:\/\/campomatic.com\/product\/tb60vx\/"},"modified":"2023-11-08T11:21:54","modified_gmt":"2023-11-08T09:21:54","slug":"tb60vx","status":"publish","type":"product","link":"https:\/\/campomatic.com\/fr\/produit\/tb60vx\/","title":{"rendered":"TB60VX"},"content":{"rendered":"\t\t<div data-elementor-type=\"wp-post\" data-elementor-id=\"16151\" class=\"elementor elementor-16151 elementor-16060\">\n\t\t\t\t\t\t<section class=\"elementor-section elementor-top-section elementor-element elementor-element-6f47311 elementor-section-boxed elementor-section-height-default elementor-section-height-default wd-section-disabled\" data-id=\"6f47311\" data-element_type=\"section\" data-e-type=\"section\">\n\t\t\t\t\t\t<div class=\"elementor-container elementor-column-gap-default\">\n\t\t\t\t\t<div class=\"elementor-column elementor-col-100 elementor-top-column elementor-element elementor-element-4007540d\" data-id=\"4007540d\" data-element_type=\"column\" data-e-type=\"column\">\n\t\t\t<div class=\"elementor-widget-wrap elementor-element-populated\">\n\t\t\t\t\t\t<div class=\"elementor-element elementor-element-4a1e5cb2 elementor-widget elementor-widget-image\" data-id=\"4a1e5cb2\" data-element_type=\"widget\" data-e-type=\"widget\" data-widget_type=\"image.default\">\n\t\t\t\t<div class=\"elementor-widget-container\">\n\t\t\t\t\t\t\t\t\t\t\t\t\t\t\t<img fetchpriority=\"high\" decoding=\"async\" width=\"1200\" height=\"672\" src=\"https:\/\/campomatic.com\/wp-content\/uploads\/2023\/02\/Convection-Turbo-Fan.jpg\" class=\"attachment-large size-large wp-image-13408\" alt=\"\" srcset=\"https:\/\/campomatic.com\/wp-content\/uploads\/2023\/02\/Convection-Turbo-Fan.jpg 1200w, https:\/\/campomatic.com\/wp-content\/uploads\/2023\/02\/Convection-Turbo-Fan-900x504.jpg 900w, https:\/\/campomatic.com\/wp-content\/uploads\/2023\/02\/Convection-Turbo-Fan-150x84.jpg 150w, https:\/\/campomatic.com\/wp-content\/uploads\/2023\/02\/Convection-Turbo-Fan-680x381.jpg 680w, https:\/\/campomatic.com\/wp-content\/uploads\/2023\/02\/Convection-Turbo-Fan-64x36.jpg 64w, https:\/\/campomatic.com\/wp-content\/uploads\/2023\/02\/Convection-Turbo-Fan-400x224.jpg 400w, https:\/\/campomatic.com\/wp-content\/uploads\/2023\/02\/Convection-Turbo-Fan-768x430.jpg 768w\" sizes=\"(max-width: 1200px) 100vw, 1200px\" \/>\t\t\t\t\t\t\t\t\t\t\t\t\t\t\t<\/div>\n\t\t\t\t<\/div>\n\t\t\t\t<div class=\"elementor-element elementor-element-23676ac8 elementor-widget elementor-widget-wd_title\" data-id=\"23676ac8\" data-element_type=\"widget\" data-e-type=\"widget\" data-widget_type=\"wd_title.default\">\n\t\t\t\t<div class=\"elementor-widget-container\">\n\t\t\t\t\t\t\t<div class=\"title-wrapper set-mb-s reset-last-child wd-title-color-default wd-title-style-default wd-title-size-default text-center\">\n\n\t\t\t\n\t\t\t<div class=\"liner-continer\">\n\t\t\t\t<h2 class=\"woodmart-title-container title wd-fontsize-l\">Ventilateur turbo \u00e0 convection<br \/>\n<\/h2> \n\t\t\t\t\t\t\t<\/div>\n\n\t\t\t\t\t\t\t<div class=\"title-after_title set-cont-mb-s reset-last-child wd-fontsize-xs\">\n\t\t\t\t\t<p>La cuisson uniforme et la r\u00e9partition de la chaleur d'un four \u00e0 convection constituent l'environnement id\u00e9al pour la pr\u00e9paration d'une grande vari\u00e9t\u00e9 de plats, y compris la pizza maison. Avec la cuisson par convection, l'air chaud est achemin\u00e9 vers chaque zone de la pizza pour une cuisson uniforme sur toute la surface de la tarte.<\/p><p>Dans la plupart des fours conventionnels, la chaleur est g\u00e9n\u00e9ralement distribu\u00e9e par le gaz ou l'\u00e9l\u00e9ment chauffant du bas, laissant la cro\u00fbte sans chaleur cibl\u00e9e. La cuisson par convection permet d'obtenir une cro\u00fbte plus croustillante gr\u00e2ce \u00e0 la circulation de l'air chaud \u00e0 l'int\u00e9rieur de la cavit\u00e9 du four. Exp\u00e9rimentez les nombreuses possibilit\u00e9s de cuisson par convection pour d'autres recettes maison, comme les desserts cuits au four ou les pains au levain dor\u00e9s et moelleux.<\/p>\t\t\t\t<\/div>\n\t\t\t\t\t<\/div>\n\t\t\t\t\t\t<\/div>\n\t\t\t\t<\/div>\n\t\t\t\t\t<\/div>\n\t\t<\/div>\n\t\t\t\t\t<\/div>\n\t\t<\/section>\n\t\t\t\t<\/div>\n\t\t","protected":false},"excerpt":{"rendered":"<p>Ventilateur turbo \u00e0 convection La cuisson uniforme et la r\u00e9partition de la chaleur d&rsquo;un four \u00e0 convection constituent l&rsquo;environnement id\u00e9al<\/p>\n","protected":false},"featured_media":16064,"template":"","meta":{"_acf_changed":false},"product_brand":[],"product_cat":[1071,1084],"product_tag":[],"class_list":{"0":"post-16151","1":"product","2":"type-product","3":"status-publish","4":"has-post-thumbnail","6":"product_cat-appareils-de-cuisson","7":"product_cat-four-electrique","9":"first","10":"instock","11":"sale","12":"taxable","13":"shipping-taxable","14":"purchasable","15":"product-type-simple"},"acf":[],"yoast_head":"<!-- This site is optimized with the Yoast SEO plugin v27.1.1 - https:\/\/yoast.com\/product\/yoast-seo-wordpress\/ -->\n<title>TB60VX - Campomatic<\/title>\n<meta name=\"robots\" content=\"index, follow, max-snippet:-1, max-image-preview:large, max-video-preview:-1\" \/>\n<link rel=\"canonical\" href=\"https:\/\/campomatic.com\/produit\/tb60vx-copy\/\" \/>\n<meta property=\"og:locale\" content=\"fr_FR\" \/>\n<meta property=\"og:type\" content=\"article\" \/>\n<meta property=\"og:title\" content=\"TB60VX - Campomatic\" \/>\n<meta property=\"og:description\" content=\"Ventilateur turbo \u00e0 convection La cuisson uniforme et la r\u00e9partition de la chaleur d&rsquo;un four \u00e0 convection constituent l&rsquo;environnement id\u00e9al\" \/>\n<meta property=\"og:url\" content=\"https:\/\/campomatic.com\/produit\/tb60vx-copy\/\" \/>\n<meta property=\"og:site_name\" content=\"Campomatic\" \/>\n<meta property=\"article:publisher\" content=\"https:\/\/www.facebook.com\/Campomatic\/\" \/>\n<meta property=\"article:modified_time\" content=\"2023-11-08T09:21:54+00:00\" \/>\n<meta property=\"og:image\" content=\"https:\/\/campomatic.com\/wp-content\/uploads\/2023\/10\/TB60VX.jpg\" \/>\n\t<meta property=\"og:image:width\" content=\"680\" \/>\n\t<meta property=\"og:image:height\" content=\"900\" \/>\n\t<meta property=\"og:image:type\" content=\"image\/jpeg\" \/>\n<meta name=\"twitter:card\" content=\"summary_large_image\" \/>\n<meta name=\"twitter:site\" content=\"@campomatic\" \/>\n<meta name=\"twitter:label1\" content=\"Dur\u00e9e de lecture estim\u00e9e\" \/>\n\t<meta name=\"twitter:data1\" content=\"1 minute\" \/>\n<script type=\"application\/ld+json\" class=\"yoast-schema-graph\">{\"@context\":\"https:\/\/schema.org\",\"@graph\":[{\"@type\":\"WebPage\",\"@id\":\"https:\/\/campomatic.com\/produit\/tb60vx-copy\/\",\"url\":\"https:\/\/campomatic.com\/produit\/tb60vx-copy\/\",\"name\":\"TB60VX - Campomatic\",\"isPartOf\":{\"@id\":\"https:\/\/campomatic.com\/#website\"},\"primaryImageOfPage\":{\"@id\":\"https:\/\/campomatic.com\/produit\/tb60vx-copy\/#primaryimage\"},\"image\":{\"@id\":\"https:\/\/campomatic.com\/produit\/tb60vx-copy\/#primaryimage\"},\"thumbnailUrl\":\"https:\/\/campomatic.com\/wp-content\/uploads\/2023\/10\/TB60VX.jpg\",\"datePublished\":\"2023-10-30T12:55:10+00:00\",\"dateModified\":\"2023-11-08T09:21:54+00:00\",\"breadcrumb\":{\"@id\":\"https:\/\/campomatic.com\/produit\/tb60vx-copy\/#breadcrumb\"},\"inLanguage\":\"fr-FR\",\"potentialAction\":[{\"@type\":\"ReadAction\",\"target\":[\"https:\/\/campomatic.com\/produit\/tb60vx-copy\/\"]}]},{\"@type\":\"ImageObject\",\"inLanguage\":\"fr-FR\",\"@id\":\"https:\/\/campomatic.com\/produit\/tb60vx-copy\/#primaryimage\",\"url\":\"https:\/\/campomatic.com\/wp-content\/uploads\/2023\/10\/TB60VX.jpg\",\"contentUrl\":\"https:\/\/campomatic.com\/wp-content\/uploads\/2023\/10\/TB60VX.jpg\",\"width\":680,\"height\":900},{\"@type\":\"BreadcrumbList\",\"@id\":\"https:\/\/campomatic.com\/produit\/tb60vx-copy\/#breadcrumb\",\"itemListElement\":[{\"@type\":\"ListItem\",\"position\":1,\"name\":\"Home\",\"item\":\"https:\/\/campomatic.com\/fr\/\"},{\"@type\":\"ListItem\",\"position\":2,\"name\":\"All Products\",\"item\":\"https:\/\/campomatic.com\/shop\/\"},{\"@type\":\"ListItem\",\"position\":3,\"name\":\"TB60VX\"}]},{\"@type\":\"WebSite\",\"@id\":\"https:\/\/campomatic.com\/#website\",\"url\":\"https:\/\/campomatic.com\/\",\"name\":\"Campomatic\",\"description\":\"One of the market leaders for digital electronics, home appliances and Built-in Appliances products\",\"publisher\":{\"@id\":\"https:\/\/campomatic.com\/#organization\"},\"potentialAction\":[{\"@type\":\"SearchAction\",\"target\":{\"@type\":\"EntryPoint\",\"urlTemplate\":\"https:\/\/campomatic.com\/?s={search_term_string}\"},\"query-input\":{\"@type\":\"PropertyValueSpecification\",\"valueRequired\":true,\"valueName\":\"search_term_string\"}}],\"inLanguage\":\"fr-FR\"},{\"@type\":\"Organization\",\"@id\":\"https:\/\/campomatic.com\/#organization\",\"name\":\"Campomatic\",\"url\":\"https:\/\/campomatic.com\/\",\"logo\":{\"@type\":\"ImageObject\",\"inLanguage\":\"fr-FR\",\"@id\":\"https:\/\/campomatic.com\/#\/schema\/logo\/image\/\",\"url\":\"https:\/\/campomatic.com\/wp-content\/uploads\/2023\/01\/campomatic-logo.gif\",\"contentUrl\":\"https:\/\/campomatic.com\/wp-content\/uploads\/2023\/01\/campomatic-logo.gif\",\"width\":306,\"height\":26,\"caption\":\"Campomatic\"},\"image\":{\"@id\":\"https:\/\/campomatic.com\/#\/schema\/logo\/image\/\"},\"sameAs\":[\"https:\/\/www.facebook.com\/Campomatic\/\",\"https:\/\/x.com\/campomatic\"]}]}<\/script>\n<!-- \/ Yoast SEO plugin. -->","yoast_head_json":{"title":"TB60VX - Campomatic","robots":{"index":"index","follow":"follow","max-snippet":"max-snippet:-1","max-image-preview":"max-image-preview:large","max-video-preview":"max-video-preview:-1"},"canonical":"https:\/\/campomatic.com\/produit\/tb60vx-copy\/","og_locale":"fr_FR","og_type":"article","og_title":"TB60VX - Campomatic","og_description":"Ventilateur turbo \u00e0 convection La cuisson uniforme et la r\u00e9partition de la chaleur d&rsquo;un four \u00e0 convection constituent l&rsquo;environnement id\u00e9al","og_url":"https:\/\/campomatic.com\/produit\/tb60vx-copy\/","og_site_name":"Campomatic","article_publisher":"https:\/\/www.facebook.com\/Campomatic\/","article_modified_time":"2023-11-08T09:21:54+00:00","og_image":[{"width":680,"height":900,"url":"https:\/\/campomatic.com\/wp-content\/uploads\/2023\/10\/TB60VX.jpg","type":"image\/jpeg"}],"twitter_card":"summary_large_image","twitter_site":"@campomatic","twitter_misc":{"Dur\u00e9e de lecture estim\u00e9e":"1 minute"},"schema":{"@context":"https:\/\/schema.org","@graph":[{"@type":"WebPage","@id":"https:\/\/campomatic.com\/produit\/tb60vx-copy\/","url":"https:\/\/campomatic.com\/produit\/tb60vx-copy\/","name":"TB60VX - Campomatic","isPartOf":{"@id":"https:\/\/campomatic.com\/#website"},"primaryImageOfPage":{"@id":"https:\/\/campomatic.com\/produit\/tb60vx-copy\/#primaryimage"},"image":{"@id":"https:\/\/campomatic.com\/produit\/tb60vx-copy\/#primaryimage"},"thumbnailUrl":"https:\/\/campomatic.com\/wp-content\/uploads\/2023\/10\/TB60VX.jpg","datePublished":"2023-10-30T12:55:10+00:00","dateModified":"2023-11-08T09:21:54+00:00","breadcrumb":{"@id":"https:\/\/campomatic.com\/produit\/tb60vx-copy\/#breadcrumb"},"inLanguage":"fr-FR","potentialAction":[{"@type":"ReadAction","target":["https:\/\/campomatic.com\/produit\/tb60vx-copy\/"]}]},{"@type":"ImageObject","inLanguage":"fr-FR","@id":"https:\/\/campomatic.com\/produit\/tb60vx-copy\/#primaryimage","url":"https:\/\/campomatic.com\/wp-content\/uploads\/2023\/10\/TB60VX.jpg","contentUrl":"https:\/\/campomatic.com\/wp-content\/uploads\/2023\/10\/TB60VX.jpg","width":680,"height":900},{"@type":"BreadcrumbList","@id":"https:\/\/campomatic.com\/produit\/tb60vx-copy\/#breadcrumb","itemListElement":[{"@type":"ListItem","position":1,"name":"Home","item":"https:\/\/campomatic.com\/fr\/"},{"@type":"ListItem","position":2,"name":"All Products","item":"https:\/\/campomatic.com\/shop\/"},{"@type":"ListItem","position":3,"name":"TB60VX"}]},{"@type":"WebSite","@id":"https:\/\/campomatic.com\/#website","url":"https:\/\/campomatic.com\/","name":"Campomatic","description":"One of the market leaders for digital electronics, home appliances and Built-in Appliances products","publisher":{"@id":"https:\/\/campomatic.com\/#organization"},"potentialAction":[{"@type":"SearchAction","target":{"@type":"EntryPoint","urlTemplate":"https:\/\/campomatic.com\/?s={search_term_string}"},"query-input":{"@type":"PropertyValueSpecification","valueRequired":true,"valueName":"search_term_string"}}],"inLanguage":"fr-FR"},{"@type":"Organization","@id":"https:\/\/campomatic.com\/#organization","name":"Campomatic","url":"https:\/\/campomatic.com\/","logo":{"@type":"ImageObject","inLanguage":"fr-FR","@id":"https:\/\/campomatic.com\/#\/schema\/logo\/image\/","url":"https:\/\/campomatic.com\/wp-content\/uploads\/2023\/01\/campomatic-logo.gif","contentUrl":"https:\/\/campomatic.com\/wp-content\/uploads\/2023\/01\/campomatic-logo.gif","width":306,"height":26,"caption":"Campomatic"},"image":{"@id":"https:\/\/campomatic.com\/#\/schema\/logo\/image\/"},"sameAs":["https:\/\/www.facebook.com\/Campomatic\/","https:\/\/x.com\/campomatic"]}]}},"_links":{"self":[{"href":"https:\/\/campomatic.com\/fr\/wp-json\/wp\/v2\/product\/16151","targetHints":{"allow":["GET"]}}],"collection":[{"href":"https:\/\/campomatic.com\/fr\/wp-json\/wp\/v2\/product"}],"about":[{"href":"https:\/\/campomatic.com\/fr\/wp-json\/wp\/v2\/types\/product"}],"version-history":[{"count":0,"href":"https:\/\/campomatic.com\/fr\/wp-json\/wp\/v2\/product\/16151\/revisions"}],"wp:featuredmedia":[{"embeddable":true,"href":"https:\/\/campomatic.com\/fr\/wp-json\/wp\/v2\/media\/16064"}],"wp:attachment":[{"href":"https:\/\/campomatic.com\/fr\/wp-json\/wp\/v2\/media?parent=16151"}],"wp:term":[{"taxonomy":"product_brand","embeddable":true,"href":"https:\/\/campomatic.com\/fr\/wp-json\/wp\/v2\/product_brand?post=16151"},{"taxonomy":"product_cat","embeddable":true,"href":"https:\/\/campomatic.com\/fr\/wp-json\/wp\/v2\/product_cat?post=16151"},{"taxonomy":"product_tag","embeddable":true,"href":"https:\/\/campomatic.com\/fr\/wp-json\/wp\/v2\/product_tag?post=16151"}],"curies":[{"name":"wp","href":"https:\/\/api.w.org\/{rel}","templated":true}]}}