{"id":16483,"date":"2023-05-14T08:48:38","date_gmt":"2023-05-14T05:48:38","guid":{"rendered":"https:\/\/campomatic.com\/product\/cb95sc\/"},"modified":"2023-11-10T09:52:11","modified_gmt":"2023-11-10T07:52:11","slug":"cb95sc","status":"publish","type":"product","link":"https:\/\/campomatic.com\/fr\/produit\/cb95sc\/","title":{"rendered":"CB95SC"},"content":{"rendered":"\t\t<div data-elementor-type=\"wp-post\" data-elementor-id=\"16483\" class=\"elementor elementor-16483 elementor-14354\">\n\t\t\t\t\t\t<section class=\"elementor-section elementor-top-section elementor-element elementor-element-6fb14cfc elementor-section-boxed elementor-section-height-default elementor-section-height-default wd-section-disabled\" data-id=\"6fb14cfc\" data-element_type=\"section\" data-e-type=\"section\">\n\t\t\t\t\t\t<div class=\"elementor-container elementor-column-gap-default\">\n\t\t\t\t\t<div class=\"elementor-column elementor-col-100 elementor-top-column elementor-element elementor-element-4db658f1\" data-id=\"4db658f1\" data-element_type=\"column\" data-e-type=\"column\">\n\t\t\t<div class=\"elementor-widget-wrap elementor-element-populated\">\n\t\t\t\t\t\t<div class=\"elementor-element elementor-element-145dca83 elementor-widget elementor-widget-image\" data-id=\"145dca83\" data-element_type=\"widget\" data-e-type=\"widget\" data-widget_type=\"image.default\">\n\t\t\t\t<div class=\"elementor-widget-container\">\n\t\t\t\t\t\t\t\t\t\t\t\t\t\t\t<img fetchpriority=\"high\" decoding=\"async\" width=\"1179\" height=\"800\" src=\"https:\/\/campomatic.com\/wp-content\/uploads\/2023\/02\/Brass-Burners-1179x800.jpg\" class=\"attachment-large size-large wp-image-13412\" alt=\"\" srcset=\"https:\/\/campomatic.com\/wp-content\/uploads\/2023\/02\/Brass-Burners-1179x800.jpg 1179w, https:\/\/campomatic.com\/wp-content\/uploads\/2023\/02\/Brass-Burners-scaled-900x611.jpg 900w, https:\/\/campomatic.com\/wp-content\/uploads\/2023\/02\/Brass-Burners-scaled-150x102.jpg 150w, https:\/\/campomatic.com\/wp-content\/uploads\/2023\/02\/Brass-Burners-scaled-680x461.jpg 680w, https:\/\/campomatic.com\/wp-content\/uploads\/2023\/02\/Brass-Burners-scaled-64x43.jpg 64w, https:\/\/campomatic.com\/wp-content\/uploads\/2023\/02\/Brass-Burners-400x271.jpg 400w, https:\/\/campomatic.com\/wp-content\/uploads\/2023\/02\/Brass-Burners-768x521.jpg 768w, https:\/\/campomatic.com\/wp-content\/uploads\/2023\/02\/Brass-Burners-1536x1042.jpg 1536w, https:\/\/campomatic.com\/wp-content\/uploads\/2023\/02\/Brass-Burners-2048x1390.jpg 2048w, https:\/\/campomatic.com\/wp-content\/uploads\/2023\/02\/Brass-Burners-1800x1222.jpg 1800w\" sizes=\"(max-width: 1179px) 100vw, 1179px\" \/>\t\t\t\t\t\t\t\t\t\t\t\t\t\t\t<\/div>\n\t\t\t\t<\/div>\n\t\t\t\t<div class=\"elementor-element elementor-element-47fb2316 elementor-widget elementor-widget-wd_title\" data-id=\"47fb2316\" data-element_type=\"widget\" data-e-type=\"widget\" data-widget_type=\"wd_title.default\">\n\t\t\t\t<div class=\"elementor-widget-container\">\n\t\t\t\t\t\t\t<div class=\"title-wrapper set-mb-s reset-last-child wd-title-color-default wd-title-style-default wd-title-size-default text-center\">\n\n\t\t\t\n\t\t\t<div class=\"liner-continer\">\n\t\t\t\t<h2 class=\"woodmart-title-container title wd-fontsize-l\">Br\u00fbleurs en laiton<br \/>\n<\/h2> \n\t\t\t\t\t\t\t<\/div>\n\n\t\t\t\t\t\t\t<div class=\"title-after_title set-cont-mb-s reset-last-child wd-fontsize-xs\">\n\t\t\t\t\t<p>Bien qu'ils soient plus r\u00e9sistants que les br\u00fbleurs en aluminium, le laiton conserve la chaleur plus efficacement et offre davantage de fonctionnalit\u00e9s. Les br\u00fbleurs en laiton ont g\u00e9n\u00e9ralement une meilleure r\u00e9tention de la chaleur, car ils la diffusent plus uniform\u00e9ment. Ils sont \u00e9galement plus r\u00e9sistants aux taches et \u00e0 la salet\u00e9 que les br\u00fbleurs en aluminium.<\/p>\t\t\t\t<\/div>\n\t\t\t\t\t<\/div>\n\t\t\t\t\t\t<\/div>\n\t\t\t\t<\/div>\n\t\t\t\t\t<\/div>\n\t\t<\/div>\n\t\t\t\t\t<\/div>\n\t\t<\/section>\n\t\t\t\t<section class=\"elementor-section elementor-top-section elementor-element elementor-element-61c9f63a elementor-section-boxed elementor-section-height-default elementor-section-height-default wd-section-disabled\" data-id=\"61c9f63a\" data-element_type=\"section\" data-e-type=\"section\">\n\t\t\t\t\t\t<div class=\"elementor-container elementor-column-gap-default\">\n\t\t\t\t\t<div class=\"elementor-column elementor-col-100 elementor-top-column elementor-element elementor-element-2ce44fd5\" data-id=\"2ce44fd5\" data-element_type=\"column\" data-e-type=\"column\">\n\t\t\t<div class=\"elementor-widget-wrap elementor-element-populated\">\n\t\t\t\t\t\t<div class=\"elementor-element elementor-element-651a3aae elementor-widget elementor-widget-image\" data-id=\"651a3aae\" data-element_type=\"widget\" data-e-type=\"widget\" data-widget_type=\"image.default\">\n\t\t\t\t<div class=\"elementor-widget-container\">\n\t\t\t\t\t\t\t\t\t\t\t\t\t\t\t<img decoding=\"async\" width=\"632\" height=\"481\" src=\"https:\/\/campomatic.com\/wp-content\/uploads\/2023\/02\/Full-Safety-FFD.jpg\" class=\"attachment-large size-large wp-image-13404\" alt=\"\" srcset=\"https:\/\/campomatic.com\/wp-content\/uploads\/2023\/02\/Full-Safety-FFD.jpg 632w, https:\/\/campomatic.com\/wp-content\/uploads\/2023\/02\/Full-Safety-FFD-150x114.jpg 150w, https:\/\/campomatic.com\/wp-content\/uploads\/2023\/02\/Full-Safety-FFD-64x49.jpg 64w, https:\/\/campomatic.com\/wp-content\/uploads\/2023\/02\/Full-Safety-FFD-394x300.jpg 394w\" sizes=\"(max-width: 632px) 100vw, 632px\" \/>\t\t\t\t\t\t\t\t\t\t\t\t\t\t\t<\/div>\n\t\t\t\t<\/div>\n\t\t\t\t<div class=\"elementor-element elementor-element-702bc4ea elementor-widget elementor-widget-wd_title\" data-id=\"702bc4ea\" data-element_type=\"widget\" data-e-type=\"widget\" data-widget_type=\"wd_title.default\">\n\t\t\t\t<div class=\"elementor-widget-container\">\n\t\t\t\t\t\t\t<div class=\"title-wrapper set-mb-s reset-last-child wd-title-color-default wd-title-style-default wd-title-size-default text-left\">\n\n\t\t\t\n\t\t\t<div class=\"liner-continer\">\n\t\t\t\t<h2 class=\"woodmart-title-container title wd-fontsize-l\">S\u00e9curit\u00e9 totale FFD<br \/>\n<\/h2> \n\t\t\t\t\t\t\t<\/div>\n\n\t\t\t\t\t\t\t<div class=\"title-after_title set-cont-mb-s reset-last-child wd-fontsize-xs\">\n\t\t\t\t\tAssurez la s\u00e9curit\u00e9 de votre cuisine, de votre maison et de votre famille gr\u00e2ce \u00e0 notre dispositif de s\u00e9curit\u00e9 ou FFD (Flame Failure Device) qui garantit que l'alimentation en gaz est coup\u00e9e automatiquement et imm\u00e9diatement si, pour une raison quelconque, la flamme s'\u00e9teint ou devient instable ou s'il y a une fuite de gaz. Cela permet d'assurer une protection contre :<br \/>\n<br \/>\n \tD\u00e9bordement de liquide sur les br\u00fbleurs<br \/>\n \tSeuil \u00e9lev\u00e9 de l'air provenant du ventilateur ou des refroidisseurs<br \/>\n \tInterruption temporaire de l'approvisionnement en gaz<br \/>\n \tGaz sous pression<br \/>\n<br \/>\nLe FFD emp\u00eache les fuites de gaz nocifs qui peuvent provoquer une accumulation de gaz susceptible d'entra\u00eener des blessures ou des maladies et, dans les cas les plus graves, peut \u00eatre mortel s'il n'est pas d\u00e9tect\u00e9 pendant trop longtemps. Tout cela est automatiquement pris en charge par le dispositif d'extinction de la flamme. Le FFD est donc un dispositif de s\u00e9curit\u00e9 tr\u00e8s important.\t\t\t\t<\/div>\n\t\t\t\t\t<\/div>\n\t\t\t\t\t\t<\/div>\n\t\t\t\t<\/div>\n\t\t\t\t\t<\/div>\n\t\t<\/div>\n\t\t\t\t\t<\/div>\n\t\t<\/section>\n\t\t\t\t<\/div>\n\t\t","protected":false},"excerpt":{"rendered":"<p>Br\u00fbleurs en laiton Bien qu&rsquo;ils soient plus r\u00e9sistants que les br\u00fbleurs en aluminium, le laiton conserve la chaleur plus efficacement<\/p>\n","protected":false},"featured_media":15742,"template":"","meta":{"_acf_changed":false},"product_brand":[],"product_cat":[942],"product_tag":[],"class_list":{"0":"post-16483","1":"product","2":"type-product","3":"status-publish","4":"has-post-thumbnail","6":"product_cat-compartement-bouteille","8":"first","9":"instock","10":"sale","11":"taxable","12":"shipping-taxable","13":"purchasable","14":"product-type-simple"},"acf":[],"yoast_head":"<!-- This site is optimized with the Yoast SEO plugin v27.1.1 - https:\/\/yoast.com\/product\/yoast-seo-wordpress\/ -->\n<title>CB95SC - Campomatic<\/title>\n<meta name=\"robots\" content=\"index, follow, max-snippet:-1, max-image-preview:large, max-video-preview:-1\" \/>\n<link rel=\"canonical\" href=\"https:\/\/campomatic.com\/produit\/cb95sc\/\" \/>\n<meta property=\"og:locale\" content=\"fr_FR\" \/>\n<meta property=\"og:type\" content=\"article\" \/>\n<meta property=\"og:title\" content=\"CB95SC - Campomatic\" \/>\n<meta property=\"og:description\" content=\"Br\u00fbleurs en laiton Bien qu&rsquo;ils soient plus r\u00e9sistants que les br\u00fbleurs en aluminium, le laiton conserve la chaleur plus efficacement\" \/>\n<meta property=\"og:url\" content=\"https:\/\/campomatic.com\/produit\/cb95sc\/\" \/>\n<meta property=\"og:site_name\" content=\"Campomatic\" \/>\n<meta property=\"article:publisher\" content=\"https:\/\/www.facebook.com\/Campomatic\/\" \/>\n<meta property=\"article:modified_time\" content=\"2023-11-10T07:52:11+00:00\" \/>\n<meta property=\"og:image\" content=\"https:\/\/campomatic.com\/wp-content\/uploads\/2023\/05\/CB95SC-Pic.1-1.jpg\" \/>\n\t<meta property=\"og:image:width\" content=\"680\" \/>\n\t<meta property=\"og:image:height\" content=\"900\" \/>\n\t<meta property=\"og:image:type\" content=\"image\/jpeg\" \/>\n<meta name=\"twitter:card\" content=\"summary_large_image\" \/>\n<meta name=\"twitter:site\" content=\"@campomatic\" \/>\n<meta name=\"twitter:label1\" content=\"Dur\u00e9e de lecture estim\u00e9e\" \/>\n\t<meta name=\"twitter:data1\" content=\"1 minute\" \/>\n<script type=\"application\/ld+json\" class=\"yoast-schema-graph\">{\"@context\":\"https:\/\/schema.org\",\"@graph\":[{\"@type\":\"WebPage\",\"@id\":\"https:\/\/campomatic.com\/produit\/cb95sc\/\",\"url\":\"https:\/\/campomatic.com\/produit\/cb95sc\/\",\"name\":\"CB95SC - Campomatic\",\"isPartOf\":{\"@id\":\"https:\/\/campomatic.com\/#website\"},\"primaryImageOfPage\":{\"@id\":\"https:\/\/campomatic.com\/produit\/cb95sc\/#primaryimage\"},\"image\":{\"@id\":\"https:\/\/campomatic.com\/produit\/cb95sc\/#primaryimage\"},\"thumbnailUrl\":\"https:\/\/campomatic.com\/wp-content\/uploads\/2023\/05\/CB95SC-Pic.1-1.jpg\",\"datePublished\":\"2023-05-14T05:48:38+00:00\",\"dateModified\":\"2023-11-10T07:52:11+00:00\",\"breadcrumb\":{\"@id\":\"https:\/\/campomatic.com\/produit\/cb95sc\/#breadcrumb\"},\"inLanguage\":\"fr-FR\",\"potentialAction\":[{\"@type\":\"ReadAction\",\"target\":[\"https:\/\/campomatic.com\/produit\/cb95sc\/\"]}]},{\"@type\":\"ImageObject\",\"inLanguage\":\"fr-FR\",\"@id\":\"https:\/\/campomatic.com\/produit\/cb95sc\/#primaryimage\",\"url\":\"https:\/\/campomatic.com\/wp-content\/uploads\/2023\/05\/CB95SC-Pic.1-1.jpg\",\"contentUrl\":\"https:\/\/campomatic.com\/wp-content\/uploads\/2023\/05\/CB95SC-Pic.1-1.jpg\",\"width\":680,\"height\":900},{\"@type\":\"BreadcrumbList\",\"@id\":\"https:\/\/campomatic.com\/produit\/cb95sc\/#breadcrumb\",\"itemListElement\":[{\"@type\":\"ListItem\",\"position\":1,\"name\":\"Home\",\"item\":\"https:\/\/campomatic.com\/fr\/\"},{\"@type\":\"ListItem\",\"position\":2,\"name\":\"All Products\",\"item\":\"https:\/\/campomatic.com\/shop\/\"},{\"@type\":\"ListItem\",\"position\":3,\"name\":\"CB95SC\"}]},{\"@type\":\"WebSite\",\"@id\":\"https:\/\/campomatic.com\/#website\",\"url\":\"https:\/\/campomatic.com\/\",\"name\":\"Campomatic\",\"description\":\"One of the market leaders for digital electronics, home appliances and Built-in Appliances products\",\"publisher\":{\"@id\":\"https:\/\/campomatic.com\/#organization\"},\"potentialAction\":[{\"@type\":\"SearchAction\",\"target\":{\"@type\":\"EntryPoint\",\"urlTemplate\":\"https:\/\/campomatic.com\/?s={search_term_string}\"},\"query-input\":{\"@type\":\"PropertyValueSpecification\",\"valueRequired\":true,\"valueName\":\"search_term_string\"}}],\"inLanguage\":\"fr-FR\"},{\"@type\":\"Organization\",\"@id\":\"https:\/\/campomatic.com\/#organization\",\"name\":\"Campomatic\",\"url\":\"https:\/\/campomatic.com\/\",\"logo\":{\"@type\":\"ImageObject\",\"inLanguage\":\"fr-FR\",\"@id\":\"https:\/\/campomatic.com\/#\/schema\/logo\/image\/\",\"url\":\"https:\/\/campomatic.com\/wp-content\/uploads\/2023\/01\/campomatic-logo.gif\",\"contentUrl\":\"https:\/\/campomatic.com\/wp-content\/uploads\/2023\/01\/campomatic-logo.gif\",\"width\":306,\"height\":26,\"caption\":\"Campomatic\"},\"image\":{\"@id\":\"https:\/\/campomatic.com\/#\/schema\/logo\/image\/\"},\"sameAs\":[\"https:\/\/www.facebook.com\/Campomatic\/\",\"https:\/\/x.com\/campomatic\"]}]}<\/script>\n<!-- \/ Yoast SEO plugin. -->","yoast_head_json":{"title":"CB95SC - Campomatic","robots":{"index":"index","follow":"follow","max-snippet":"max-snippet:-1","max-image-preview":"max-image-preview:large","max-video-preview":"max-video-preview:-1"},"canonical":"https:\/\/campomatic.com\/produit\/cb95sc\/","og_locale":"fr_FR","og_type":"article","og_title":"CB95SC - Campomatic","og_description":"Br\u00fbleurs en laiton Bien qu&rsquo;ils soient plus r\u00e9sistants que les br\u00fbleurs en aluminium, le laiton conserve la chaleur plus efficacement","og_url":"https:\/\/campomatic.com\/produit\/cb95sc\/","og_site_name":"Campomatic","article_publisher":"https:\/\/www.facebook.com\/Campomatic\/","article_modified_time":"2023-11-10T07:52:11+00:00","og_image":[{"width":680,"height":900,"url":"https:\/\/campomatic.com\/wp-content\/uploads\/2023\/05\/CB95SC-Pic.1-1.jpg","type":"image\/jpeg"}],"twitter_card":"summary_large_image","twitter_site":"@campomatic","twitter_misc":{"Dur\u00e9e de lecture estim\u00e9e":"1 minute"},"schema":{"@context":"https:\/\/schema.org","@graph":[{"@type":"WebPage","@id":"https:\/\/campomatic.com\/produit\/cb95sc\/","url":"https:\/\/campomatic.com\/produit\/cb95sc\/","name":"CB95SC - Campomatic","isPartOf":{"@id":"https:\/\/campomatic.com\/#website"},"primaryImageOfPage":{"@id":"https:\/\/campomatic.com\/produit\/cb95sc\/#primaryimage"},"image":{"@id":"https:\/\/campomatic.com\/produit\/cb95sc\/#primaryimage"},"thumbnailUrl":"https:\/\/campomatic.com\/wp-content\/uploads\/2023\/05\/CB95SC-Pic.1-1.jpg","datePublished":"2023-05-14T05:48:38+00:00","dateModified":"2023-11-10T07:52:11+00:00","breadcrumb":{"@id":"https:\/\/campomatic.com\/produit\/cb95sc\/#breadcrumb"},"inLanguage":"fr-FR","potentialAction":[{"@type":"ReadAction","target":["https:\/\/campomatic.com\/produit\/cb95sc\/"]}]},{"@type":"ImageObject","inLanguage":"fr-FR","@id":"https:\/\/campomatic.com\/produit\/cb95sc\/#primaryimage","url":"https:\/\/campomatic.com\/wp-content\/uploads\/2023\/05\/CB95SC-Pic.1-1.jpg","contentUrl":"https:\/\/campomatic.com\/wp-content\/uploads\/2023\/05\/CB95SC-Pic.1-1.jpg","width":680,"height":900},{"@type":"BreadcrumbList","@id":"https:\/\/campomatic.com\/produit\/cb95sc\/#breadcrumb","itemListElement":[{"@type":"ListItem","position":1,"name":"Home","item":"https:\/\/campomatic.com\/fr\/"},{"@type":"ListItem","position":2,"name":"All Products","item":"https:\/\/campomatic.com\/shop\/"},{"@type":"ListItem","position":3,"name":"CB95SC"}]},{"@type":"WebSite","@id":"https:\/\/campomatic.com\/#website","url":"https:\/\/campomatic.com\/","name":"Campomatic","description":"One of the market leaders for digital electronics, home appliances and Built-in Appliances products","publisher":{"@id":"https:\/\/campomatic.com\/#organization"},"potentialAction":[{"@type":"SearchAction","target":{"@type":"EntryPoint","urlTemplate":"https:\/\/campomatic.com\/?s={search_term_string}"},"query-input":{"@type":"PropertyValueSpecification","valueRequired":true,"valueName":"search_term_string"}}],"inLanguage":"fr-FR"},{"@type":"Organization","@id":"https:\/\/campomatic.com\/#organization","name":"Campomatic","url":"https:\/\/campomatic.com\/","logo":{"@type":"ImageObject","inLanguage":"fr-FR","@id":"https:\/\/campomatic.com\/#\/schema\/logo\/image\/","url":"https:\/\/campomatic.com\/wp-content\/uploads\/2023\/01\/campomatic-logo.gif","contentUrl":"https:\/\/campomatic.com\/wp-content\/uploads\/2023\/01\/campomatic-logo.gif","width":306,"height":26,"caption":"Campomatic"},"image":{"@id":"https:\/\/campomatic.com\/#\/schema\/logo\/image\/"},"sameAs":["https:\/\/www.facebook.com\/Campomatic\/","https:\/\/x.com\/campomatic"]}]}},"_links":{"self":[{"href":"https:\/\/campomatic.com\/fr\/wp-json\/wp\/v2\/product\/16483","targetHints":{"allow":["GET"]}}],"collection":[{"href":"https:\/\/campomatic.com\/fr\/wp-json\/wp\/v2\/product"}],"about":[{"href":"https:\/\/campomatic.com\/fr\/wp-json\/wp\/v2\/types\/product"}],"version-history":[{"count":0,"href":"https:\/\/campomatic.com\/fr\/wp-json\/wp\/v2\/product\/16483\/revisions"}],"wp:featuredmedia":[{"embeddable":true,"href":"https:\/\/campomatic.com\/fr\/wp-json\/wp\/v2\/media\/15742"}],"wp:attachment":[{"href":"https:\/\/campomatic.com\/fr\/wp-json\/wp\/v2\/media?parent=16483"}],"wp:term":[{"taxonomy":"product_brand","embeddable":true,"href":"https:\/\/campomatic.com\/fr\/wp-json\/wp\/v2\/product_brand?post=16483"},{"taxonomy":"product_cat","embeddable":true,"href":"https:\/\/campomatic.com\/fr\/wp-json\/wp\/v2\/product_cat?post=16483"},{"taxonomy":"product_tag","embeddable":true,"href":"https:\/\/campomatic.com\/fr\/wp-json\/wp\/v2\/product_tag?post=16483"}],"curies":[{"name":"wp","href":"https:\/\/api.w.org\/{rel}","templated":true}]}}