{"id":16555,"date":"2023-05-03T12:39:23","date_gmt":"2023-05-03T09:39:23","guid":{"rendered":"https:\/\/campomatic.com\/product\/wm12dw\/"},"modified":"2023-11-10T10:27:35","modified_gmt":"2023-11-10T08:27:35","slug":"wm12dw","status":"publish","type":"product","link":"https:\/\/campomatic.com\/fr\/produit\/wm12dw\/","title":{"rendered":"WM12DW"},"content":{"rendered":"\t\t<div data-elementor-type=\"wp-post\" data-elementor-id=\"16555\" class=\"elementor elementor-16555 elementor-14257\">\n\t\t\t\t\t\t<section class=\"elementor-section elementor-top-section elementor-element elementor-element-cd7a8b5 elementor-section-boxed elementor-section-height-default elementor-section-height-default wd-section-disabled\" data-id=\"cd7a8b5\" data-element_type=\"section\" data-e-type=\"section\">\n\t\t\t\t\t\t<div class=\"elementor-container elementor-column-gap-default\">\n\t\t\t\t\t<div class=\"elementor-column elementor-col-100 elementor-top-column elementor-element elementor-element-7cb8ffda\" data-id=\"7cb8ffda\" data-element_type=\"column\" data-e-type=\"column\">\n\t\t\t<div class=\"elementor-widget-wrap elementor-element-populated\">\n\t\t\t\t\t\t<div class=\"elementor-element elementor-element-1504516e elementor-widget elementor-widget-image\" data-id=\"1504516e\" data-element_type=\"widget\" data-e-type=\"widget\" data-widget_type=\"image.default\">\n\t\t\t\t<div class=\"elementor-widget-container\">\n\t\t\t\t\t\t\t\t\t\t\t\t\t\t\t<img fetchpriority=\"high\" decoding=\"async\" width=\"956\" height=\"564\" src=\"https:\/\/campomatic.com\/wp-content\/uploads\/2023\/02\/Direct-Drive-Motor.jpg\" class=\"attachment-large size-large wp-image-13396\" alt=\"\" srcset=\"https:\/\/campomatic.com\/wp-content\/uploads\/2023\/02\/Direct-Drive-Motor.jpg 956w, https:\/\/campomatic.com\/wp-content\/uploads\/2023\/02\/Direct-Drive-Motor-900x531.jpg 900w, https:\/\/campomatic.com\/wp-content\/uploads\/2023\/02\/Direct-Drive-Motor-150x88.jpg 150w, https:\/\/campomatic.com\/wp-content\/uploads\/2023\/02\/Direct-Drive-Motor-680x401.jpg 680w, https:\/\/campomatic.com\/wp-content\/uploads\/2023\/02\/Direct-Drive-Motor-64x38.jpg 64w, https:\/\/campomatic.com\/wp-content\/uploads\/2023\/02\/Direct-Drive-Motor-400x236.jpg 400w, https:\/\/campomatic.com\/wp-content\/uploads\/2023\/02\/Direct-Drive-Motor-768x453.jpg 768w\" sizes=\"(max-width: 956px) 100vw, 956px\" \/>\t\t\t\t\t\t\t\t\t\t\t\t\t\t\t<\/div>\n\t\t\t\t<\/div>\n\t\t\t\t<div class=\"elementor-element elementor-element-13d20db6 elementor-widget elementor-widget-wd_title\" data-id=\"13d20db6\" data-element_type=\"widget\" data-e-type=\"widget\" data-widget_type=\"wd_title.default\">\n\t\t\t\t<div class=\"elementor-widget-container\">\n\t\t\t\t\t\t\t<div class=\"title-wrapper set-mb-s reset-last-child wd-title-color-default wd-title-style-default wd-title-size-default text-center\">\n\n\t\t\t\n\t\t\t<div class=\"liner-continer\">\n\t\t\t\t<h2 class=\"woodmart-title-container title wd-fontsize-l\">Moteur \u00e0 entra\u00eenement direct<br \/>\n<\/h2> \n\t\t\t\t\t\t\t<\/div>\n\n\t\t\t\t\t\t\t<div class=\"title-after_title set-cont-mb-s reset-last-child wd-fontsize-xs\">\n\t\t\t\t\tGr\u00e2ce \u00e0 la connexion directe entre le moteur DD et le tambour du lave-linge, il n'est pas n\u00e9cessaire d'utiliser des courroies ou des transmissions. L'usure, le bruit et la maintenance sont consid\u00e9rablement r\u00e9duits. Les moteurs DD sont plus durables, tr\u00e8s silencieux et offrent une grande efficacit\u00e9 de lavage.\t\t\t\t<\/div>\n\t\t\t\t\t<\/div>\n\t\t\t\t\t\t<\/div>\n\t\t\t\t<\/div>\n\t\t\t\t\t<\/div>\n\t\t<\/div>\n\t\t\t\t\t<\/div>\n\t\t<\/section>\n\t\t\t\t<\/div>\n\t\t","protected":false},"excerpt":{"rendered":"<p>Moteur \u00e0 entra\u00eenement direct Gr\u00e2ce \u00e0 la connexion directe entre le moteur DD et le tambour du lave-linge, il n&rsquo;est<\/p>\n","protected":false},"featured_media":14261,"template":"","meta":{"_acf_changed":false},"product_brand":[],"product_cat":[963],"product_tag":[],"class_list":{"0":"post-16555","1":"product","2":"type-product","3":"status-publish","4":"has-post-thumbnail","6":"product_cat-chargement-frontal","8":"first","9":"outofstock","10":"sale","11":"taxable","12":"shipping-taxable","13":"purchasable","14":"product-type-simple"},"acf":[],"yoast_head":"<!-- This site is optimized with the Yoast SEO plugin v27.1.1 - https:\/\/yoast.com\/product\/yoast-seo-wordpress\/ -->\n<title>WM12DW - Campomatic<\/title>\n<meta name=\"robots\" content=\"index, follow, max-snippet:-1, max-image-preview:large, max-video-preview:-1\" \/>\n<link rel=\"canonical\" href=\"https:\/\/campomatic.com\/produit\/wm12dw\/\" \/>\n<meta property=\"og:locale\" content=\"fr_FR\" \/>\n<meta property=\"og:type\" content=\"article\" \/>\n<meta property=\"og:title\" content=\"WM12DW - Campomatic\" \/>\n<meta property=\"og:description\" content=\"Moteur \u00e0 entra\u00eenement direct Gr\u00e2ce \u00e0 la connexion directe entre le moteur DD et le tambour du lave-linge, il n&rsquo;est\" \/>\n<meta property=\"og:url\" content=\"https:\/\/campomatic.com\/produit\/wm12dw\/\" \/>\n<meta property=\"og:site_name\" content=\"Campomatic\" \/>\n<meta property=\"article:publisher\" content=\"https:\/\/www.facebook.com\/Campomatic\/\" \/>\n<meta property=\"article:modified_time\" content=\"2023-11-10T08:27:35+00:00\" \/>\n<meta property=\"og:image\" content=\"https:\/\/campomatic.com\/wp-content\/uploads\/2023\/05\/WM12DW-scaled.jpg\" \/>\n\t<meta property=\"og:image:width\" content=\"1983\" \/>\n\t<meta property=\"og:image:height\" content=\"2560\" \/>\n\t<meta property=\"og:image:type\" content=\"image\/jpeg\" \/>\n<meta name=\"twitter:card\" content=\"summary_large_image\" \/>\n<meta name=\"twitter:site\" content=\"@campomatic\" \/>\n<script type=\"application\/ld+json\" class=\"yoast-schema-graph\">{\"@context\":\"https:\/\/schema.org\",\"@graph\":[{\"@type\":\"WebPage\",\"@id\":\"https:\/\/campomatic.com\/produit\/wm12dw\/\",\"url\":\"https:\/\/campomatic.com\/produit\/wm12dw\/\",\"name\":\"WM12DW - Campomatic\",\"isPartOf\":{\"@id\":\"https:\/\/campomatic.com\/#website\"},\"primaryImageOfPage\":{\"@id\":\"https:\/\/campomatic.com\/produit\/wm12dw\/#primaryimage\"},\"image\":{\"@id\":\"https:\/\/campomatic.com\/produit\/wm12dw\/#primaryimage\"},\"thumbnailUrl\":\"https:\/\/campomatic.com\/wp-content\/uploads\/2023\/05\/WM12DW-scaled.jpg\",\"datePublished\":\"2023-05-03T09:39:23+00:00\",\"dateModified\":\"2023-11-10T08:27:35+00:00\",\"breadcrumb\":{\"@id\":\"https:\/\/campomatic.com\/produit\/wm12dw\/#breadcrumb\"},\"inLanguage\":\"fr-FR\",\"potentialAction\":[{\"@type\":\"ReadAction\",\"target\":[\"https:\/\/campomatic.com\/produit\/wm12dw\/\"]}]},{\"@type\":\"ImageObject\",\"inLanguage\":\"fr-FR\",\"@id\":\"https:\/\/campomatic.com\/produit\/wm12dw\/#primaryimage\",\"url\":\"https:\/\/campomatic.com\/wp-content\/uploads\/2023\/05\/WM12DW-scaled.jpg\",\"contentUrl\":\"https:\/\/campomatic.com\/wp-content\/uploads\/2023\/05\/WM12DW-scaled.jpg\",\"width\":1983,\"height\":2560},{\"@type\":\"BreadcrumbList\",\"@id\":\"https:\/\/campomatic.com\/produit\/wm12dw\/#breadcrumb\",\"itemListElement\":[{\"@type\":\"ListItem\",\"position\":1,\"name\":\"Home\",\"item\":\"https:\/\/campomatic.com\/fr\/\"},{\"@type\":\"ListItem\",\"position\":2,\"name\":\"All Products\",\"item\":\"https:\/\/campomatic.com\/shop\/\"},{\"@type\":\"ListItem\",\"position\":3,\"name\":\"WM12DW\"}]},{\"@type\":\"WebSite\",\"@id\":\"https:\/\/campomatic.com\/#website\",\"url\":\"https:\/\/campomatic.com\/\",\"name\":\"Campomatic\",\"description\":\"One of the market leaders for digital electronics, home appliances and Built-in Appliances products\",\"publisher\":{\"@id\":\"https:\/\/campomatic.com\/#organization\"},\"potentialAction\":[{\"@type\":\"SearchAction\",\"target\":{\"@type\":\"EntryPoint\",\"urlTemplate\":\"https:\/\/campomatic.com\/?s={search_term_string}\"},\"query-input\":{\"@type\":\"PropertyValueSpecification\",\"valueRequired\":true,\"valueName\":\"search_term_string\"}}],\"inLanguage\":\"fr-FR\"},{\"@type\":\"Organization\",\"@id\":\"https:\/\/campomatic.com\/#organization\",\"name\":\"Campomatic\",\"url\":\"https:\/\/campomatic.com\/\",\"logo\":{\"@type\":\"ImageObject\",\"inLanguage\":\"fr-FR\",\"@id\":\"https:\/\/campomatic.com\/#\/schema\/logo\/image\/\",\"url\":\"https:\/\/campomatic.com\/wp-content\/uploads\/2023\/01\/campomatic-logo.gif\",\"contentUrl\":\"https:\/\/campomatic.com\/wp-content\/uploads\/2023\/01\/campomatic-logo.gif\",\"width\":306,\"height\":26,\"caption\":\"Campomatic\"},\"image\":{\"@id\":\"https:\/\/campomatic.com\/#\/schema\/logo\/image\/\"},\"sameAs\":[\"https:\/\/www.facebook.com\/Campomatic\/\",\"https:\/\/x.com\/campomatic\"]}]}<\/script>\n<!-- \/ Yoast SEO plugin. -->","yoast_head_json":{"title":"WM12DW - Campomatic","robots":{"index":"index","follow":"follow","max-snippet":"max-snippet:-1","max-image-preview":"max-image-preview:large","max-video-preview":"max-video-preview:-1"},"canonical":"https:\/\/campomatic.com\/produit\/wm12dw\/","og_locale":"fr_FR","og_type":"article","og_title":"WM12DW - Campomatic","og_description":"Moteur \u00e0 entra\u00eenement direct Gr\u00e2ce \u00e0 la connexion directe entre le moteur DD et le tambour du lave-linge, il n&rsquo;est","og_url":"https:\/\/campomatic.com\/produit\/wm12dw\/","og_site_name":"Campomatic","article_publisher":"https:\/\/www.facebook.com\/Campomatic\/","article_modified_time":"2023-11-10T08:27:35+00:00","og_image":[{"width":1983,"height":2560,"url":"https:\/\/campomatic.com\/wp-content\/uploads\/2023\/05\/WM12DW-scaled.jpg","type":"image\/jpeg"}],"twitter_card":"summary_large_image","twitter_site":"@campomatic","schema":{"@context":"https:\/\/schema.org","@graph":[{"@type":"WebPage","@id":"https:\/\/campomatic.com\/produit\/wm12dw\/","url":"https:\/\/campomatic.com\/produit\/wm12dw\/","name":"WM12DW - Campomatic","isPartOf":{"@id":"https:\/\/campomatic.com\/#website"},"primaryImageOfPage":{"@id":"https:\/\/campomatic.com\/produit\/wm12dw\/#primaryimage"},"image":{"@id":"https:\/\/campomatic.com\/produit\/wm12dw\/#primaryimage"},"thumbnailUrl":"https:\/\/campomatic.com\/wp-content\/uploads\/2023\/05\/WM12DW-scaled.jpg","datePublished":"2023-05-03T09:39:23+00:00","dateModified":"2023-11-10T08:27:35+00:00","breadcrumb":{"@id":"https:\/\/campomatic.com\/produit\/wm12dw\/#breadcrumb"},"inLanguage":"fr-FR","potentialAction":[{"@type":"ReadAction","target":["https:\/\/campomatic.com\/produit\/wm12dw\/"]}]},{"@type":"ImageObject","inLanguage":"fr-FR","@id":"https:\/\/campomatic.com\/produit\/wm12dw\/#primaryimage","url":"https:\/\/campomatic.com\/wp-content\/uploads\/2023\/05\/WM12DW-scaled.jpg","contentUrl":"https:\/\/campomatic.com\/wp-content\/uploads\/2023\/05\/WM12DW-scaled.jpg","width":1983,"height":2560},{"@type":"BreadcrumbList","@id":"https:\/\/campomatic.com\/produit\/wm12dw\/#breadcrumb","itemListElement":[{"@type":"ListItem","position":1,"name":"Home","item":"https:\/\/campomatic.com\/fr\/"},{"@type":"ListItem","position":2,"name":"All Products","item":"https:\/\/campomatic.com\/shop\/"},{"@type":"ListItem","position":3,"name":"WM12DW"}]},{"@type":"WebSite","@id":"https:\/\/campomatic.com\/#website","url":"https:\/\/campomatic.com\/","name":"Campomatic","description":"One of the market leaders for digital electronics, home appliances and Built-in Appliances products","publisher":{"@id":"https:\/\/campomatic.com\/#organization"},"potentialAction":[{"@type":"SearchAction","target":{"@type":"EntryPoint","urlTemplate":"https:\/\/campomatic.com\/?s={search_term_string}"},"query-input":{"@type":"PropertyValueSpecification","valueRequired":true,"valueName":"search_term_string"}}],"inLanguage":"fr-FR"},{"@type":"Organization","@id":"https:\/\/campomatic.com\/#organization","name":"Campomatic","url":"https:\/\/campomatic.com\/","logo":{"@type":"ImageObject","inLanguage":"fr-FR","@id":"https:\/\/campomatic.com\/#\/schema\/logo\/image\/","url":"https:\/\/campomatic.com\/wp-content\/uploads\/2023\/01\/campomatic-logo.gif","contentUrl":"https:\/\/campomatic.com\/wp-content\/uploads\/2023\/01\/campomatic-logo.gif","width":306,"height":26,"caption":"Campomatic"},"image":{"@id":"https:\/\/campomatic.com\/#\/schema\/logo\/image\/"},"sameAs":["https:\/\/www.facebook.com\/Campomatic\/","https:\/\/x.com\/campomatic"]}]}},"_links":{"self":[{"href":"https:\/\/campomatic.com\/fr\/wp-json\/wp\/v2\/product\/16555","targetHints":{"allow":["GET"]}}],"collection":[{"href":"https:\/\/campomatic.com\/fr\/wp-json\/wp\/v2\/product"}],"about":[{"href":"https:\/\/campomatic.com\/fr\/wp-json\/wp\/v2\/types\/product"}],"version-history":[{"count":0,"href":"https:\/\/campomatic.com\/fr\/wp-json\/wp\/v2\/product\/16555\/revisions"}],"wp:featuredmedia":[{"embeddable":true,"href":"https:\/\/campomatic.com\/fr\/wp-json\/wp\/v2\/media\/14261"}],"wp:attachment":[{"href":"https:\/\/campomatic.com\/fr\/wp-json\/wp\/v2\/media?parent=16555"}],"wp:term":[{"taxonomy":"product_brand","embeddable":true,"href":"https:\/\/campomatic.com\/fr\/wp-json\/wp\/v2\/product_brand?post=16555"},{"taxonomy":"product_cat","embeddable":true,"href":"https:\/\/campomatic.com\/fr\/wp-json\/wp\/v2\/product_cat?post=16555"},{"taxonomy":"product_tag","embeddable":true,"href":"https:\/\/campomatic.com\/fr\/wp-json\/wp\/v2\/product_tag?post=16555"}],"curies":[{"name":"wp","href":"https:\/\/api.w.org\/{rel}","templated":true}]}}