{"id":16624,"date":"2023-02-15T12:06:30","date_gmt":"2023-02-15T10:06:30","guid":{"rendered":"https:\/\/campomatic.com\/product\/led65hul\/"},"modified":"2024-02-29T11:04:35","modified_gmt":"2024-02-29T09:04:35","slug":"led65hul","status":"publish","type":"product","link":"https:\/\/campomatic.com\/fr\/produit\/led65hul\/","title":{"rendered":"LED65HUL"},"content":{"rendered":"\t\t<div data-elementor-type=\"wp-post\" data-elementor-id=\"16624\" class=\"elementor elementor-16624 elementor-9595\">\n\t\t\t\t\t\t<section class=\"elementor-section elementor-top-section elementor-element elementor-element-2a48b94f elementor-section-boxed elementor-section-height-default elementor-section-height-default wd-section-disabled\" data-id=\"2a48b94f\" data-element_type=\"section\" data-e-type=\"section\">\n\t\t\t\t\t\t<div class=\"elementor-container elementor-column-gap-default\">\n\t\t\t\t\t<div class=\"elementor-column elementor-col-100 elementor-top-column elementor-element elementor-element-1aa64263\" data-id=\"1aa64263\" data-element_type=\"column\" data-e-type=\"column\">\n\t\t\t<div class=\"elementor-widget-wrap elementor-element-populated\">\n\t\t\t\t\t\t<div class=\"elementor-element elementor-element-6621183e elementor-widget elementor-widget-image\" data-id=\"6621183e\" data-element_type=\"widget\" data-e-type=\"widget\" data-widget_type=\"image.default\">\n\t\t\t\t<div class=\"elementor-widget-container\">\n\t\t\t\t\t\t\t\t\t\t\t\t\t\t\t<img fetchpriority=\"high\" decoding=\"async\" width=\"1200\" height=\"672\" src=\"https:\/\/campomatic.com\/wp-content\/uploads\/2023\/02\/PC-TO-TV.jpg\" class=\"attachment-large size-large wp-image-13336\" alt=\"\" srcset=\"https:\/\/campomatic.com\/wp-content\/uploads\/2023\/02\/PC-TO-TV.jpg 1200w, https:\/\/campomatic.com\/wp-content\/uploads\/2023\/02\/PC-TO-TV-900x504.jpg 900w, https:\/\/campomatic.com\/wp-content\/uploads\/2023\/02\/PC-TO-TV-150x84.jpg 150w, https:\/\/campomatic.com\/wp-content\/uploads\/2023\/02\/PC-TO-TV-680x381.jpg 680w, https:\/\/campomatic.com\/wp-content\/uploads\/2023\/02\/PC-TO-TV-64x36.jpg 64w, https:\/\/campomatic.com\/wp-content\/uploads\/2023\/02\/PC-TO-TV-400x224.jpg 400w, https:\/\/campomatic.com\/wp-content\/uploads\/2023\/02\/PC-TO-TV-768x430.jpg 768w\" sizes=\"(max-width: 1200px) 100vw, 1200px\" \/>\t\t\t\t\t\t\t\t\t\t\t\t\t\t\t<\/div>\n\t\t\t\t<\/div>\n\t\t\t\t<div class=\"elementor-element elementor-element-1879f180 elementor-widget elementor-widget-wd_title\" data-id=\"1879f180\" data-element_type=\"widget\" data-e-type=\"widget\" data-widget_type=\"wd_title.default\">\n\t\t\t\t<div class=\"elementor-widget-container\">\n\t\t\t\t\t\t\t<div class=\"title-wrapper set-mb-s reset-last-child wd-title-color-default wd-title-style-default wd-title-size-default text-center\">\n\n\t\t\t\n\t\t\t<div class=\"liner-continer\">\n\t\t\t\t<h2 class=\"woodmart-title-container title wd-fontsize-l\">PC vers TV<\/h2> \n\t\t\t\t\t\t\t<\/div>\n\n\t\t\t\t\t\t\t<div class=\"title-after_title set-cont-mb-s reset-last-child wd-fontsize-xs\">\n\t\t\t\t\tUtilisez un c\u00e2ble VGA ou HDMI en fonction de la sortie de votre PC pour afficher l'\u00e9cran de votre ordinateur sur votre t\u00e9l\u00e9viseur LED. Cette fonction est \u00e9galement tr\u00e8s utile pour les pr\u00e9sentations destin\u00e9es \u00e0 de grands groupes.\t\t\t\t<\/div>\n\t\t\t\t\t<\/div>\n\t\t\t\t\t\t<\/div>\n\t\t\t\t<\/div>\n\t\t\t\t<div class=\"elementor-element elementor-element-17086a80 elementor-widget elementor-widget-image\" data-id=\"17086a80\" data-element_type=\"widget\" data-e-type=\"widget\" data-widget_type=\"image.default\">\n\t\t\t\t<div class=\"elementor-widget-container\">\n\t\t\t\t\t\t\t\t\t\t\t\t\t\t\t<img decoding=\"async\" width=\"1031\" height=\"672\" src=\"https:\/\/campomatic.com\/wp-content\/uploads\/2023\/02\/Screen-Mirroring.jpg\" class=\"attachment-large size-large wp-image-13380\" alt=\"\" srcset=\"https:\/\/campomatic.com\/wp-content\/uploads\/2023\/02\/Screen-Mirroring.jpg 1031w, https:\/\/campomatic.com\/wp-content\/uploads\/2023\/02\/Screen-Mirroring-900x587.jpg 900w, https:\/\/campomatic.com\/wp-content\/uploads\/2023\/02\/Screen-Mirroring-150x98.jpg 150w, https:\/\/campomatic.com\/wp-content\/uploads\/2023\/02\/Screen-Mirroring-680x443.jpg 680w, https:\/\/campomatic.com\/wp-content\/uploads\/2023\/02\/Screen-Mirroring-64x42.jpg 64w, https:\/\/campomatic.com\/wp-content\/uploads\/2023\/02\/Screen-Mirroring-400x261.jpg 400w, https:\/\/campomatic.com\/wp-content\/uploads\/2023\/02\/Screen-Mirroring-768x501.jpg 768w\" sizes=\"(max-width: 1031px) 100vw, 1031px\" \/>\t\t\t\t\t\t\t\t\t\t\t\t\t\t\t<\/div>\n\t\t\t\t<\/div>\n\t\t\t\t<div class=\"elementor-element elementor-element-2d4fffd8 elementor-widget elementor-widget-wd_title\" data-id=\"2d4fffd8\" data-element_type=\"widget\" data-e-type=\"widget\" data-widget_type=\"wd_title.default\">\n\t\t\t\t<div class=\"elementor-widget-container\">\n\t\t\t\t\t\t\t<div class=\"title-wrapper set-mb-s reset-last-child wd-title-color-default wd-title-style-default wd-title-size-default text-center\">\n\n\t\t\t\n\t\t\t<div class=\"liner-continer\">\n\t\t\t\t<h2 class=\"woodmart-title-container title wd-fontsize-l\">Miroir d'\u00e9cran<\/h2> \n\t\t\t\t\t\t\t<\/div>\n\n\t\t\t\t\t\t\t<div class=\"title-after_title set-cont-mb-s reset-last-child wd-fontsize-xs\">\n\t\t\t\t\tCette fonction vous permet de refl\u00e9ter votre smartphone sur l'\u00e9cran du t\u00e9l\u00e9viseur en haute qualit\u00e9. Vous pourrez lire des vid\u00e9os, de la musique, des photos, etc. sur votre grand \u00e9cran de t\u00e9l\u00e9vision. Pour ce faire, il envoie continuellement une copie de votre \u00e9cran complet ou d'une fen\u00eatre unique qui sera affich\u00e9e sur l'appareil cible en temps r\u00e9el.\t\t\t\t<\/div>\n\t\t\t\t\t<\/div>\n\t\t\t\t\t\t<\/div>\n\t\t\t\t<\/div>\n\t\t\t\t<div class=\"elementor-element elementor-element-34e0d76d elementor-widget elementor-widget-image\" data-id=\"34e0d76d\" data-element_type=\"widget\" data-e-type=\"widget\" data-widget_type=\"image.default\">\n\t\t\t\t<div class=\"elementor-widget-container\">\n\t\t\t\t\t\t\t\t\t\t\t\t\t\t\t<img decoding=\"async\" width=\"1300\" height=\"800\" src=\"https:\/\/campomatic.com\/wp-content\/uploads\/2023\/02\/webOS-by-LG-1300x800.jpg\" class=\"attachment-large size-large wp-image-13384\" alt=\"\" srcset=\"https:\/\/campomatic.com\/wp-content\/uploads\/2023\/02\/webOS-by-LG-1300x800.jpg 1300w, https:\/\/campomatic.com\/wp-content\/uploads\/2023\/02\/webOS-by-LG-900x554.jpg 900w, https:\/\/campomatic.com\/wp-content\/uploads\/2023\/02\/webOS-by-LG-150x92.jpg 150w, https:\/\/campomatic.com\/wp-content\/uploads\/2023\/02\/webOS-by-LG-680x418.jpg 680w, https:\/\/campomatic.com\/wp-content\/uploads\/2023\/02\/webOS-by-LG-64x39.jpg 64w, https:\/\/campomatic.com\/wp-content\/uploads\/2023\/02\/webOS-by-LG-400x246.jpg 400w, https:\/\/campomatic.com\/wp-content\/uploads\/2023\/02\/webOS-by-LG-768x473.jpg 768w, https:\/\/campomatic.com\/wp-content\/uploads\/2023\/02\/webOS-by-LG-1536x945.jpg 1536w, https:\/\/campomatic.com\/wp-content\/uploads\/2023\/02\/webOS-by-LG-2048x1260.jpg 2048w, https:\/\/campomatic.com\/wp-content\/uploads\/2023\/02\/webOS-by-LG-1800x1108.jpg 1800w\" sizes=\"(max-width: 1300px) 100vw, 1300px\" \/>\t\t\t\t\t\t\t\t\t\t\t\t\t\t\t<\/div>\n\t\t\t\t<\/div>\n\t\t\t\t<div class=\"elementor-element elementor-element-58a89040 elementor-widget elementor-widget-wd_title\" data-id=\"58a89040\" data-element_type=\"widget\" data-e-type=\"widget\" data-widget_type=\"wd_title.default\">\n\t\t\t\t<div class=\"elementor-widget-container\">\n\t\t\t\t\t\t\t<div class=\"title-wrapper set-mb-s reset-last-child wd-title-color-default wd-title-style-default wd-title-size-default text-center\">\n\n\t\t\t\n\t\t\t<div class=\"liner-continer\">\n\t\t\t\t<h2 class=\"woodmart-title-container title wd-fontsize-l\">WebOS<br \/>\n<\/h2> \n\t\t\t\t\t\t\t<\/div>\n\n\t\t\t\t\t\t\t<div class=\"title-after_title set-cont-mb-s reset-last-child wd-fontsize-xs\">\n\t\t\t\t\tWebOS est un syst\u00e8me d'exploitation pour t\u00e9l\u00e9viseurs intelligents bas\u00e9 sur Linux et appartenant \u00e0 LG. Il est con\u00e7u pour permettre le contr\u00f4le et l'acc\u00e8s aux fonctions les plus avanc\u00e9es des t\u00e9l\u00e9viseurs intelligents et aux appareils connect\u00e9s par l'interm\u00e9diaire d'une interface utilisateur graphique (GUI).<br \/>\n<br \/>\nAvec webOS TV, cr\u00e9ez la meilleure exp\u00e9rience possible pour les t\u00e9l\u00e9viseurs intelligents, tout en profitant de l'avantage de travailler avec l'un des meilleurs partenaires, qui vous donne acc\u00e8s \u00e0 un tout nouveau monde de divertissement avec les applications webOS et le contenu de Netflix, Amazon Video, Hulu, YouTube et bien d'autres encore.\t\t\t\t<\/div>\n\t\t\t\t\t<\/div>\n\t\t\t\t\t\t<\/div>\n\t\t\t\t<\/div>\n\t\t\t\t<div class=\"elementor-element elementor-element-58c6db2f elementor-widget elementor-widget-image\" data-id=\"58c6db2f\" data-element_type=\"widget\" data-e-type=\"widget\" data-widget_type=\"image.default\">\n\t\t\t\t<div class=\"elementor-widget-container\">\n\t\t\t\t\t\t\t\t\t\t\t\t\t\t\t<img loading=\"lazy\" decoding=\"async\" width=\"632\" height=\"481\" src=\"https:\/\/campomatic.com\/wp-content\/uploads\/2023\/02\/Magic-Remote-by-LG.jpg\" class=\"attachment-large size-large wp-image-13388\" alt=\"\" srcset=\"https:\/\/campomatic.com\/wp-content\/uploads\/2023\/02\/Magic-Remote-by-LG.jpg 632w, https:\/\/campomatic.com\/wp-content\/uploads\/2023\/02\/Magic-Remote-by-LG-150x114.jpg 150w, https:\/\/campomatic.com\/wp-content\/uploads\/2023\/02\/Magic-Remote-by-LG-64x49.jpg 64w, https:\/\/campomatic.com\/wp-content\/uploads\/2023\/02\/Magic-Remote-by-LG-394x300.jpg 394w\" sizes=\"(max-width: 632px) 100vw, 632px\" \/>\t\t\t\t\t\t\t\t\t\t\t\t\t\t\t<\/div>\n\t\t\t\t<\/div>\n\t\t\t\t<div class=\"elementor-element elementor-element-4ae5b2e1 elementor-widget elementor-widget-wd_title\" data-id=\"4ae5b2e1\" data-element_type=\"widget\" data-e-type=\"widget\" data-widget_type=\"wd_title.default\">\n\t\t\t\t<div class=\"elementor-widget-container\">\n\t\t\t\t\t\t\t<div class=\"title-wrapper set-mb-s reset-last-child wd-title-color-default wd-title-style-default wd-title-size-default text-center\">\n\n\t\t\t\n\t\t\t<div class=\"liner-continer\">\n\t\t\t\t<h2 class=\"woodmart-title-container title wd-fontsize-l\">T\u00e9l\u00e9commande magique<br \/>\n<\/h2> \n\t\t\t\t\t\t\t<\/div>\n\n\t\t\t\t\t\t\t<div class=\"title-after_title set-cont-mb-s reset-last-child wd-fontsize-xs\">\n\t\t\t\t\tLa t\u00e9l\u00e9commande Magic de LG est la seule t\u00e9l\u00e9commande dont vous avez besoin gr\u00e2ce \u00e0 son design ergonomique et confortable et \u00e0 la possibilit\u00e9 de l'utiliser comme t\u00e9l\u00e9commande, pointeur et commande vocale avec son contr\u00f4le semblable \u00e0 celui d'une souris de PC et sa molette cliquable pour g\u00e9rer vos divertissements et votre maison intelligente.\t\t\t\t<\/div>\n\t\t\t\t\t<\/div>\n\t\t\t\t\t\t<\/div>\n\t\t\t\t<\/div>\n\t\t\t\t<div class=\"elementor-element elementor-element-7e058e0b elementor-widget elementor-widget-image\" data-id=\"7e058e0b\" data-element_type=\"widget\" data-e-type=\"widget\" data-widget_type=\"image.default\">\n\t\t\t\t<div class=\"elementor-widget-container\">\n\t\t\t\t\t\t\t\t\t\t\t\t\t\t\t<img loading=\"lazy\" decoding=\"async\" width=\"1200\" height=\"672\" src=\"https:\/\/campomatic.com\/wp-content\/uploads\/2023\/02\/4K-TV-UHD.jpg\" class=\"attachment-large size-large wp-image-13392\" alt=\"\" srcset=\"https:\/\/campomatic.com\/wp-content\/uploads\/2023\/02\/4K-TV-UHD.jpg 1200w, https:\/\/campomatic.com\/wp-content\/uploads\/2023\/02\/4K-TV-UHD-900x504.jpg 900w, https:\/\/campomatic.com\/wp-content\/uploads\/2023\/02\/4K-TV-UHD-150x84.jpg 150w, https:\/\/campomatic.com\/wp-content\/uploads\/2023\/02\/4K-TV-UHD-680x381.jpg 680w, https:\/\/campomatic.com\/wp-content\/uploads\/2023\/02\/4K-TV-UHD-64x36.jpg 64w, https:\/\/campomatic.com\/wp-content\/uploads\/2023\/02\/4K-TV-UHD-400x224.jpg 400w, https:\/\/campomatic.com\/wp-content\/uploads\/2023\/02\/4K-TV-UHD-768x430.jpg 768w\" sizes=\"(max-width: 1200px) 100vw, 1200px\" \/>\t\t\t\t\t\t\t\t\t\t\t\t\t\t\t<\/div>\n\t\t\t\t<\/div>\n\t\t\t\t<div class=\"elementor-element elementor-element-3f6d70db elementor-widget elementor-widget-wd_title\" data-id=\"3f6d70db\" data-element_type=\"widget\" data-e-type=\"widget\" data-widget_type=\"wd_title.default\">\n\t\t\t\t<div class=\"elementor-widget-container\">\n\t\t\t\t\t\t\t<div class=\"title-wrapper set-mb-s reset-last-child wd-title-color-default wd-title-style-default wd-title-size-default text-center\">\n\n\t\t\t\n\t\t\t<div class=\"liner-continer\">\n\t\t\t\t<h2 class=\"woodmart-title-container title wd-fontsize-l\">4K UHD<br \/>\n<\/h2> \n\t\t\t\t\t\t\t<\/div>\n\n\t\t\t\t\t\t\t<div class=\"title-after_title set-cont-mb-s reset-last-child wd-fontsize-xs\">\n\t\t\t\t\tAvec la technologie 4K UHD, vous pouvez profiter de superbes images de 3840 x 2160, soit une r\u00e9solution quatre fois sup\u00e9rieure \u00e0 celle de la Full HD, avec 8 millions de pixels contre 2 millions pour la Full HD. Les images 4K sont claires et r\u00e9alistes, sans pixellisation. D'autre part, le contenu en ligne est de plus en plus disponible en 4K.\t\t\t\t<\/div>\n\t\t\t\t\t<\/div>\n\t\t\t\t\t\t<\/div>\n\t\t\t\t<\/div>\n\t\t\t\t\t<\/div>\n\t\t<\/div>\n\t\t\t\t\t<\/div>\n\t\t<\/section>\n\t\t\t\t<\/div>\n\t\t","protected":false},"excerpt":{"rendered":"<p>PC vers TV Utilisez un c\u00e2ble VGA ou HDMI en fonction de la sortie de votre PC pour afficher l&rsquo;\u00e9cran<\/p>\n","protected":false},"featured_media":13272,"template":"","meta":{"_acf_changed":false},"product_brand":[],"product_cat":[1113],"product_tag":[],"class_list":{"0":"post-16624","1":"product","2":"type-product","3":"status-publish","4":"has-post-thumbnail","6":"product_cat-tv-led-fr","8":"first","9":"instock","10":"sale","11":"taxable","12":"shipping-taxable","13":"purchasable","14":"product-type-simple"},"acf":[],"yoast_head":"<!-- This site is optimized with the Yoast SEO plugin v27.1.1 - https:\/\/yoast.com\/product\/yoast-seo-wordpress\/ -->\n<title>LED65HUL - Campomatic<\/title>\n<meta name=\"robots\" content=\"index, follow, max-snippet:-1, max-image-preview:large, max-video-preview:-1\" \/>\n<link rel=\"canonical\" href=\"https:\/\/campomatic.com\/produit\/led65hul\/\" \/>\n<meta property=\"og:locale\" content=\"fr_FR\" \/>\n<meta property=\"og:type\" content=\"article\" \/>\n<meta property=\"og:title\" content=\"LED65HUL - Campomatic\" \/>\n<meta property=\"og:description\" content=\"PC vers TV Utilisez un c\u00e2ble VGA ou HDMI en fonction de la sortie de votre PC pour afficher l&rsquo;\u00e9cran\" \/>\n<meta property=\"og:url\" content=\"https:\/\/campomatic.com\/produit\/led65hul\/\" \/>\n<meta property=\"og:site_name\" content=\"Campomatic\" \/>\n<meta property=\"article:publisher\" content=\"https:\/\/www.facebook.com\/Campomatic\/\" \/>\n<meta property=\"article:modified_time\" content=\"2024-02-29T09:04:35+00:00\" \/>\n<meta property=\"og:image\" content=\"https:\/\/campomatic.com\/wp-content\/uploads\/2023\/01\/WEBOS-TV.jpg\" \/>\n\t<meta property=\"og:image:width\" content=\"680\" \/>\n\t<meta property=\"og:image:height\" content=\"900\" \/>\n\t<meta property=\"og:image:type\" content=\"image\/jpeg\" \/>\n<meta name=\"twitter:card\" content=\"summary_large_image\" \/>\n<meta name=\"twitter:site\" content=\"@campomatic\" \/>\n<meta name=\"twitter:label1\" content=\"Dur\u00e9e de lecture estim\u00e9e\" \/>\n\t<meta name=\"twitter:data1\" content=\"2 minutes\" \/>\n<script type=\"application\/ld+json\" class=\"yoast-schema-graph\">{\"@context\":\"https:\/\/schema.org\",\"@graph\":[{\"@type\":\"WebPage\",\"@id\":\"https:\/\/campomatic.com\/produit\/led65hul\/\",\"url\":\"https:\/\/campomatic.com\/produit\/led65hul\/\",\"name\":\"LED65HUL - Campomatic\",\"isPartOf\":{\"@id\":\"https:\/\/campomatic.com\/#website\"},\"primaryImageOfPage\":{\"@id\":\"https:\/\/campomatic.com\/produit\/led65hul\/#primaryimage\"},\"image\":{\"@id\":\"https:\/\/campomatic.com\/produit\/led65hul\/#primaryimage\"},\"thumbnailUrl\":\"https:\/\/campomatic.com\/wp-content\/uploads\/2023\/01\/WEBOS-TV.jpg\",\"datePublished\":\"2023-02-15T10:06:30+00:00\",\"dateModified\":\"2024-02-29T09:04:35+00:00\",\"breadcrumb\":{\"@id\":\"https:\/\/campomatic.com\/produit\/led65hul\/#breadcrumb\"},\"inLanguage\":\"fr-FR\",\"potentialAction\":[{\"@type\":\"ReadAction\",\"target\":[\"https:\/\/campomatic.com\/produit\/led65hul\/\"]}]},{\"@type\":\"ImageObject\",\"inLanguage\":\"fr-FR\",\"@id\":\"https:\/\/campomatic.com\/produit\/led65hul\/#primaryimage\",\"url\":\"https:\/\/campomatic.com\/wp-content\/uploads\/2023\/01\/WEBOS-TV.jpg\",\"contentUrl\":\"https:\/\/campomatic.com\/wp-content\/uploads\/2023\/01\/WEBOS-TV.jpg\",\"width\":680,\"height\":900},{\"@type\":\"BreadcrumbList\",\"@id\":\"https:\/\/campomatic.com\/produit\/led65hul\/#breadcrumb\",\"itemListElement\":[{\"@type\":\"ListItem\",\"position\":1,\"name\":\"Home\",\"item\":\"https:\/\/campomatic.com\/fr\/\"},{\"@type\":\"ListItem\",\"position\":2,\"name\":\"All Products\",\"item\":\"https:\/\/campomatic.com\/shop\/\"},{\"@type\":\"ListItem\",\"position\":3,\"name\":\"LED65HUL\"}]},{\"@type\":\"WebSite\",\"@id\":\"https:\/\/campomatic.com\/#website\",\"url\":\"https:\/\/campomatic.com\/\",\"name\":\"Campomatic\",\"description\":\"One of the market leaders for digital electronics, home appliances and Built-in Appliances products\",\"publisher\":{\"@id\":\"https:\/\/campomatic.com\/#organization\"},\"potentialAction\":[{\"@type\":\"SearchAction\",\"target\":{\"@type\":\"EntryPoint\",\"urlTemplate\":\"https:\/\/campomatic.com\/?s={search_term_string}\"},\"query-input\":{\"@type\":\"PropertyValueSpecification\",\"valueRequired\":true,\"valueName\":\"search_term_string\"}}],\"inLanguage\":\"fr-FR\"},{\"@type\":\"Organization\",\"@id\":\"https:\/\/campomatic.com\/#organization\",\"name\":\"Campomatic\",\"url\":\"https:\/\/campomatic.com\/\",\"logo\":{\"@type\":\"ImageObject\",\"inLanguage\":\"fr-FR\",\"@id\":\"https:\/\/campomatic.com\/#\/schema\/logo\/image\/\",\"url\":\"https:\/\/campomatic.com\/wp-content\/uploads\/2023\/01\/campomatic-logo.gif\",\"contentUrl\":\"https:\/\/campomatic.com\/wp-content\/uploads\/2023\/01\/campomatic-logo.gif\",\"width\":306,\"height\":26,\"caption\":\"Campomatic\"},\"image\":{\"@id\":\"https:\/\/campomatic.com\/#\/schema\/logo\/image\/\"},\"sameAs\":[\"https:\/\/www.facebook.com\/Campomatic\/\",\"https:\/\/x.com\/campomatic\"]}]}<\/script>\n<!-- \/ Yoast SEO plugin. -->","yoast_head_json":{"title":"LED65HUL - Campomatic","robots":{"index":"index","follow":"follow","max-snippet":"max-snippet:-1","max-image-preview":"max-image-preview:large","max-video-preview":"max-video-preview:-1"},"canonical":"https:\/\/campomatic.com\/produit\/led65hul\/","og_locale":"fr_FR","og_type":"article","og_title":"LED65HUL - Campomatic","og_description":"PC vers TV Utilisez un c\u00e2ble VGA ou HDMI en fonction de la sortie de votre PC pour afficher l&rsquo;\u00e9cran","og_url":"https:\/\/campomatic.com\/produit\/led65hul\/","og_site_name":"Campomatic","article_publisher":"https:\/\/www.facebook.com\/Campomatic\/","article_modified_time":"2024-02-29T09:04:35+00:00","og_image":[{"width":680,"height":900,"url":"https:\/\/campomatic.com\/wp-content\/uploads\/2023\/01\/WEBOS-TV.jpg","type":"image\/jpeg"}],"twitter_card":"summary_large_image","twitter_site":"@campomatic","twitter_misc":{"Dur\u00e9e de lecture estim\u00e9e":"2 minutes"},"schema":{"@context":"https:\/\/schema.org","@graph":[{"@type":"WebPage","@id":"https:\/\/campomatic.com\/produit\/led65hul\/","url":"https:\/\/campomatic.com\/produit\/led65hul\/","name":"LED65HUL - Campomatic","isPartOf":{"@id":"https:\/\/campomatic.com\/#website"},"primaryImageOfPage":{"@id":"https:\/\/campomatic.com\/produit\/led65hul\/#primaryimage"},"image":{"@id":"https:\/\/campomatic.com\/produit\/led65hul\/#primaryimage"},"thumbnailUrl":"https:\/\/campomatic.com\/wp-content\/uploads\/2023\/01\/WEBOS-TV.jpg","datePublished":"2023-02-15T10:06:30+00:00","dateModified":"2024-02-29T09:04:35+00:00","breadcrumb":{"@id":"https:\/\/campomatic.com\/produit\/led65hul\/#breadcrumb"},"inLanguage":"fr-FR","potentialAction":[{"@type":"ReadAction","target":["https:\/\/campomatic.com\/produit\/led65hul\/"]}]},{"@type":"ImageObject","inLanguage":"fr-FR","@id":"https:\/\/campomatic.com\/produit\/led65hul\/#primaryimage","url":"https:\/\/campomatic.com\/wp-content\/uploads\/2023\/01\/WEBOS-TV.jpg","contentUrl":"https:\/\/campomatic.com\/wp-content\/uploads\/2023\/01\/WEBOS-TV.jpg","width":680,"height":900},{"@type":"BreadcrumbList","@id":"https:\/\/campomatic.com\/produit\/led65hul\/#breadcrumb","itemListElement":[{"@type":"ListItem","position":1,"name":"Home","item":"https:\/\/campomatic.com\/fr\/"},{"@type":"ListItem","position":2,"name":"All Products","item":"https:\/\/campomatic.com\/shop\/"},{"@type":"ListItem","position":3,"name":"LED65HUL"}]},{"@type":"WebSite","@id":"https:\/\/campomatic.com\/#website","url":"https:\/\/campomatic.com\/","name":"Campomatic","description":"One of the market leaders for digital electronics, home appliances and Built-in Appliances products","publisher":{"@id":"https:\/\/campomatic.com\/#organization"},"potentialAction":[{"@type":"SearchAction","target":{"@type":"EntryPoint","urlTemplate":"https:\/\/campomatic.com\/?s={search_term_string}"},"query-input":{"@type":"PropertyValueSpecification","valueRequired":true,"valueName":"search_term_string"}}],"inLanguage":"fr-FR"},{"@type":"Organization","@id":"https:\/\/campomatic.com\/#organization","name":"Campomatic","url":"https:\/\/campomatic.com\/","logo":{"@type":"ImageObject","inLanguage":"fr-FR","@id":"https:\/\/campomatic.com\/#\/schema\/logo\/image\/","url":"https:\/\/campomatic.com\/wp-content\/uploads\/2023\/01\/campomatic-logo.gif","contentUrl":"https:\/\/campomatic.com\/wp-content\/uploads\/2023\/01\/campomatic-logo.gif","width":306,"height":26,"caption":"Campomatic"},"image":{"@id":"https:\/\/campomatic.com\/#\/schema\/logo\/image\/"},"sameAs":["https:\/\/www.facebook.com\/Campomatic\/","https:\/\/x.com\/campomatic"]}]}},"_links":{"self":[{"href":"https:\/\/campomatic.com\/fr\/wp-json\/wp\/v2\/product\/16624","targetHints":{"allow":["GET"]}}],"collection":[{"href":"https:\/\/campomatic.com\/fr\/wp-json\/wp\/v2\/product"}],"about":[{"href":"https:\/\/campomatic.com\/fr\/wp-json\/wp\/v2\/types\/product"}],"version-history":[{"count":0,"href":"https:\/\/campomatic.com\/fr\/wp-json\/wp\/v2\/product\/16624\/revisions"}],"wp:featuredmedia":[{"embeddable":true,"href":"https:\/\/campomatic.com\/fr\/wp-json\/wp\/v2\/media\/13272"}],"wp:attachment":[{"href":"https:\/\/campomatic.com\/fr\/wp-json\/wp\/v2\/media?parent=16624"}],"wp:term":[{"taxonomy":"product_brand","embeddable":true,"href":"https:\/\/campomatic.com\/fr\/wp-json\/wp\/v2\/product_brand?post=16624"},{"taxonomy":"product_cat","embeddable":true,"href":"https:\/\/campomatic.com\/fr\/wp-json\/wp\/v2\/product_cat?post=16624"},{"taxonomy":"product_tag","embeddable":true,"href":"https:\/\/campomatic.com\/fr\/wp-json\/wp\/v2\/product_tag?post=16624"}],"curies":[{"name":"wp","href":"https:\/\/api.w.org\/{rel}","templated":true}]}}