{"id":13557,"date":"2023-02-13T07:35:11","date_gmt":"2023-02-13T05:35:11","guid":{"rendered":"https:\/\/campomatic.net\/politica-di-garanzia\/"},"modified":"2023-03-30T10:59:46","modified_gmt":"2023-03-30T07:59:46","slug":"politica-di-garanzia","status":"publish","type":"page","link":"https:\/\/campomatic.com\/it\/politica-di-garanzia\/","title":{"rendered":"Politica di garanzia"},"content":{"rendered":"\t\t<div data-elementor-type=\"wp-page\" data-elementor-id=\"13557\" class=\"elementor elementor-13557 elementor-9349\">\n\t\t\t\t\t\t<section class=\"elementor-section elementor-top-section elementor-element elementor-element-3c548bca elementor-reverse-tablet elementor-reverse-mobile elementor-section-boxed elementor-section-height-default elementor-section-height-default wd-section-disabled\" data-id=\"3c548bca\" data-element_type=\"section\" data-e-type=\"section\">\n\t\t\t\t\t\t<div class=\"elementor-container elementor-column-gap-default\">\n\t\t\t\t\t<div class=\"elementor-column elementor-col-100 elementor-top-column elementor-element elementor-element-7a9daa7\" data-id=\"7a9daa7\" data-element_type=\"column\" data-e-type=\"column\">\n\t\t\t<div class=\"elementor-widget-wrap elementor-element-populated\">\n\t\t\t\t\t\t<div class=\"elementor-element elementor-element-18566191 elementor-widget elementor-widget-wd_title\" data-id=\"18566191\" data-element_type=\"widget\" data-e-type=\"widget\" data-widget_type=\"wd_title.default\">\n\t\t\t\t<div class=\"elementor-widget-container\">\n\t\t\t\t\t\t\t<div class=\"title-wrapper set-mb-s reset-last-child wd-title-color-primary wd-title-style-default wd-title-size-large text-left\">\n\n\t\t\t\t\t\t\t<div class=\"title-subtitle subtitle-color-primary subtitle-style-default wd-fontsize-xs\">\n\t\t\t\t\tPolitica di garanzia\t\t\t\t<\/div>\n\t\t\t\n\t\t\t<div class=\"liner-continer\">\n\t\t\t\t<h4 class=\"woodmart-title-container title wd-fontsize-xxl\"><\/h4> \n\t\t\t\t\t\t\t<\/div>\n\n\t\t\t\t\t\t\t<div class=\"title-after_title set-cont-mb-s reset-last-child wd-fontsize-s\">\n\t\t\t\t\t<p>Campomatic vi ringrazia per aver acquistato uno dei suoi prodotti. A vostro vantaggio, vi consigliamo di compilare questa scheda e di conservarla tra i vostri documenti personali come prova d'acquisto. Queste informazioni saranno necessarie ogni volta che sar\u00e0 necessaria una riparazione.<\/p><p>Un anno di garanzia* su tutti gli apparecchi a partire dalla data di acquisto<\/p>\t\t\t\t<\/div>\n\t\t\t\t\t<\/div>\n\t\t\t\t\t\t<\/div>\n\t\t\t\t<\/div>\n\t\t\t\t\t<\/div>\n\t\t<\/div>\n\t\t\t\t\t<\/div>\n\t\t<\/section>\n\t\t\t\t<section class=\"elementor-section elementor-top-section elementor-element elementor-element-b67f4c6 elementor-reverse-tablet elementor-reverse-mobile elementor-section-boxed elementor-section-height-default elementor-section-height-default wd-section-disabled\" data-id=\"b67f4c6\" data-element_type=\"section\" data-e-type=\"section\">\n\t\t\t\t\t\t<div class=\"elementor-container elementor-column-gap-default\">\n\t\t\t\t\t<div class=\"elementor-column elementor-col-100 elementor-top-column elementor-element elementor-element-dc5e5fa\" data-id=\"dc5e5fa\" data-element_type=\"column\" data-e-type=\"column\">\n\t\t\t<div class=\"elementor-widget-wrap elementor-element-populated\">\n\t\t\t\t\t\t<div class=\"elementor-element elementor-element-22310c9 elementor-widget elementor-widget-wd_title\" data-id=\"22310c9\" data-element_type=\"widget\" data-e-type=\"widget\" data-widget_type=\"wd_title.default\">\n\t\t\t\t<div class=\"elementor-widget-container\">\n\t\t\t\t\t\t\t<div class=\"title-wrapper set-mb-s reset-last-child wd-title-color-primary wd-title-style-default wd-title-size-large text-left\">\n\n\t\t\t\t\t\t\t<div class=\"title-subtitle subtitle-color-primary subtitle-style-default wd-fontsize-xs\">\n\t\t\t\t\tTermini e condizioni<br \/>\n\t\t\t\t<\/div>\n\t\t\t\n\t\t\t<div class=\"liner-continer\">\n\t\t\t\t<h4 class=\"woodmart-title-container title wd-fontsize-xxl\"><\/h4> \n\t\t\t\t\t\t\t<\/div>\n\n\t\t\t\t\t\t\t<div class=\"title-after_title set-cont-mb-s reset-last-child wd-fontsize-s\">\n\t\t\t\t\tLa presente garanzia sar\u00e0 onorata solo se debitamente compilata e presentata con la fattura o la ricevuta originale.La garanzia non copre alcun tipo di uso improprio, danno o sovraccarico.La garanzia non \u00e8 valida se il danno \u00e8 causato da: incidenti, negligenza, fulmini o fluttuazioni elettriche (la tensione-V\/ciclo-Hz deve essere conforme alla targhetta) o qualsiasi altra causa al di fuori del controllo del distributore.Qualsiasi riparazione eseguita da officine non autorizzate invalider\u00e0 automaticamente la garanzia e non sar\u00e0 rimborsata.La garanzia non copre le spese di trasporto per eventuali servizi sul campo*, che sono a carico del cliente. *Applicabile 3 mesi dalla data di acquisto.La responsabilit\u00e0 massima di Campomatic non superer\u00e0 il prezzo effettivo stabilito da Campomatic per il prodotto. In nessun caso Campomatic sar\u00e0 responsabile per danni speciali, incidentali, consequenziali o indiretti.\t\t\t\t<\/div>\n\t\t\t\t\t<\/div>\n\t\t\t\t\t\t<\/div>\n\t\t\t\t<\/div>\n\t\t\t\t\t<\/div>\n\t\t<\/div>\n\t\t\t\t\t<\/div>\n\t\t<\/section>\n\t\t\t\t<section class=\"elementor-section elementor-top-section elementor-element elementor-element-07022b8 elementor-section-boxed elementor-section-height-default elementor-section-height-default wd-section-disabled\" data-id=\"07022b8\" data-element_type=\"section\" data-e-type=\"section\">\n\t\t\t\t\t\t<div class=\"elementor-container elementor-column-gap-default\">\n\t\t\t\t\t<div class=\"elementor-column elementor-col-100 elementor-top-column elementor-element elementor-element-4b25bd5\" data-id=\"4b25bd5\" data-element_type=\"column\" data-e-type=\"column\">\n\t\t\t<div class=\"elementor-widget-wrap elementor-element-populated\">\n\t\t\t\t\t\t<div class=\"elementor-element elementor-element-c241e09 elementor-widget elementor-widget-wd_text_block\" data-id=\"c241e09\" data-element_type=\"widget\" data-e-type=\"widget\" data-widget_type=\"wd_text_block.default\">\n\t\t\t\t<div class=\"elementor-widget-container\">\n\t\t\t\t\t\t\t<div class=\"wd-text-block reset-last-child text-left color-title\">\n\t\t\t\n\t\t\t<table class=\"warranty-table\" border=\"0\" width=\"100%\" cellspacing=\"0\" cellpadding=\"0\" align=\"left\"><tbody><tr><th width=\"170\">Prodotto<\/th><th width=\"110\">Periodo di garanzia<\/th><th>Non coperto da garanzia<\/th><\/tr><tr><td>TV al plasma\/lcd\/LED<\/td><td>1 anno<\/td><td>RC\/Batterie\/Effetto bruciatura\/Pixel morti (fino a 7\/colore)<\/td><\/tr><tr><td>Fornelli\/forni\/cappe da incasso<\/td><td>1 anno<\/td><td>Lampada\/Vetro dello sportello\/Coperchio in vetro\/Filtri\/Bruciatori\/Cerniere\/Fusione-Manopole scolorite<\/td><\/tr><tr><td>Lavatrice\/Asciugatrice\/Lavastoviglie<\/td><td>1 anno<\/td><td>Guarnizione\/maniglia\/cerniera della porta in vetro<\/td><\/tr><tr><td>Frigorifero\/congelatore<\/td><td>1 anno<\/td><td>Lampada\/maniglia\/scaffali in vetro<\/td><\/tr><tr><td>Condizionatore d'aria<\/td><td>1 anno<\/td><td>RC\/Impostazione non corretta<\/td><\/tr><tr><td>Piccoli elettrodomestici<\/td><td>1 anno<\/td><td>Ingranaggi (tritacarne\/ robot da cucina)\/maniglie<\/td><\/tr><tr><td>Aspirapolvere<\/td><td>1 anno<\/td><td>Spazzola\/ruote\/filtro\/tubo\/sacco<\/td><\/tr><tr><td>Distributore d'acqua<\/td><td>1 anno<\/td><td>Rubinetto\/Elemento di riscaldamento a causa di acqua calcarea\/Accensione quando i serbatoi sono vuoti<\/td><\/tr><\/tbody><\/table>\n\t\t\t\t\t<\/div>\n\t\t\t\t\t\t<\/div>\n\t\t\t\t<\/div>\n\t\t\t\t\t<\/div>\n\t\t<\/div>\n\t\t\t\t\t<\/div>\n\t\t<\/section>\n\t\t\t\t<\/div>\n\t\t","protected":false},"excerpt":{"rendered":"<p>Politica di garanzia Campomatic vi ringrazia per aver acquistato uno dei suoi prodotti. A vostro vantaggio, vi consigliamo di compilare<\/p>\n","protected":false},"author":1,"featured_media":0,"parent":0,"menu_order":0,"comment_status":"closed","ping_status":"closed","template":"","meta":{"_acf_changed":false,"footnotes":""},"class_list":["post-13557","page","type-page","status-publish","hentry"],"acf":[],"yoast_head":"<!-- This site is optimized with the Yoast SEO plugin v27.1.1 - https:\/\/yoast.com\/product\/yoast-seo-wordpress\/ -->\n<title>Politica di garanzia - Campomatic<\/title>\n<meta name=\"description\" content=\"CAMPOMATIC was born in 1970 in Campo Sampiero (Padova) Italy as a washing machine &amp; gas cooker brand and has since then expanded to become a global company.CAMPOMATIC aims to be one of the market leaders for digital electronics, home appliances and energy products, with passion for innovation, quality, elegance, environmental responsibility, comfort, simplicity and safety.\" \/>\n<meta name=\"robots\" content=\"index, follow, max-snippet:-1, max-image-preview:large, max-video-preview:-1\" \/>\n<link rel=\"canonical\" href=\"https:\/\/campomatic.com\/it\/politica-di-garanzia\/\" \/>\n<meta property=\"og:locale\" content=\"it_IT\" \/>\n<meta property=\"og:type\" content=\"article\" \/>\n<meta property=\"og:title\" content=\"Politica di garanzia - Campomatic\" \/>\n<meta property=\"og:description\" content=\"CAMPOMATIC was born in 1970 in Campo Sampiero (Padova) Italy as a washing machine &amp; gas cooker brand and has since then expanded to become a global company.CAMPOMATIC aims to be one of the market leaders for digital electronics, home appliances and energy products, with passion for innovation, quality, elegance, environmental responsibility, comfort, simplicity and safety.\" \/>\n<meta property=\"og:url\" content=\"https:\/\/campomatic.com\/it\/politica-di-garanzia\/\" \/>\n<meta property=\"og:site_name\" content=\"Campomatic\" \/>\n<meta property=\"article:publisher\" content=\"https:\/\/www.facebook.com\/Campomatic\/\" \/>\n<meta property=\"article:modified_time\" content=\"2023-03-30T07:59:46+00:00\" \/>\n<meta name=\"twitter:card\" content=\"summary_large_image\" \/>\n<meta name=\"twitter:site\" content=\"@campomatic\" \/>\n<meta name=\"twitter:label1\" content=\"Tempo di lettura stimato\" \/>\n\t<meta name=\"twitter:data1\" content=\"1 minuto\" \/>\n<script type=\"application\/ld+json\" class=\"yoast-schema-graph\">{\"@context\":\"https:\/\/schema.org\",\"@graph\":[{\"@type\":\"WebPage\",\"@id\":\"https:\/\/campomatic.com\/it\/politica-di-garanzia\/\",\"url\":\"https:\/\/campomatic.com\/it\/politica-di-garanzia\/\",\"name\":\"Politica di garanzia - Campomatic\",\"isPartOf\":{\"@id\":\"https:\/\/campomatic.com\/#website\"},\"datePublished\":\"2023-02-13T05:35:11+00:00\",\"dateModified\":\"2023-03-30T07:59:46+00:00\",\"description\":\"CAMPOMATIC was born in 1970 in Campo Sampiero (Padova) Italy as a washing machine & gas cooker brand and has since then expanded to become a global company.CAMPOMATIC aims to be one of the market leaders for digital electronics, home appliances and energy products, with passion for innovation, quality, elegance, environmental responsibility, comfort, simplicity and safety.\",\"breadcrumb\":{\"@id\":\"https:\/\/campomatic.com\/it\/politica-di-garanzia\/#breadcrumb\"},\"inLanguage\":\"it-IT\",\"potentialAction\":[{\"@type\":\"ReadAction\",\"target\":[\"https:\/\/campomatic.com\/it\/politica-di-garanzia\/\"]}]},{\"@type\":\"BreadcrumbList\",\"@id\":\"https:\/\/campomatic.com\/it\/politica-di-garanzia\/#breadcrumb\",\"itemListElement\":[{\"@type\":\"ListItem\",\"position\":1,\"name\":\"Home\",\"item\":\"https:\/\/campomatic.com\/it\/\"},{\"@type\":\"ListItem\",\"position\":2,\"name\":\"Politica di garanzia\"}]},{\"@type\":\"WebSite\",\"@id\":\"https:\/\/campomatic.com\/#website\",\"url\":\"https:\/\/campomatic.com\/\",\"name\":\"Campomatic\",\"description\":\"One of the market leaders for digital electronics, home appliances and Built-in Appliances products\",\"publisher\":{\"@id\":\"https:\/\/campomatic.com\/#organization\"},\"potentialAction\":[{\"@type\":\"SearchAction\",\"target\":{\"@type\":\"EntryPoint\",\"urlTemplate\":\"https:\/\/campomatic.com\/?s={search_term_string}\"},\"query-input\":{\"@type\":\"PropertyValueSpecification\",\"valueRequired\":true,\"valueName\":\"search_term_string\"}}],\"inLanguage\":\"it-IT\"},{\"@type\":\"Organization\",\"@id\":\"https:\/\/campomatic.com\/#organization\",\"name\":\"Campomatic\",\"url\":\"https:\/\/campomatic.com\/\",\"logo\":{\"@type\":\"ImageObject\",\"inLanguage\":\"it-IT\",\"@id\":\"https:\/\/campomatic.com\/#\/schema\/logo\/image\/\",\"url\":\"https:\/\/campomatic.com\/wp-content\/uploads\/2023\/01\/campomatic-logo.gif\",\"contentUrl\":\"https:\/\/campomatic.com\/wp-content\/uploads\/2023\/01\/campomatic-logo.gif\",\"width\":306,\"height\":26,\"caption\":\"Campomatic\"},\"image\":{\"@id\":\"https:\/\/campomatic.com\/#\/schema\/logo\/image\/\"},\"sameAs\":[\"https:\/\/www.facebook.com\/Campomatic\/\",\"https:\/\/x.com\/campomatic\"]}]}<\/script>\n<!-- \/ Yoast SEO plugin. -->","yoast_head_json":{"title":"Politica di garanzia - Campomatic","description":"CAMPOMATIC was born in 1970 in Campo Sampiero (Padova) Italy as a washing machine & gas cooker brand and has since then expanded to become a global company.CAMPOMATIC aims to be one of the market leaders for digital electronics, home appliances and energy products, with passion for innovation, quality, elegance, environmental responsibility, comfort, simplicity and safety.","robots":{"index":"index","follow":"follow","max-snippet":"max-snippet:-1","max-image-preview":"max-image-preview:large","max-video-preview":"max-video-preview:-1"},"canonical":"https:\/\/campomatic.com\/it\/politica-di-garanzia\/","og_locale":"it_IT","og_type":"article","og_title":"Politica di garanzia - Campomatic","og_description":"CAMPOMATIC was born in 1970 in Campo Sampiero (Padova) Italy as a washing machine & gas cooker brand and has since then expanded to become a global company.CAMPOMATIC aims to be one of the market leaders for digital electronics, home appliances and energy products, with passion for innovation, quality, elegance, environmental responsibility, comfort, simplicity and safety.","og_url":"https:\/\/campomatic.com\/it\/politica-di-garanzia\/","og_site_name":"Campomatic","article_publisher":"https:\/\/www.facebook.com\/Campomatic\/","article_modified_time":"2023-03-30T07:59:46+00:00","twitter_card":"summary_large_image","twitter_site":"@campomatic","twitter_misc":{"Tempo di lettura stimato":"1 minuto"},"schema":{"@context":"https:\/\/schema.org","@graph":[{"@type":"WebPage","@id":"https:\/\/campomatic.com\/it\/politica-di-garanzia\/","url":"https:\/\/campomatic.com\/it\/politica-di-garanzia\/","name":"Politica di garanzia - Campomatic","isPartOf":{"@id":"https:\/\/campomatic.com\/#website"},"datePublished":"2023-02-13T05:35:11+00:00","dateModified":"2023-03-30T07:59:46+00:00","description":"CAMPOMATIC was born in 1970 in Campo Sampiero (Padova) Italy as a washing machine & gas cooker brand and has since then expanded to become a global company.CAMPOMATIC aims to be one of the market leaders for digital electronics, home appliances and energy products, with passion for innovation, quality, elegance, environmental responsibility, comfort, simplicity and safety.","breadcrumb":{"@id":"https:\/\/campomatic.com\/it\/politica-di-garanzia\/#breadcrumb"},"inLanguage":"it-IT","potentialAction":[{"@type":"ReadAction","target":["https:\/\/campomatic.com\/it\/politica-di-garanzia\/"]}]},{"@type":"BreadcrumbList","@id":"https:\/\/campomatic.com\/it\/politica-di-garanzia\/#breadcrumb","itemListElement":[{"@type":"ListItem","position":1,"name":"Home","item":"https:\/\/campomatic.com\/it\/"},{"@type":"ListItem","position":2,"name":"Politica di garanzia"}]},{"@type":"WebSite","@id":"https:\/\/campomatic.com\/#website","url":"https:\/\/campomatic.com\/","name":"Campomatic","description":"One of the market leaders for digital electronics, home appliances and Built-in Appliances products","publisher":{"@id":"https:\/\/campomatic.com\/#organization"},"potentialAction":[{"@type":"SearchAction","target":{"@type":"EntryPoint","urlTemplate":"https:\/\/campomatic.com\/?s={search_term_string}"},"query-input":{"@type":"PropertyValueSpecification","valueRequired":true,"valueName":"search_term_string"}}],"inLanguage":"it-IT"},{"@type":"Organization","@id":"https:\/\/campomatic.com\/#organization","name":"Campomatic","url":"https:\/\/campomatic.com\/","logo":{"@type":"ImageObject","inLanguage":"it-IT","@id":"https:\/\/campomatic.com\/#\/schema\/logo\/image\/","url":"https:\/\/campomatic.com\/wp-content\/uploads\/2023\/01\/campomatic-logo.gif","contentUrl":"https:\/\/campomatic.com\/wp-content\/uploads\/2023\/01\/campomatic-logo.gif","width":306,"height":26,"caption":"Campomatic"},"image":{"@id":"https:\/\/campomatic.com\/#\/schema\/logo\/image\/"},"sameAs":["https:\/\/www.facebook.com\/Campomatic\/","https:\/\/x.com\/campomatic"]}]}},"_links":{"self":[{"href":"https:\/\/campomatic.com\/it\/wp-json\/wp\/v2\/pages\/13557","targetHints":{"allow":["GET"]}}],"collection":[{"href":"https:\/\/campomatic.com\/it\/wp-json\/wp\/v2\/pages"}],"about":[{"href":"https:\/\/campomatic.com\/it\/wp-json\/wp\/v2\/types\/page"}],"author":[{"embeddable":true,"href":"https:\/\/campomatic.com\/it\/wp-json\/wp\/v2\/users\/1"}],"replies":[{"embeddable":true,"href":"https:\/\/campomatic.com\/it\/wp-json\/wp\/v2\/comments?post=13557"}],"version-history":[{"count":0,"href":"https:\/\/campomatic.com\/it\/wp-json\/wp\/v2\/pages\/13557\/revisions"}],"wp:attachment":[{"href":"https:\/\/campomatic.com\/it\/wp-json\/wp\/v2\/media?parent=13557"}],"curies":[{"name":"wp","href":"https:\/\/api.w.org\/{rel}","templated":true}]}}