{"id":13643,"date":"2021-10-12T15:51:09","date_gmt":"2021-10-12T12:51:09","guid":{"rendered":"https:\/\/campomatic.net\/?page_id=13643"},"modified":"2023-03-21T11:51:48","modified_gmt":"2023-03-21T09:51:48","slug":"chi-siamo","status":"publish","type":"page","link":"https:\/\/campomatic.com\/it\/chi-siamo\/","title":{"rendered":"Chi Siamo"},"content":{"rendered":"\t\t<div data-elementor-type=\"wp-page\" data-elementor-id=\"13643\" class=\"elementor elementor-13643 elementor-4400\">\n\t\t\t\t\t\t<section class=\"elementor-section elementor-top-section elementor-element elementor-element-3c548bca elementor-reverse-tablet elementor-reverse-mobile elementor-section-boxed elementor-section-height-default elementor-section-height-default wd-section-disabled\" data-id=\"3c548bca\" data-element_type=\"section\" data-e-type=\"section\">\n\t\t\t\t\t\t<div class=\"elementor-container elementor-column-gap-default\">\n\t\t\t\t\t<div class=\"elementor-column elementor-col-50 elementor-top-column elementor-element elementor-element-7a9daa7\" data-id=\"7a9daa7\" data-element_type=\"column\" data-e-type=\"column\">\n\t\t\t<div class=\"elementor-widget-wrap elementor-element-populated\">\n\t\t\t\t\t\t<div class=\"elementor-element elementor-element-18566191 elementor-widget elementor-widget-wd_title\" data-id=\"18566191\" data-element_type=\"widget\" data-e-type=\"widget\" data-widget_type=\"wd_title.default\">\n\t\t\t\t<div class=\"elementor-widget-container\">\n\t\t\t\t\t\t\t<div class=\"title-wrapper set-mb-s reset-last-child wd-title-color-primary wd-title-style-default wd-title-size-large text-left\">\n\n\t\t\t\t\t\t\t<div class=\"title-subtitle subtitle-color-primary subtitle-style-default wd-fontsize-xs\">\n\t\t\t\t\tProfilo Aziendale\t\t\t\t<\/div>\n\t\t\t\n\t\t\t<div class=\"liner-continer\">\n\t\t\t\t<h4 class=\"woodmart-title-container title wd-fontsize-xxl\"><\/h4> \n\t\t\t\t\t\t\t<\/div>\n\n\t\t\t\t\t<\/div>\n\t\t\t\t\t\t<\/div>\n\t\t\t\t<\/div>\n\t\t\t\t<div class=\"elementor-element elementor-element-cf34ae6 elementor-widget elementor-widget-wd_text_block\" data-id=\"cf34ae6\" data-element_type=\"widget\" data-e-type=\"widget\" data-widget_type=\"wd_text_block.default\">\n\t\t\t\t<div class=\"elementor-widget-container\">\n\t\t\t\t\t\t\t<div class=\"wd-text-block reset-last-child text-left\">\n\t\t\t\n\t\t\t<p>CAMPOMATIC \u00e8 nata nel 1970 a Campo Sampiero (Padova) in Italia come marchio di lavatrici e cucine a gas e da allora \u00e8 cresciuta fino a diventare un'azienda globale.<\/p><p>CAMPOMATIC mira ad essere uno dei leader di mercato nell'elettronica digitale, negli elettrodomestici e nei prodotti energetici, con una passione per l'innovazione, la qualit\u00e0, l'eleganza, la responsabilit\u00e0 ambientale, il comfort, la semplicit\u00e0 e la sicurezza.<\/p><p>CAMPOMATIC offre un mondo di nuove possibilit\u00e0 per uno stile di vita digitale oggi e in futuro. La sua vasta gamma di prodotti offre un'entusiasmante miscela di design e tecnologia italiana, in cui lo stile impressionante \u00e8 all'avanguardia e la funzionalit\u00e0 arricchisce l'esperienza dell'utente.<\/p><p>CAMPOMATIC offre una delle pi\u00f9 ampie gamme di prodotti sul mercato, tra cui televisori, dispositivi audio e video, telefoni, elettrodomestici, fornelli, elettrodomestici da incasso, piccoli elettrodomestici da cucina, cura della persona, batterie, lampade, torce e molto altro.<\/p>\n\t\t\t\t\t<\/div>\n\t\t\t\t\t\t<\/div>\n\t\t\t\t<\/div>\n\t\t\t\t\t<\/div>\n\t\t<\/div>\n\t\t\t\t<div class=\"elementor-column elementor-col-50 elementor-top-column elementor-element elementor-element-8863def\" data-id=\"8863def\" data-element_type=\"column\" data-e-type=\"column\">\n\t\t\t<div class=\"elementor-widget-wrap elementor-element-populated\">\n\t\t\t\t\t\t<div class=\"elementor-element elementor-element-199a9c3 elementor-widget elementor-widget-image\" data-id=\"199a9c3\" data-element_type=\"widget\" data-e-type=\"widget\" data-widget_type=\"image.default\">\n\t\t\t\t<div class=\"elementor-widget-container\">\n\t\t\t\t\t\t\t\t\t\t\t\t\t\t\t<img fetchpriority=\"high\" decoding=\"async\" width=\"800\" height=\"600\" src=\"https:\/\/campomatic.com\/wp-content\/uploads\/2023\/02\/About.jpg\" class=\"attachment-full size-full wp-image-11753\" alt=\"\" srcset=\"https:\/\/campomatic.com\/wp-content\/uploads\/2023\/02\/About.jpg 800w, https:\/\/campomatic.com\/wp-content\/uploads\/2023\/02\/About-150x113.jpg 150w, https:\/\/campomatic.com\/wp-content\/uploads\/2023\/02\/About-680x510.jpg 680w, https:\/\/campomatic.com\/wp-content\/uploads\/2023\/02\/About-64x48.jpg 64w, https:\/\/campomatic.com\/wp-content\/uploads\/2023\/02\/About-400x300.jpg 400w, https:\/\/campomatic.com\/wp-content\/uploads\/2023\/02\/About-768x576.jpg 768w\" sizes=\"(max-width: 800px) 100vw, 800px\" \/>\t\t\t\t\t\t\t\t\t\t\t\t\t\t\t<\/div>\n\t\t\t\t<\/div>\n\t\t\t\t\t<\/div>\n\t\t<\/div>\n\t\t\t\t\t<\/div>\n\t\t<\/section>\n\t\t\t\t<section class=\"elementor-section elementor-top-section elementor-element elementor-element-964ece2 elementor-reverse-tablet elementor-reverse-mobile elementor-section-boxed elementor-section-height-default elementor-section-height-default wd-section-disabled\" data-id=\"964ece2\" data-element_type=\"section\" data-e-type=\"section\">\n\t\t\t\t\t\t<div class=\"elementor-container elementor-column-gap-default\">\n\t\t\t\t\t<div class=\"elementor-column elementor-col-100 elementor-top-column elementor-element elementor-element-87e947d\" data-id=\"87e947d\" data-element_type=\"column\" data-e-type=\"column\">\n\t\t\t<div class=\"elementor-widget-wrap elementor-element-populated\">\n\t\t\t\t\t\t<div class=\"elementor-element elementor-element-93e3858 elementor-widget elementor-widget-wd_text_block\" data-id=\"93e3858\" data-element_type=\"widget\" data-e-type=\"widget\" data-widget_type=\"wd_text_block.default\">\n\t\t\t\t<div class=\"elementor-widget-container\">\n\t\t\t\t\t\t\t<div class=\"wd-text-block reset-last-child text-left\">\n\t\t\t\n\t\t\t<p>CAMPOMATIC mantiene il suo impegno per l'innovazione attraverso le sue vaste strutture globali di ricerca e sviluppo.<\/p><p>CAMPOMATIC ha adottato una strategia di produzione globale con 60 stabilimenti dislocati in Italia, Gran Bretagna, Corea del Sud, Turchia, Cina e Vietnam.<\/p><p>Mentre il mondo continua a convergere politicamente ed economicamente, CAMPOMATIC ha consolidato la propria attivit\u00e0 e ora dispone di quattro sedi globali stabilite per soddisfare i nuovi obiettivi strategici dell'azienda. - Ufficio regionale Medio Oriente, Africa e Asia-Pacifico: CAMPOMATIC OFFSHORE S.A.L a Beirut, Libano<\/p><ul><li>Ufficio Regionale Europa &amp; CSI: CAMPOMATIC S.R.L a Padova, Italia.<\/li><li>Ufficio regionale Medio Oriente, Africa e Asia-Pacifico: CAMPOMATIC OFFSHORE S.A.L a Beirut, Libano.<\/li><\/ul>\n\t\t\t\t\t<\/div>\n\t\t\t\t\t\t<\/div>\n\t\t\t\t<\/div>\n\t\t\t\t\t<\/div>\n\t\t<\/div>\n\t\t\t\t\t<\/div>\n\t\t<\/section>\n\t\t\t\t<\/div>\n\t\t","protected":false},"excerpt":{"rendered":"<p>Profilo Aziendale CAMPOMATIC \u00e8 nata nel 1970 a Campo Sampiero (Padova) in Italia come marchio di lavatrici e cucine a<\/p>\n","protected":false},"author":1,"featured_media":0,"parent":0,"menu_order":0,"comment_status":"closed","ping_status":"closed","template":"","meta":{"_acf_changed":false,"footnotes":""},"class_list":["post-13643","page","type-page","status-publish","hentry"],"acf":[],"yoast_head":"<!-- This site is optimized with the Yoast SEO plugin v27.1.1 - https:\/\/yoast.com\/product\/yoast-seo-wordpress\/ -->\n<title>Chi Siamo - Campomatic<\/title>\n<meta name=\"description\" content=\"CAMPOMATIC was born in 1970 in Campo Sampiero (Padova) Italy as a washing machine &amp; gas cooker brand and has since then expanded to become a global company.CAMPOMATIC aims to be one of the market leaders for digital electronics, home appliances and energy products, with passion for innovation, quality, elegance, environmental responsibility, comfort, simplicity and safety.\" \/>\n<meta name=\"robots\" content=\"index, follow, max-snippet:-1, max-image-preview:large, max-video-preview:-1\" \/>\n<link rel=\"canonical\" href=\"https:\/\/campomatic.com\/it\/chi-siamo\/\" \/>\n<meta property=\"og:locale\" content=\"it_IT\" \/>\n<meta property=\"og:type\" content=\"article\" \/>\n<meta property=\"og:title\" content=\"Chi Siamo - Campomatic\" \/>\n<meta property=\"og:description\" content=\"CAMPOMATIC was born in 1970 in Campo Sampiero (Padova) Italy as a washing machine &amp; gas cooker brand and has since then expanded to become a global company.CAMPOMATIC aims to be one of the market leaders for digital electronics, home appliances and energy products, with passion for innovation, quality, elegance, environmental responsibility, comfort, simplicity and safety.\" \/>\n<meta property=\"og:url\" content=\"https:\/\/campomatic.com\/it\/chi-siamo\/\" \/>\n<meta property=\"og:site_name\" content=\"Campomatic\" \/>\n<meta property=\"article:publisher\" content=\"https:\/\/www.facebook.com\/Campomatic\/\" \/>\n<meta property=\"article:modified_time\" content=\"2023-03-21T09:51:48+00:00\" \/>\n<meta property=\"og:image\" content=\"https:\/\/campomatic.com\/wp-content\/uploads\/2023\/02\/About.jpg\" \/>\n<meta name=\"twitter:card\" content=\"summary_large_image\" \/>\n<meta name=\"twitter:site\" content=\"@campomatic\" \/>\n<meta name=\"twitter:label1\" content=\"Tempo di lettura stimato\" \/>\n\t<meta name=\"twitter:data1\" content=\"1 minuto\" \/>\n<script type=\"application\/ld+json\" class=\"yoast-schema-graph\">{\"@context\":\"https:\/\/schema.org\",\"@graph\":[{\"@type\":\"WebPage\",\"@id\":\"https:\/\/campomatic.com\/it\/chi-siamo\/\",\"url\":\"https:\/\/campomatic.com\/it\/chi-siamo\/\",\"name\":\"Chi Siamo - Campomatic\",\"isPartOf\":{\"@id\":\"https:\/\/campomatic.com\/#website\"},\"primaryImageOfPage\":{\"@id\":\"https:\/\/campomatic.com\/it\/chi-siamo\/#primaryimage\"},\"image\":{\"@id\":\"https:\/\/campomatic.com\/it\/chi-siamo\/#primaryimage\"},\"thumbnailUrl\":\"https:\/\/campomatic.com\/wp-content\/uploads\/2023\/02\/About.jpg\",\"datePublished\":\"2021-10-12T12:51:09+00:00\",\"dateModified\":\"2023-03-21T09:51:48+00:00\",\"description\":\"CAMPOMATIC was born in 1970 in Campo Sampiero (Padova) Italy as a washing machine & gas cooker brand and has since then expanded to become a global company.CAMPOMATIC aims to be one of the market leaders for digital electronics, home appliances and energy products, with passion for innovation, quality, elegance, environmental responsibility, comfort, simplicity and safety.\",\"breadcrumb\":{\"@id\":\"https:\/\/campomatic.com\/it\/chi-siamo\/#breadcrumb\"},\"inLanguage\":\"it-IT\",\"potentialAction\":[{\"@type\":\"ReadAction\",\"target\":[\"https:\/\/campomatic.com\/it\/chi-siamo\/\"]}]},{\"@type\":\"ImageObject\",\"inLanguage\":\"it-IT\",\"@id\":\"https:\/\/campomatic.com\/it\/chi-siamo\/#primaryimage\",\"url\":\"https:\/\/campomatic.com\/wp-content\/uploads\/2023\/02\/About.jpg\",\"contentUrl\":\"https:\/\/campomatic.com\/wp-content\/uploads\/2023\/02\/About.jpg\"},{\"@type\":\"BreadcrumbList\",\"@id\":\"https:\/\/campomatic.com\/it\/chi-siamo\/#breadcrumb\",\"itemListElement\":[{\"@type\":\"ListItem\",\"position\":1,\"name\":\"Home\",\"item\":\"https:\/\/campomatic.com\/it\/\"},{\"@type\":\"ListItem\",\"position\":2,\"name\":\"Chi Siamo\"}]},{\"@type\":\"WebSite\",\"@id\":\"https:\/\/campomatic.com\/#website\",\"url\":\"https:\/\/campomatic.com\/\",\"name\":\"Campomatic\",\"description\":\"One of the market leaders for digital electronics, home appliances and Built-in Appliances products\",\"publisher\":{\"@id\":\"https:\/\/campomatic.com\/#organization\"},\"potentialAction\":[{\"@type\":\"SearchAction\",\"target\":{\"@type\":\"EntryPoint\",\"urlTemplate\":\"https:\/\/campomatic.com\/?s={search_term_string}\"},\"query-input\":{\"@type\":\"PropertyValueSpecification\",\"valueRequired\":true,\"valueName\":\"search_term_string\"}}],\"inLanguage\":\"it-IT\"},{\"@type\":\"Organization\",\"@id\":\"https:\/\/campomatic.com\/#organization\",\"name\":\"Campomatic\",\"url\":\"https:\/\/campomatic.com\/\",\"logo\":{\"@type\":\"ImageObject\",\"inLanguage\":\"it-IT\",\"@id\":\"https:\/\/campomatic.com\/#\/schema\/logo\/image\/\",\"url\":\"https:\/\/campomatic.com\/wp-content\/uploads\/2023\/01\/campomatic-logo.gif\",\"contentUrl\":\"https:\/\/campomatic.com\/wp-content\/uploads\/2023\/01\/campomatic-logo.gif\",\"width\":306,\"height\":26,\"caption\":\"Campomatic\"},\"image\":{\"@id\":\"https:\/\/campomatic.com\/#\/schema\/logo\/image\/\"},\"sameAs\":[\"https:\/\/www.facebook.com\/Campomatic\/\",\"https:\/\/x.com\/campomatic\"]}]}<\/script>\n<!-- \/ Yoast SEO plugin. -->","yoast_head_json":{"title":"Chi Siamo - Campomatic","description":"CAMPOMATIC was born in 1970 in Campo Sampiero (Padova) Italy as a washing machine & gas cooker brand and has since then expanded to become a global company.CAMPOMATIC aims to be one of the market leaders for digital electronics, home appliances and energy products, with passion for innovation, quality, elegance, environmental responsibility, comfort, simplicity and safety.","robots":{"index":"index","follow":"follow","max-snippet":"max-snippet:-1","max-image-preview":"max-image-preview:large","max-video-preview":"max-video-preview:-1"},"canonical":"https:\/\/campomatic.com\/it\/chi-siamo\/","og_locale":"it_IT","og_type":"article","og_title":"Chi Siamo - Campomatic","og_description":"CAMPOMATIC was born in 1970 in Campo Sampiero (Padova) Italy as a washing machine & gas cooker brand and has since then expanded to become a global company.CAMPOMATIC aims to be one of the market leaders for digital electronics, home appliances and energy products, with passion for innovation, quality, elegance, environmental responsibility, comfort, simplicity and safety.","og_url":"https:\/\/campomatic.com\/it\/chi-siamo\/","og_site_name":"Campomatic","article_publisher":"https:\/\/www.facebook.com\/Campomatic\/","article_modified_time":"2023-03-21T09:51:48+00:00","og_image":[{"url":"https:\/\/campomatic.com\/wp-content\/uploads\/2023\/02\/About.jpg","type":"","width":"","height":""}],"twitter_card":"summary_large_image","twitter_site":"@campomatic","twitter_misc":{"Tempo di lettura stimato":"1 minuto"},"schema":{"@context":"https:\/\/schema.org","@graph":[{"@type":"WebPage","@id":"https:\/\/campomatic.com\/it\/chi-siamo\/","url":"https:\/\/campomatic.com\/it\/chi-siamo\/","name":"Chi Siamo - Campomatic","isPartOf":{"@id":"https:\/\/campomatic.com\/#website"},"primaryImageOfPage":{"@id":"https:\/\/campomatic.com\/it\/chi-siamo\/#primaryimage"},"image":{"@id":"https:\/\/campomatic.com\/it\/chi-siamo\/#primaryimage"},"thumbnailUrl":"https:\/\/campomatic.com\/wp-content\/uploads\/2023\/02\/About.jpg","datePublished":"2021-10-12T12:51:09+00:00","dateModified":"2023-03-21T09:51:48+00:00","description":"CAMPOMATIC was born in 1970 in Campo Sampiero (Padova) Italy as a washing machine & gas cooker brand and has since then expanded to become a global company.CAMPOMATIC aims to be one of the market leaders for digital electronics, home appliances and energy products, with passion for innovation, quality, elegance, environmental responsibility, comfort, simplicity and safety.","breadcrumb":{"@id":"https:\/\/campomatic.com\/it\/chi-siamo\/#breadcrumb"},"inLanguage":"it-IT","potentialAction":[{"@type":"ReadAction","target":["https:\/\/campomatic.com\/it\/chi-siamo\/"]}]},{"@type":"ImageObject","inLanguage":"it-IT","@id":"https:\/\/campomatic.com\/it\/chi-siamo\/#primaryimage","url":"https:\/\/campomatic.com\/wp-content\/uploads\/2023\/02\/About.jpg","contentUrl":"https:\/\/campomatic.com\/wp-content\/uploads\/2023\/02\/About.jpg"},{"@type":"BreadcrumbList","@id":"https:\/\/campomatic.com\/it\/chi-siamo\/#breadcrumb","itemListElement":[{"@type":"ListItem","position":1,"name":"Home","item":"https:\/\/campomatic.com\/it\/"},{"@type":"ListItem","position":2,"name":"Chi Siamo"}]},{"@type":"WebSite","@id":"https:\/\/campomatic.com\/#website","url":"https:\/\/campomatic.com\/","name":"Campomatic","description":"One of the market leaders for digital electronics, home appliances and Built-in Appliances products","publisher":{"@id":"https:\/\/campomatic.com\/#organization"},"potentialAction":[{"@type":"SearchAction","target":{"@type":"EntryPoint","urlTemplate":"https:\/\/campomatic.com\/?s={search_term_string}"},"query-input":{"@type":"PropertyValueSpecification","valueRequired":true,"valueName":"search_term_string"}}],"inLanguage":"it-IT"},{"@type":"Organization","@id":"https:\/\/campomatic.com\/#organization","name":"Campomatic","url":"https:\/\/campomatic.com\/","logo":{"@type":"ImageObject","inLanguage":"it-IT","@id":"https:\/\/campomatic.com\/#\/schema\/logo\/image\/","url":"https:\/\/campomatic.com\/wp-content\/uploads\/2023\/01\/campomatic-logo.gif","contentUrl":"https:\/\/campomatic.com\/wp-content\/uploads\/2023\/01\/campomatic-logo.gif","width":306,"height":26,"caption":"Campomatic"},"image":{"@id":"https:\/\/campomatic.com\/#\/schema\/logo\/image\/"},"sameAs":["https:\/\/www.facebook.com\/Campomatic\/","https:\/\/x.com\/campomatic"]}]}},"_links":{"self":[{"href":"https:\/\/campomatic.com\/it\/wp-json\/wp\/v2\/pages\/13643","targetHints":{"allow":["GET"]}}],"collection":[{"href":"https:\/\/campomatic.com\/it\/wp-json\/wp\/v2\/pages"}],"about":[{"href":"https:\/\/campomatic.com\/it\/wp-json\/wp\/v2\/types\/page"}],"author":[{"embeddable":true,"href":"https:\/\/campomatic.com\/it\/wp-json\/wp\/v2\/users\/1"}],"replies":[{"embeddable":true,"href":"https:\/\/campomatic.com\/it\/wp-json\/wp\/v2\/comments?post=13643"}],"version-history":[{"count":0,"href":"https:\/\/campomatic.com\/it\/wp-json\/wp\/v2\/pages\/13643\/revisions"}],"wp:attachment":[{"href":"https:\/\/campomatic.com\/it\/wp-json\/wp\/v2\/media?parent=13643"}],"curies":[{"name":"wp","href":"https:\/\/api.w.org\/{rel}","templated":true}]}}