{"id":16529,"date":"2023-05-13T08:22:34","date_gmt":"2023-05-13T05:22:34","guid":{"rendered":"https:\/\/campomatic.com\/product\/wd13ma\/"},"modified":"2023-11-10T10:12:21","modified_gmt":"2023-11-10T08:12:21","slug":"wd13ma","status":"publish","type":"product","link":"https:\/\/campomatic.com\/it\/prodotto\/wd13ma\/","title":{"rendered":"WD13MA"},"content":{"rendered":"\t\t<div data-elementor-type=\"wp-post\" data-elementor-id=\"16529\" class=\"elementor elementor-16529\">\n\t\t\t\t\t\t<section class=\"elementor-section elementor-top-section elementor-element elementor-element-4dfdf086 elementor-section-boxed elementor-section-height-default elementor-section-height-default wd-section-disabled\" data-id=\"4dfdf086\" data-element_type=\"section\" data-e-type=\"section\">\n\t\t\t\t\t\t<div class=\"elementor-container elementor-column-gap-default\">\n\t\t\t\t\t<div class=\"elementor-column elementor-col-100 elementor-top-column elementor-element elementor-element-262abae2\" data-id=\"262abae2\" data-element_type=\"column\" data-e-type=\"column\">\n\t\t\t<div class=\"elementor-widget-wrap elementor-element-populated\">\n\t\t\t\t\t\t<div class=\"elementor-element elementor-element-3f5e673d elementor-widget elementor-widget-image\" data-id=\"3f5e673d\" data-element_type=\"widget\" data-e-type=\"widget\" data-widget_type=\"image.default\">\n\t\t\t\t<div class=\"elementor-widget-container\">\n\t\t\t\t\t\t\t\t\t\t\t\t\t\t\t<img fetchpriority=\"high\" decoding=\"async\" width=\"632\" height=\"481\" src=\"https:\/\/campomatic.com\/wp-content\/uploads\/2023\/02\/BLDC.jpg\" class=\"attachment-large size-large wp-image-13401\" alt=\"\" srcset=\"https:\/\/campomatic.com\/wp-content\/uploads\/2023\/02\/BLDC.jpg 632w, https:\/\/campomatic.com\/wp-content\/uploads\/2023\/02\/BLDC-150x114.jpg 150w, https:\/\/campomatic.com\/wp-content\/uploads\/2023\/02\/BLDC-64x49.jpg 64w, https:\/\/campomatic.com\/wp-content\/uploads\/2023\/02\/BLDC-394x300.jpg 394w\" sizes=\"(max-width: 632px) 100vw, 632px\" \/>\t\t\t\t\t\t\t\t\t\t\t\t\t\t\t<\/div>\n\t\t\t\t<\/div>\n\t\t\t\t<div class=\"elementor-element elementor-element-19673e39 elementor-widget elementor-widget-wd_title\" data-id=\"19673e39\" data-element_type=\"widget\" data-e-type=\"widget\" data-widget_type=\"wd_title.default\">\n\t\t\t\t<div class=\"elementor-widget-container\">\n\t\t\t\t\t\t\t<div class=\"title-wrapper set-mb-s reset-last-child wd-title-color-default wd-title-style-default wd-title-size-default text-center\">\n\n\t\t\t\n\t\t\t<div class=\"liner-continer\">\n\t\t\t\t<h2 class=\"woodmart-title-container title wd-fontsize-l\">Motore inverter BLDC<br \/>\n<\/h2> \n\t\t\t\t\t\t\t<\/div>\n\n\t\t\t\t\t\t\t<div class=\"title-after_title set-cont-mb-s reset-last-child wd-fontsize-xs\">\n\t\t\t\t\tRispetto ai motori universali, i motori BLDC Brushless generano meno calore, consumano meno elettricit\u00e0 e sono altamente efficienti, con un consumo di elettricit\u00e0 inferiore del 70%. Poich\u00e9 il motore BLDC non ha spazzole di carbone, le macchine durano pi\u00f9 a lungo e richiedono meno riparazioni.\t\t\t\t<\/div>\n\t\t\t\t\t<\/div>\n\t\t\t\t\t\t<\/div>\n\t\t\t\t<\/div>\n\t\t\t\t\t<\/div>\n\t\t<\/div>\n\t\t\t\t\t<\/div>\n\t\t<\/section>\n\t\t\t\t<\/div>\n\t\t","protected":false},"excerpt":{"rendered":"<p>Motore inverter BLDC Rispetto ai motori universali, i motori BLDC Brushless generano meno calore, consumano meno elettricit\u00e0 e sono altamente<\/p>\n","protected":false},"featured_media":13125,"template":"","meta":{"_acf_changed":false},"product_brand":[],"product_cat":[975],"product_tag":[],"class_list":{"0":"post-16529","1":"product","2":"type-product","3":"status-publish","4":"has-post-thumbnail","6":"product_cat-lavasciuga","8":"first","9":"instock","10":"sale","11":"taxable","12":"shipping-taxable","13":"purchasable","14":"product-type-simple"},"acf":[],"yoast_head":"<!-- This site is optimized with the Yoast SEO plugin v27.1.1 - https:\/\/yoast.com\/product\/yoast-seo-wordpress\/ -->\n<title>WD13MA - Campomatic<\/title>\n<meta name=\"robots\" content=\"index, follow, max-snippet:-1, max-image-preview:large, max-video-preview:-1\" \/>\n<link rel=\"canonical\" href=\"https:\/\/campomatic.com\/it\/prodotto\/wd13ma\/\" \/>\n<meta property=\"og:locale\" content=\"it_IT\" \/>\n<meta property=\"og:type\" content=\"article\" \/>\n<meta property=\"og:title\" content=\"WD13MA - Campomatic\" \/>\n<meta property=\"og:description\" content=\"Motore inverter BLDC Rispetto ai motori universali, i motori BLDC Brushless generano meno calore, consumano meno elettricit\u00e0 e sono altamente\" \/>\n<meta property=\"og:url\" content=\"https:\/\/campomatic.com\/it\/prodotto\/wd13ma\/\" \/>\n<meta property=\"og:site_name\" content=\"Campomatic\" \/>\n<meta property=\"article:publisher\" content=\"https:\/\/www.facebook.com\/Campomatic\/\" \/>\n<meta property=\"article:modified_time\" content=\"2023-11-10T08:12:21+00:00\" \/>\n<meta property=\"og:image\" content=\"https:\/\/campomatic.com\/wp-content\/uploads\/2023\/01\/WD13TX-13Kg-1.jpg\" \/>\n\t<meta property=\"og:image:width\" content=\"680\" \/>\n\t<meta property=\"og:image:height\" content=\"900\" \/>\n\t<meta property=\"og:image:type\" content=\"image\/jpeg\" \/>\n<meta name=\"twitter:card\" content=\"summary_large_image\" \/>\n<meta name=\"twitter:site\" content=\"@campomatic\" \/>\n<script type=\"application\/ld+json\" class=\"yoast-schema-graph\">{\"@context\":\"https:\/\/schema.org\",\"@graph\":[{\"@type\":\"WebPage\",\"@id\":\"https:\/\/campomatic.com\/it\/prodotto\/wd13ma\/\",\"url\":\"https:\/\/campomatic.com\/it\/prodotto\/wd13ma\/\",\"name\":\"WD13MA - Campomatic\",\"isPartOf\":{\"@id\":\"https:\/\/campomatic.com\/#website\"},\"primaryImageOfPage\":{\"@id\":\"https:\/\/campomatic.com\/it\/prodotto\/wd13ma\/#primaryimage\"},\"image\":{\"@id\":\"https:\/\/campomatic.com\/it\/prodotto\/wd13ma\/#primaryimage\"},\"thumbnailUrl\":\"https:\/\/campomatic.com\/wp-content\/uploads\/2023\/01\/WD13TX-13Kg-1.jpg\",\"datePublished\":\"2023-05-13T05:22:34+00:00\",\"dateModified\":\"2023-11-10T08:12:21+00:00\",\"breadcrumb\":{\"@id\":\"https:\/\/campomatic.com\/it\/prodotto\/wd13ma\/#breadcrumb\"},\"inLanguage\":\"it-IT\",\"potentialAction\":[{\"@type\":\"ReadAction\",\"target\":[\"https:\/\/campomatic.com\/it\/prodotto\/wd13ma\/\"]}]},{\"@type\":\"ImageObject\",\"inLanguage\":\"it-IT\",\"@id\":\"https:\/\/campomatic.com\/it\/prodotto\/wd13ma\/#primaryimage\",\"url\":\"https:\/\/campomatic.com\/wp-content\/uploads\/2023\/01\/WD13TX-13Kg-1.jpg\",\"contentUrl\":\"https:\/\/campomatic.com\/wp-content\/uploads\/2023\/01\/WD13TX-13Kg-1.jpg\",\"width\":680,\"height\":900},{\"@type\":\"BreadcrumbList\",\"@id\":\"https:\/\/campomatic.com\/it\/prodotto\/wd13ma\/#breadcrumb\",\"itemListElement\":[{\"@type\":\"ListItem\",\"position\":1,\"name\":\"Home\",\"item\":\"https:\/\/campomatic.com\/it\/\"},{\"@type\":\"ListItem\",\"position\":2,\"name\":\"All Products\",\"item\":\"https:\/\/campomatic.com\/shop\/\"},{\"@type\":\"ListItem\",\"position\":3,\"name\":\"WD13MA\"}]},{\"@type\":\"WebSite\",\"@id\":\"https:\/\/campomatic.com\/#website\",\"url\":\"https:\/\/campomatic.com\/\",\"name\":\"Campomatic\",\"description\":\"One of the market leaders for digital electronics, home appliances and Built-in Appliances products\",\"publisher\":{\"@id\":\"https:\/\/campomatic.com\/#organization\"},\"potentialAction\":[{\"@type\":\"SearchAction\",\"target\":{\"@type\":\"EntryPoint\",\"urlTemplate\":\"https:\/\/campomatic.com\/?s={search_term_string}\"},\"query-input\":{\"@type\":\"PropertyValueSpecification\",\"valueRequired\":true,\"valueName\":\"search_term_string\"}}],\"inLanguage\":\"it-IT\"},{\"@type\":\"Organization\",\"@id\":\"https:\/\/campomatic.com\/#organization\",\"name\":\"Campomatic\",\"url\":\"https:\/\/campomatic.com\/\",\"logo\":{\"@type\":\"ImageObject\",\"inLanguage\":\"it-IT\",\"@id\":\"https:\/\/campomatic.com\/#\/schema\/logo\/image\/\",\"url\":\"https:\/\/campomatic.com\/wp-content\/uploads\/2023\/01\/campomatic-logo.gif\",\"contentUrl\":\"https:\/\/campomatic.com\/wp-content\/uploads\/2023\/01\/campomatic-logo.gif\",\"width\":306,\"height\":26,\"caption\":\"Campomatic\"},\"image\":{\"@id\":\"https:\/\/campomatic.com\/#\/schema\/logo\/image\/\"},\"sameAs\":[\"https:\/\/www.facebook.com\/Campomatic\/\",\"https:\/\/x.com\/campomatic\"]}]}<\/script>\n<!-- \/ Yoast SEO plugin. -->","yoast_head_json":{"title":"WD13MA - Campomatic","robots":{"index":"index","follow":"follow","max-snippet":"max-snippet:-1","max-image-preview":"max-image-preview:large","max-video-preview":"max-video-preview:-1"},"canonical":"https:\/\/campomatic.com\/it\/prodotto\/wd13ma\/","og_locale":"it_IT","og_type":"article","og_title":"WD13MA - Campomatic","og_description":"Motore inverter BLDC Rispetto ai motori universali, i motori BLDC Brushless generano meno calore, consumano meno elettricit\u00e0 e sono altamente","og_url":"https:\/\/campomatic.com\/it\/prodotto\/wd13ma\/","og_site_name":"Campomatic","article_publisher":"https:\/\/www.facebook.com\/Campomatic\/","article_modified_time":"2023-11-10T08:12:21+00:00","og_image":[{"width":680,"height":900,"url":"https:\/\/campomatic.com\/wp-content\/uploads\/2023\/01\/WD13TX-13Kg-1.jpg","type":"image\/jpeg"}],"twitter_card":"summary_large_image","twitter_site":"@campomatic","schema":{"@context":"https:\/\/schema.org","@graph":[{"@type":"WebPage","@id":"https:\/\/campomatic.com\/it\/prodotto\/wd13ma\/","url":"https:\/\/campomatic.com\/it\/prodotto\/wd13ma\/","name":"WD13MA - Campomatic","isPartOf":{"@id":"https:\/\/campomatic.com\/#website"},"primaryImageOfPage":{"@id":"https:\/\/campomatic.com\/it\/prodotto\/wd13ma\/#primaryimage"},"image":{"@id":"https:\/\/campomatic.com\/it\/prodotto\/wd13ma\/#primaryimage"},"thumbnailUrl":"https:\/\/campomatic.com\/wp-content\/uploads\/2023\/01\/WD13TX-13Kg-1.jpg","datePublished":"2023-05-13T05:22:34+00:00","dateModified":"2023-11-10T08:12:21+00:00","breadcrumb":{"@id":"https:\/\/campomatic.com\/it\/prodotto\/wd13ma\/#breadcrumb"},"inLanguage":"it-IT","potentialAction":[{"@type":"ReadAction","target":["https:\/\/campomatic.com\/it\/prodotto\/wd13ma\/"]}]},{"@type":"ImageObject","inLanguage":"it-IT","@id":"https:\/\/campomatic.com\/it\/prodotto\/wd13ma\/#primaryimage","url":"https:\/\/campomatic.com\/wp-content\/uploads\/2023\/01\/WD13TX-13Kg-1.jpg","contentUrl":"https:\/\/campomatic.com\/wp-content\/uploads\/2023\/01\/WD13TX-13Kg-1.jpg","width":680,"height":900},{"@type":"BreadcrumbList","@id":"https:\/\/campomatic.com\/it\/prodotto\/wd13ma\/#breadcrumb","itemListElement":[{"@type":"ListItem","position":1,"name":"Home","item":"https:\/\/campomatic.com\/it\/"},{"@type":"ListItem","position":2,"name":"All Products","item":"https:\/\/campomatic.com\/shop\/"},{"@type":"ListItem","position":3,"name":"WD13MA"}]},{"@type":"WebSite","@id":"https:\/\/campomatic.com\/#website","url":"https:\/\/campomatic.com\/","name":"Campomatic","description":"One of the market leaders for digital electronics, home appliances and Built-in Appliances products","publisher":{"@id":"https:\/\/campomatic.com\/#organization"},"potentialAction":[{"@type":"SearchAction","target":{"@type":"EntryPoint","urlTemplate":"https:\/\/campomatic.com\/?s={search_term_string}"},"query-input":{"@type":"PropertyValueSpecification","valueRequired":true,"valueName":"search_term_string"}}],"inLanguage":"it-IT"},{"@type":"Organization","@id":"https:\/\/campomatic.com\/#organization","name":"Campomatic","url":"https:\/\/campomatic.com\/","logo":{"@type":"ImageObject","inLanguage":"it-IT","@id":"https:\/\/campomatic.com\/#\/schema\/logo\/image\/","url":"https:\/\/campomatic.com\/wp-content\/uploads\/2023\/01\/campomatic-logo.gif","contentUrl":"https:\/\/campomatic.com\/wp-content\/uploads\/2023\/01\/campomatic-logo.gif","width":306,"height":26,"caption":"Campomatic"},"image":{"@id":"https:\/\/campomatic.com\/#\/schema\/logo\/image\/"},"sameAs":["https:\/\/www.facebook.com\/Campomatic\/","https:\/\/x.com\/campomatic"]}]}},"_links":{"self":[{"href":"https:\/\/campomatic.com\/it\/wp-json\/wp\/v2\/product\/16529","targetHints":{"allow":["GET"]}}],"collection":[{"href":"https:\/\/campomatic.com\/it\/wp-json\/wp\/v2\/product"}],"about":[{"href":"https:\/\/campomatic.com\/it\/wp-json\/wp\/v2\/types\/product"}],"version-history":[{"count":0,"href":"https:\/\/campomatic.com\/it\/wp-json\/wp\/v2\/product\/16529\/revisions"}],"wp:featuredmedia":[{"embeddable":true,"href":"https:\/\/campomatic.com\/it\/wp-json\/wp\/v2\/media\/13125"}],"wp:attachment":[{"href":"https:\/\/campomatic.com\/it\/wp-json\/wp\/v2\/media?parent=16529"}],"wp:term":[{"taxonomy":"product_brand","embeddable":true,"href":"https:\/\/campomatic.com\/it\/wp-json\/wp\/v2\/product_brand?post=16529"},{"taxonomy":"product_cat","embeddable":true,"href":"https:\/\/campomatic.com\/it\/wp-json\/wp\/v2\/product_cat?post=16529"},{"taxonomy":"product_tag","embeddable":true,"href":"https:\/\/campomatic.com\/it\/wp-json\/wp\/v2\/product_tag?post=16529"}],"curies":[{"name":"wp","href":"https:\/\/api.w.org\/{rel}","templated":true}]}}